{"id":316073,"date":"2024-11-21T16:55:46","date_gmt":"2024-11-21T15:55:46","guid":{"rendered":"https:\/\/rwp.rizoma.com\/negozio\/protection-lateral-shape-pm166\/"},"modified":"2025-12-18T00:36:29","modified_gmt":"2025-12-17T23:36:29","slug":"protection-lateral-shape-pm166","status":"publish","type":"product","link":"https:\/\/www.rizoma.com\/fr\/negozio\/protections-lateral\/PM166\/protection-lateral-shape-pm166\/motorbike\/6726\/kawasaki\/z-1000\/","title":{"rendered":"Protection lat\u00e9ral Shape"},"content":{"rendered":"<p>Chaque protection de moteur Rizoma est sp\u00e9cifiquement d\u00e9velopp\u00e9e pour le mod\u00e8le de moto auquel elle est destin\u00e9e, afin de garantir une compatibilit\u00e9 et une fonctionnalit\u00e9 optimales, ainsi qu\u2019un montage simple et rapide. Elle est enti\u00e8rement taill\u00e9e dans la masse d\u2019aluminium, un mat\u00e9riau l\u00e9ger mais r\u00e9sistant qui est ensuite soumis \u00e0 un traitement d\u2019anodisation pour un r\u00e9sultat esth\u00e9tique plus durable.<\/p>\n","protected":false},"excerpt":{"rendered":"<p>Chaque protection de moteur Rizoma est sp\u00e9cifiquement d\u00e9velopp\u00e9e pour le mod\u00e8le de moto auquel elle est destin\u00e9e, afin de garantir une compatibilit\u00e9 et une fonctionnalit\u00e9 optimales, ainsi qu\u2019un montage simple et rapide. Elle est enti\u00e8rement taill\u00e9e dans la masse d\u2019aluminium, un mat\u00e9riau l\u00e9ger mais r\u00e9sistant qui est ensuite soumis \u00e0 un traitement d\u2019anodisation pour un [&hellip;]<\/p>\n","protected":false},"featured_media":296557,"template":"","meta":{"_acf_changed":false},"rizoma_assembly_time":[42664],"rizoma_bike":[],"rizoma_division":[42651],"rizoma_family":[],"rizoma_model_category":[],"rizoma_product_template":[],"product_brand":[],"product_cat":[42756],"product_tag":[],"class_list":{"0":"post-316073","1":"product","2":"type-product","3":"status-publish","4":"has-post-thumbnail","6":"product_cat-protections-lateral","8":"first","9":"instock","10":"sale","11":"taxable","12":"shipping-taxable","13":"purchasable","14":"product-type-variable"},"acf":[],"_links":{"self":[{"href":"https:\/\/www.rizoma.com\/fr\/wp-json\/wp\/v2\/product\/316073","targetHints":{"allow":["GET"]}}],"collection":[{"href":"https:\/\/www.rizoma.com\/fr\/wp-json\/wp\/v2\/product"}],"about":[{"href":"https:\/\/www.rizoma.com\/fr\/wp-json\/wp\/v2\/types\/product"}],"wp:featuredmedia":[{"embeddable":true,"href":"https:\/\/www.rizoma.com\/fr\/wp-json\/wp\/v2\/media\/296557"}],"wp:attachment":[{"href":"https:\/\/www.rizoma.com\/fr\/wp-json\/wp\/v2\/media?parent=316073"}],"wp:term":[{"taxonomy":"rizoma_assembly_time","embeddable":true,"href":"https:\/\/www.rizoma.com\/fr\/wp-json\/wp\/v2\/rizoma_assembly_time?post=316073"},{"taxonomy":"rizoma_bike","embeddable":true,"href":"https:\/\/www.rizoma.com\/fr\/wp-json\/wp\/v2\/rizoma_bike?post=316073"},{"taxonomy":"rizoma_division","embeddable":true,"href":"https:\/\/www.rizoma.com\/fr\/wp-json\/wp\/v2\/rizoma_division?post=316073"},{"taxonomy":"rizoma_family","embeddable":true,"href":"https:\/\/www.rizoma.com\/fr\/wp-json\/wp\/v2\/rizoma_family?post=316073"},{"taxonomy":"rizoma_model_category","embeddable":true,"href":"https:\/\/www.rizoma.com\/fr\/wp-json\/wp\/v2\/rizoma_model_category?post=316073"},{"taxonomy":"rizoma_product_template","embeddable":true,"href":"https:\/\/www.rizoma.com\/fr\/wp-json\/wp\/v2\/rizoma_product_template?post=316073"},{"taxonomy":"product_brand","embeddable":true,"href":"https:\/\/www.rizoma.com\/fr\/wp-json\/wp\/v2\/product_brand?post=316073"},{"taxonomy":"product_cat","embeddable":true,"href":"https:\/\/www.rizoma.com\/fr\/wp-json\/wp\/v2\/product_cat?post=316073"},{"taxonomy":"product_tag","embeddable":true,"href":"https:\/\/www.rizoma.com\/fr\/wp-json\/wp\/v2\/product_tag?post=316073"}],"curies":[{"name":"wp","href":"https:\/\/api.w.org\/{rel}","templated":true}]}}