{"id":316063,"date":"2024-11-21T16:55:34","date_gmt":"2024-11-21T15:55:34","guid":{"rendered":"https:\/\/rwp.rizoma.com\/negozio\/protections-lateral-sport-r-pm120\/"},"modified":"2025-01-14T11:53:09","modified_gmt":"2025-01-14T10:53:09","slug":"protections-lateral-sport-r-pm120","status":"publish","type":"product","link":"https:\/\/www.rizoma.com\/fr\/negozio\/protections-lateral\/PM120\/protections-lateral-sport-r-pm120\/","title":{"rendered":"Protections lat\u00e9ral Sport R"},"content":{"rendered":"<p>Les protections SPORT R Rizoma sont sp\u00e9cifiquement d\u00e9velopp\u00e9es pour le mod\u00e8le de moto auquel elles sont destin\u00e9es, afin de garantir une compatibilit\u00e9 et une fonctionnalit\u00e9 optimales, ainsi qu\u2019un montage simple et rapide.<br \/>La partie structurelle est taill\u00e9e dans la masse d\u2019aluminium, et le slider est en Delrin\u00ae afin de pouvoir le remplacer facilement en cas de chute. Con\u00e7ues tout particuli\u00e8rement pour les motos super sportives et leur utilisation sur circuit, elles expriment le soin extr\u00eame apport\u00e9 aux d\u00e9tails et, au-del\u00e0 de leur utilisation fonctionnelle, elles deviennent \u00e9galement un \u00e9l\u00e9ment de design.<\/p>\n","protected":false},"excerpt":{"rendered":"<p>Les protections SPORT R Rizoma sont sp\u00e9cifiquement d\u00e9velopp\u00e9es pour le mod\u00e8le de moto auquel elles sont destin\u00e9es, afin de garantir une compatibilit\u00e9 et une fonctionnalit\u00e9 optimales, ainsi qu\u2019un montage simple et rapide.La partie structurelle est taill\u00e9e dans la masse d\u2019aluminium, et le slider est en Delrin\u00ae afin de pouvoir le remplacer facilement en cas de [&hellip;]<\/p>\n","protected":false},"featured_media":297717,"template":"","meta":{"_acf_changed":false},"rizoma_assembly_time":[42675],"rizoma_bike":[42347,42145,42348,42099],"rizoma_division":[42651],"rizoma_family":[],"rizoma_model_category":[],"rizoma_product_template":[],"product_brand":[],"product_cat":[42756],"product_tag":[],"class_list":{"0":"post-316063","1":"product","2":"type-product","3":"status-publish","4":"has-post-thumbnail","6":"rizoma_bike-cb-1000-r-2021-22","7":"rizoma_bike-cb-1000-r-neo-sport-cafe-2019-20","8":"rizoma_bike-cb-1000-r-black-edition-2021-22","9":"rizoma_bike-cb-1000-r-neo-sport-cafe-2018-20","10":"product_cat-protections-lateral","12":"first","13":"instock","14":"taxable","15":"shipping-taxable","16":"purchasable","17":"product-type-variable"},"acf":[],"_links":{"self":[{"href":"https:\/\/www.rizoma.com\/fr\/wp-json\/wp\/v2\/product\/316063","targetHints":{"allow":["GET"]}}],"collection":[{"href":"https:\/\/www.rizoma.com\/fr\/wp-json\/wp\/v2\/product"}],"about":[{"href":"https:\/\/www.rizoma.com\/fr\/wp-json\/wp\/v2\/types\/product"}],"wp:featuredmedia":[{"embeddable":true,"href":"https:\/\/www.rizoma.com\/fr\/wp-json\/wp\/v2\/media\/297717"}],"wp:attachment":[{"href":"https:\/\/www.rizoma.com\/fr\/wp-json\/wp\/v2\/media?parent=316063"}],"wp:term":[{"taxonomy":"rizoma_assembly_time","embeddable":true,"href":"https:\/\/www.rizoma.com\/fr\/wp-json\/wp\/v2\/rizoma_assembly_time?post=316063"},{"taxonomy":"rizoma_bike","embeddable":true,"href":"https:\/\/www.rizoma.com\/fr\/wp-json\/wp\/v2\/rizoma_bike?post=316063"},{"taxonomy":"rizoma_division","embeddable":true,"href":"https:\/\/www.rizoma.com\/fr\/wp-json\/wp\/v2\/rizoma_division?post=316063"},{"taxonomy":"rizoma_family","embeddable":true,"href":"https:\/\/www.rizoma.com\/fr\/wp-json\/wp\/v2\/rizoma_family?post=316063"},{"taxonomy":"rizoma_model_category","embeddable":true,"href":"https:\/\/www.rizoma.com\/fr\/wp-json\/wp\/v2\/rizoma_model_category?post=316063"},{"taxonomy":"rizoma_product_template","embeddable":true,"href":"https:\/\/www.rizoma.com\/fr\/wp-json\/wp\/v2\/rizoma_product_template?post=316063"},{"taxonomy":"product_brand","embeddable":true,"href":"https:\/\/www.rizoma.com\/fr\/wp-json\/wp\/v2\/product_brand?post=316063"},{"taxonomy":"product_cat","embeddable":true,"href":"https:\/\/www.rizoma.com\/fr\/wp-json\/wp\/v2\/product_cat?post=316063"},{"taxonomy":"product_tag","embeddable":true,"href":"https:\/\/www.rizoma.com\/fr\/wp-json\/wp\/v2\/product_tag?post=316063"}],"curies":[{"name":"wp","href":"https:\/\/api.w.org\/{rel}","templated":true}]}}