{"id":316058,"date":"2024-11-21T16:55:28","date_gmt":"2024-11-21T15:55:28","guid":{"rendered":"https:\/\/rwp.rizoma.com\/negozio\/protection-carter-moteur-shape-pm118\/"},"modified":"2025-01-14T11:54:14","modified_gmt":"2025-01-14T10:54:14","slug":"protection-carter-moteur-shape-pm118","status":"publish","type":"product","link":"https:\/\/www.rizoma.com\/fr\/negozio\/protections-lateral\/PM118\/protection-carter-moteur-shape-pm118\/","title":{"rendered":"Protection carter moteur Shape"},"content":{"rendered":"<p>Chaque protection Rizoma est sp\u00e9cifiquement d\u00e9velopp\u00e9e pour le mod\u00e8le de moto auquel elle est destin\u00e9e, afin de garantir une compatibilit\u00e9 et une fonctionnalit\u00e9 optimales, ainsi qu\u2019un montage simple et rapide. Elle est enti\u00e8rement taill\u00e9e dans la masse d\u2019aluminium, un mat\u00e9riau l\u00e9ger mais r\u00e9sistant qui est ensuite soumis \u00e0 un traitement d\u2019anodisation pour un r\u00e9sultat esth\u00e9tique plus durable. De plus, la protection du carter de moteur Rizoma est dot\u00e9e d\u2019un slider en Delrin\u00ae rempla\u00e7able.<\/p>\n","protected":false},"excerpt":{"rendered":"<p>Chaque protection Rizoma est sp\u00e9cifiquement d\u00e9velopp\u00e9e pour le mod\u00e8le de moto auquel elle est destin\u00e9e, afin de garantir une compatibilit\u00e9 et une fonctionnalit\u00e9 optimales, ainsi qu\u2019un montage simple et rapide. Elle est enti\u00e8rement taill\u00e9e dans la masse d\u2019aluminium, un mat\u00e9riau l\u00e9ger mais r\u00e9sistant qui est ensuite soumis \u00e0 un traitement d\u2019anodisation pour un r\u00e9sultat esth\u00e9tique [&hellip;]<\/p>\n","protected":false},"featured_media":297047,"template":"","meta":{"_acf_changed":false},"rizoma_assembly_time":[42664],"rizoma_bike":[42165,42315,43869,43870],"rizoma_division":[42651],"rizoma_family":[42935],"rizoma_model_category":[],"rizoma_product_template":[],"product_brand":[],"product_cat":[42756],"product_tag":[],"class_list":{"0":"post-316058","1":"product","2":"type-product","3":"status-publish","4":"has-post-thumbnail","6":"rizoma_bike-cb-650-r-2019-20","7":"rizoma_bike-cb-650-r-2021-23","8":"rizoma_bike-cb-650-r-2024-25","9":"rizoma_bike-cb-650-r-e-clutch-2024-26","10":"product_cat-protections-lateral","12":"first","13":"instock","14":"taxable","15":"shipping-taxable","16":"purchasable","17":"product-type-variable"},"acf":[],"_links":{"self":[{"href":"https:\/\/www.rizoma.com\/fr\/wp-json\/wp\/v2\/product\/316058","targetHints":{"allow":["GET"]}}],"collection":[{"href":"https:\/\/www.rizoma.com\/fr\/wp-json\/wp\/v2\/product"}],"about":[{"href":"https:\/\/www.rizoma.com\/fr\/wp-json\/wp\/v2\/types\/product"}],"wp:featuredmedia":[{"embeddable":true,"href":"https:\/\/www.rizoma.com\/fr\/wp-json\/wp\/v2\/media\/297047"}],"wp:attachment":[{"href":"https:\/\/www.rizoma.com\/fr\/wp-json\/wp\/v2\/media?parent=316058"}],"wp:term":[{"taxonomy":"rizoma_assembly_time","embeddable":true,"href":"https:\/\/www.rizoma.com\/fr\/wp-json\/wp\/v2\/rizoma_assembly_time?post=316058"},{"taxonomy":"rizoma_bike","embeddable":true,"href":"https:\/\/www.rizoma.com\/fr\/wp-json\/wp\/v2\/rizoma_bike?post=316058"},{"taxonomy":"rizoma_division","embeddable":true,"href":"https:\/\/www.rizoma.com\/fr\/wp-json\/wp\/v2\/rizoma_division?post=316058"},{"taxonomy":"rizoma_family","embeddable":true,"href":"https:\/\/www.rizoma.com\/fr\/wp-json\/wp\/v2\/rizoma_family?post=316058"},{"taxonomy":"rizoma_model_category","embeddable":true,"href":"https:\/\/www.rizoma.com\/fr\/wp-json\/wp\/v2\/rizoma_model_category?post=316058"},{"taxonomy":"rizoma_product_template","embeddable":true,"href":"https:\/\/www.rizoma.com\/fr\/wp-json\/wp\/v2\/rizoma_product_template?post=316058"},{"taxonomy":"product_brand","embeddable":true,"href":"https:\/\/www.rizoma.com\/fr\/wp-json\/wp\/v2\/product_brand?post=316058"},{"taxonomy":"product_cat","embeddable":true,"href":"https:\/\/www.rizoma.com\/fr\/wp-json\/wp\/v2\/product_cat?post=316058"},{"taxonomy":"product_tag","embeddable":true,"href":"https:\/\/www.rizoma.com\/fr\/wp-json\/wp\/v2\/product_tag?post=316058"}],"curies":[{"name":"wp","href":"https:\/\/api.w.org\/{rel}","templated":true}]}}