{"id":315898,"date":"2024-11-21T16:51:54","date_gmt":"2024-11-21T15:51:54","guid":{"rendered":"https:\/\/rwp.rizoma.com\/negozio\/kit-de-montage-multifit-proguard-system-lpr200\/"},"modified":"2025-05-29T04:09:18","modified_gmt":"2025-05-29T02:09:18","slug":"kit-de-montage-multifit-proguard-system-lpr200","status":"publish","type":"product","link":"https:\/\/www.rizoma.com\/fr\/negozio\/proguard-system\/LPR200\/kit-de-montage-multifit-proguard-system-lpr200\/","title":{"rendered":"Kit de montage Multifit PROGUARD SYSTEM\u00ae"},"content":{"rendered":"<p>L\u2019adaptateur LPR200B (Aluminium ALLOY &#8211; Poids 40 g) permet le montage du PROGUARD SYSTEM\u00ae Rizoma, en version STREET ou SPORT sur des guidons avec un trou int\u00e9rieur de 14,5 \u00e0 20 mm de diam\u00e8tre gr\u00e2ce aux mandrins expansibles contenus dans le kit.<\/p>\n","protected":false},"excerpt":{"rendered":"<p>L\u2019adaptateur LPR200B (Aluminium ALLOY &#8211; Poids 40 g) permet le montage du PROGUARD SYSTEM\u00ae Rizoma, en version STREET ou SPORT sur des guidons avec un trou int\u00e9rieur de 14,5 \u00e0 20 mm de diam\u00e8tre gr\u00e2ce aux mandrins expansibles contenus dans le kit.<\/p>\n","protected":false},"featured_media":299287,"template":"","meta":{"_acf_changed":false},"rizoma_assembly_time":[42664],"rizoma_bike":[42146,42194,41876,42054,41877],"rizoma_division":[42651],"rizoma_family":[42724],"rizoma_model_category":[],"rizoma_product_template":[],"product_brand":[],"product_cat":[42729],"product_tag":[],"class_list":{"0":"post-315898","1":"product","2":"type-product","3":"status-publish","4":"has-post-thumbnail","6":"rizoma_bike-katana-1000-2019-20","7":"rizoma_bike-katana-1000-jindachi-2019-20","8":"rizoma_bike-scrambler-800-classic-2015-16","9":"rizoma_bike-scrambler-800-classic-2017-18","10":"rizoma_bike-scrambler-800-full-throttle-2015-16","11":"product_cat-proguard-system","13":"first","14":"instock","15":"taxable","16":"shipping-taxable","17":"purchasable","18":"product-type-variable"},"acf":[],"_links":{"self":[{"href":"https:\/\/www.rizoma.com\/fr\/wp-json\/wp\/v2\/product\/315898","targetHints":{"allow":["GET"]}}],"collection":[{"href":"https:\/\/www.rizoma.com\/fr\/wp-json\/wp\/v2\/product"}],"about":[{"href":"https:\/\/www.rizoma.com\/fr\/wp-json\/wp\/v2\/types\/product"}],"wp:featuredmedia":[{"embeddable":true,"href":"https:\/\/www.rizoma.com\/fr\/wp-json\/wp\/v2\/media\/299287"}],"wp:attachment":[{"href":"https:\/\/www.rizoma.com\/fr\/wp-json\/wp\/v2\/media?parent=315898"}],"wp:term":[{"taxonomy":"rizoma_assembly_time","embeddable":true,"href":"https:\/\/www.rizoma.com\/fr\/wp-json\/wp\/v2\/rizoma_assembly_time?post=315898"},{"taxonomy":"rizoma_bike","embeddable":true,"href":"https:\/\/www.rizoma.com\/fr\/wp-json\/wp\/v2\/rizoma_bike?post=315898"},{"taxonomy":"rizoma_division","embeddable":true,"href":"https:\/\/www.rizoma.com\/fr\/wp-json\/wp\/v2\/rizoma_division?post=315898"},{"taxonomy":"rizoma_family","embeddable":true,"href":"https:\/\/www.rizoma.com\/fr\/wp-json\/wp\/v2\/rizoma_family?post=315898"},{"taxonomy":"rizoma_model_category","embeddable":true,"href":"https:\/\/www.rizoma.com\/fr\/wp-json\/wp\/v2\/rizoma_model_category?post=315898"},{"taxonomy":"rizoma_product_template","embeddable":true,"href":"https:\/\/www.rizoma.com\/fr\/wp-json\/wp\/v2\/rizoma_product_template?post=315898"},{"taxonomy":"product_brand","embeddable":true,"href":"https:\/\/www.rizoma.com\/fr\/wp-json\/wp\/v2\/product_brand?post=315898"},{"taxonomy":"product_cat","embeddable":true,"href":"https:\/\/www.rizoma.com\/fr\/wp-json\/wp\/v2\/product_cat?post=315898"},{"taxonomy":"product_tag","embeddable":true,"href":"https:\/\/www.rizoma.com\/fr\/wp-json\/wp\/v2\/product_tag?post=315898"}],"curies":[{"name":"wp","href":"https:\/\/api.w.org\/{rel}","templated":true}]}}