{"id":315873,"date":"2024-11-21T16:51:22","date_gmt":"2024-11-21T15:51:22","guid":{"rendered":"https:\/\/rwp.rizoma.com\/negozio\/sport-grs205\/"},"modified":"2025-06-06T05:50:48","modified_gmt":"2025-06-06T03:50:48","slug":"sport-grs205","status":"publish","type":"product","link":"https:\/\/www.rizoma.com\/fr\/negozio\/kit-pour-guidons\/GRS205\/sport-grs205\/","title":{"rendered":"Sport"},"content":{"rendered":"<p>La poign\u00e9e Sport (\u00d8 22 mm) se caract\u00e9rise par sa simplicit\u00e9 et son design Sportif. Enti\u00e8rement taill\u00e9e dans la masse d\u2019aluminium, elle est garnie de caoutchouc Racing qui garantit adh\u00e9rence et fiabilit\u00e9.<\/p>\n","protected":false},"excerpt":{"rendered":"<p>La poign\u00e9e Sport (\u00d8 22 mm) se caract\u00e9rise par sa simplicit\u00e9 et son design Sportif. Enti\u00e8rement taill\u00e9e dans la masse d\u2019aluminium, elle est garnie de caoutchouc Racing qui garantit adh\u00e9rence et fiabilit\u00e9.<\/p>\n","protected":false},"featured_media":293962,"template":"","meta":{"_acf_changed":false},"rizoma_assembly_time":[42742],"rizoma_bike":[42009,42156,42157,42010,42005,42325,42388,41943,42055,42056,42198,42326,42217,42428,41958,42066,42327,42109],"rizoma_division":[42651],"rizoma_family":[42950],"rizoma_model_category":[],"rizoma_product_template":[],"product_brand":[],"product_cat":[42661],"product_tag":[],"class_list":{"0":"post-315873","1":"product","2":"type-product","3":"status-publish","4":"has-post-thumbnail","6":"rizoma_bike-monster-797-2017-18","7":"rizoma_bike-monster-797-2019-20","8":"rizoma_bike-monster-797-plus-2019","9":"rizoma_bike-scrambler-800-cafe-racer-2017-21","10":"rizoma_bike-scrambler-800-desert-sled-2017-20","11":"rizoma_bike-scrambler-800-desert-sled-2021-22","12":"rizoma_bike-scrambler-800-desert-sled-fasthouse-2021-22","13":"rizoma_bike-scrambler-800-flat-track-pro-2016-17","14":"rizoma_bike-scrambler-800-full-throttle-2017-21","15":"rizoma_bike-scrambler-800-icon-2017-20","16":"rizoma_bike-scrambler-800-icon-2019-20","17":"rizoma_bike-scrambler-800-icon-2021-22","18":"rizoma_bike-scrambler-800-icon-dark-2020","19":"rizoma_bike-scrambler-800-icon-dark-2021-22","20":"rizoma_bike-scrambler-800-italia-independent-2015-16","21":"rizoma_bike-scrambler-800-mach-2-0-2017-19","22":"rizoma_bike-scrambler-800-night-shift-2021-22","23":"rizoma_bike-scrambler-800-street-classic-2017-18","24":"product_cat-kit-pour-guidons","26":"first","27":"instock","28":"taxable","29":"shipping-taxable","30":"purchasable","31":"product-type-variable"},"acf":[],"_links":{"self":[{"href":"https:\/\/www.rizoma.com\/fr\/wp-json\/wp\/v2\/product\/315873","targetHints":{"allow":["GET"]}}],"collection":[{"href":"https:\/\/www.rizoma.com\/fr\/wp-json\/wp\/v2\/product"}],"about":[{"href":"https:\/\/www.rizoma.com\/fr\/wp-json\/wp\/v2\/types\/product"}],"wp:featuredmedia":[{"embeddable":true,"href":"https:\/\/www.rizoma.com\/fr\/wp-json\/wp\/v2\/media\/293962"}],"wp:attachment":[{"href":"https:\/\/www.rizoma.com\/fr\/wp-json\/wp\/v2\/media?parent=315873"}],"wp:term":[{"taxonomy":"rizoma_assembly_time","embeddable":true,"href":"https:\/\/www.rizoma.com\/fr\/wp-json\/wp\/v2\/rizoma_assembly_time?post=315873"},{"taxonomy":"rizoma_bike","embeddable":true,"href":"https:\/\/www.rizoma.com\/fr\/wp-json\/wp\/v2\/rizoma_bike?post=315873"},{"taxonomy":"rizoma_division","embeddable":true,"href":"https:\/\/www.rizoma.com\/fr\/wp-json\/wp\/v2\/rizoma_division?post=315873"},{"taxonomy":"rizoma_family","embeddable":true,"href":"https:\/\/www.rizoma.com\/fr\/wp-json\/wp\/v2\/rizoma_family?post=315873"},{"taxonomy":"rizoma_model_category","embeddable":true,"href":"https:\/\/www.rizoma.com\/fr\/wp-json\/wp\/v2\/rizoma_model_category?post=315873"},{"taxonomy":"rizoma_product_template","embeddable":true,"href":"https:\/\/www.rizoma.com\/fr\/wp-json\/wp\/v2\/rizoma_product_template?post=315873"},{"taxonomy":"product_brand","embeddable":true,"href":"https:\/\/www.rizoma.com\/fr\/wp-json\/wp\/v2\/product_brand?post=315873"},{"taxonomy":"product_cat","embeddable":true,"href":"https:\/\/www.rizoma.com\/fr\/wp-json\/wp\/v2\/product_cat?post=315873"},{"taxonomy":"product_tag","embeddable":true,"href":"https:\/\/www.rizoma.com\/fr\/wp-json\/wp\/v2\/product_tag?post=315873"}],"curies":[{"name":"wp","href":"https:\/\/api.w.org\/{rel}","templated":true}]}}