{"id":315858,"date":"2024-11-21T16:51:01","date_gmt":"2024-11-21T15:51:01","guid":{"rendered":"https:\/\/rwp.rizoma.com\/negozio\/sport-25-4-pour-harley-davidson-gr232\/"},"modified":"2026-03-20T08:35:36","modified_gmt":"2026-03-20T07:35:36","slug":"sport-25-4-pour-harley-davidson-gr232","status":"publish","type":"product","link":"https:\/\/www.rizoma.com\/fr\/negozio\/kit-pour-guidons\/GR232\/sport-25-4-pour-harley-davidson-gr232\/","title":{"rendered":"Sport 25.4 (pour Harley-Davidson)"},"content":{"rendered":"<p>Enti\u00e8rement taill\u00e9e dans la masse d\u2019aluminium, la poign\u00e9e SPORT 25.4 (\u00d8 25,4 mm\/1 pouce) est une r\u00e9f\u00e9rence stylistique. Garnie de caoutchouc Racing, qui garantit adh\u00e9rence et fiabilit\u00e9, elle est dot\u00e9e d\u2019un embout amovible afin de pouvoir monter des r\u00e9troviseurs, des clignotants et des embouts de guidon.<\/p>\n","protected":false},"excerpt":{"rendered":"<p>Enti\u00e8rement taill\u00e9e dans la masse d\u2019aluminium, la poign\u00e9e SPORT 25.4 (\u00d8 25,4 mm\/1 pouce) est une r\u00e9f\u00e9rence stylistique. Garnie de caoutchouc Racing, qui garantit adh\u00e9rence et fiabilit\u00e9, elle est dot\u00e9e d\u2019un embout amovible afin de pouvoir monter des r\u00e9troviseurs, des clignotants et des embouts de guidon.<\/p>\n","protected":false},"featured_media":299327,"template":"","meta":{"_acf_changed":false},"rizoma_assembly_time":[42742],"rizoma_bike":[43823,43788,43785,43777,43817,43794,43803,43805,43802,43822,43792,43815,43784,43814,43779,43819,43782,43813,43790,43780,43791,43786,43793,43783,43789,43824,43778,43818,43797,43807,43804],"rizoma_division":[42651],"rizoma_family":[42980],"rizoma_model_category":[],"rizoma_product_template":[],"product_brand":[],"product_cat":[42661],"product_tag":[],"class_list":{"0":"post-315858","1":"product","2":"type-product","3":"status-publish","4":"has-post-thumbnail","6":"rizoma_bike-1130-v-rod-2006-vrsca","7":"rizoma_bike-1130-v-rod-2007-vrscaw","8":"rizoma_bike-1200-forty-eight-2016-20","9":"rizoma_bike-1200-xl-sportster-low-2007","10":"rizoma_bike-1200c-sportster-custom-2005-06","11":"rizoma_bike-1200c-sportster-custom-2007","12":"rizoma_bike-1200c-sportster-custom-2008-12","13":"rizoma_bike-1200l-xl-sportster-low-2005-06","14":"rizoma_bike-1200l-xl-sportster-low-2008-09","15":"rizoma_bike-1200n-sportster-nightster-xl-2008-12","16":"rizoma_bike-1250-v-rod-2008-12-vrscaw","17":"rizoma_bike-1584-street-bob-2008-15-fxdb","18":"rizoma_bike-1690-street-bob-special-2015-16-fxdb","19":"rizoma_bike-1690-wide-glide-2010-17-fxdwg","20":"rizoma_bike-883-sportster-custom-2006","21":"rizoma_bike-883-sportster-r-2006","22":"rizoma_bike-883-sportster-xl-2006","23":"rizoma_bike-883-sportster-xl-2007","24":"rizoma_bike-883-sportster-xl-2008-09","25":"rizoma_bike-883c-sportster-custom-xl-2007","26":"rizoma_bike-883c-sportster-custom-xl-2008-12","27":"rizoma_bike-883l-sportster-low-xl-2005","28":"rizoma_bike-883l-sportster-low-xl-2006","29":"rizoma_bike-883l-sportster-low-xl-2007","30":"rizoma_bike-883l-sportster-low-xl-2008-12","31":"rizoma_bike-883r-sportster-xl-2008-16","32":"rizoma_bike-breakout-2013-17","33":"rizoma_bike-night-rod-special-2006-vrscdx","34":"rizoma_bike-night-rod-special-2007-vrscdx","35":"rizoma_bike-night-rod-special-2008-16-vrscdx","36":"rizoma_bike-vrscx-2007","37":"product_cat-kit-pour-guidons","39":"first","40":"instock","41":"taxable","42":"shipping-taxable","43":"purchasable","44":"product-type-variable"},"acf":[],"_links":{"self":[{"href":"https:\/\/www.rizoma.com\/fr\/wp-json\/wp\/v2\/product\/315858","targetHints":{"allow":["GET"]}}],"collection":[{"href":"https:\/\/www.rizoma.com\/fr\/wp-json\/wp\/v2\/product"}],"about":[{"href":"https:\/\/www.rizoma.com\/fr\/wp-json\/wp\/v2\/types\/product"}],"wp:featuredmedia":[{"embeddable":true,"href":"https:\/\/www.rizoma.com\/fr\/wp-json\/wp\/v2\/media\/299327"}],"wp:attachment":[{"href":"https:\/\/www.rizoma.com\/fr\/wp-json\/wp\/v2\/media?parent=315858"}],"wp:term":[{"taxonomy":"rizoma_assembly_time","embeddable":true,"href":"https:\/\/www.rizoma.com\/fr\/wp-json\/wp\/v2\/rizoma_assembly_time?post=315858"},{"taxonomy":"rizoma_bike","embeddable":true,"href":"https:\/\/www.rizoma.com\/fr\/wp-json\/wp\/v2\/rizoma_bike?post=315858"},{"taxonomy":"rizoma_division","embeddable":true,"href":"https:\/\/www.rizoma.com\/fr\/wp-json\/wp\/v2\/rizoma_division?post=315858"},{"taxonomy":"rizoma_family","embeddable":true,"href":"https:\/\/www.rizoma.com\/fr\/wp-json\/wp\/v2\/rizoma_family?post=315858"},{"taxonomy":"rizoma_model_category","embeddable":true,"href":"https:\/\/www.rizoma.com\/fr\/wp-json\/wp\/v2\/rizoma_model_category?post=315858"},{"taxonomy":"rizoma_product_template","embeddable":true,"href":"https:\/\/www.rizoma.com\/fr\/wp-json\/wp\/v2\/rizoma_product_template?post=315858"},{"taxonomy":"product_brand","embeddable":true,"href":"https:\/\/www.rizoma.com\/fr\/wp-json\/wp\/v2\/product_brand?post=315858"},{"taxonomy":"product_cat","embeddable":true,"href":"https:\/\/www.rizoma.com\/fr\/wp-json\/wp\/v2\/product_cat?post=315858"},{"taxonomy":"product_tag","embeddable":true,"href":"https:\/\/www.rizoma.com\/fr\/wp-json\/wp\/v2\/product_tag?post=315858"}],"curies":[{"name":"wp","href":"https:\/\/api.w.org\/{rel}","templated":true}]}}