{"id":315823,"date":"2024-11-21T16:50:14","date_gmt":"2024-11-21T15:50:14","guid":{"rendered":"https:\/\/rwp.rizoma.com\/negozio\/kit-de-montages-pour-clignotants-sguardo-fr600\/"},"modified":"2025-12-18T00:37:16","modified_gmt":"2025-12-17T23:37:16","slug":"kit-de-montages-pour-clignotants-sguardo-fr600","status":"publish","type":"product","link":"https:\/\/www.rizoma.com\/fr\/negozio\/clignotants\/FR600\/kit-de-montages-pour-clignotants-sguardo-fr600\/motorbike\/7298\/honda\/cbr-1000-rr\/","title":{"rendered":"Kit de montages pour clignotants Sguardo"},"content":{"rendered":"<p>Chaque adaptateur est sp\u00e9cifiquement r\u00e9alis\u00e9 pour le mod\u00e8le de moto correspondant. FR600B est n\u00e9cessaire pour le montage du clignotant Sguardo sur un guidon OEM BMW\u00ae R nineT et R nineT Scrambler.<\/p>\n","protected":false},"excerpt":{"rendered":"<p>Chaque adaptateur est sp\u00e9cifiquement r\u00e9alis\u00e9 pour le mod\u00e8le de moto correspondant. FR600B est n\u00e9cessaire pour le montage du clignotant Sguardo sur un guidon OEM BMW\u00ae R nineT et R nineT Scrambler.<\/p>\n","protected":false},"featured_media":295807,"template":"","meta":{"_acf_changed":false},"rizoma_assembly_time":[42675],"rizoma_bike":[41839],"rizoma_division":[42651],"rizoma_family":[42709],"rizoma_model_category":[],"rizoma_product_template":[],"product_brand":[],"product_cat":[42714],"product_tag":[],"class_list":{"0":"post-315823","1":"product","2":"type-product","3":"status-publish","4":"has-post-thumbnail","6":"rizoma_bike-r-ninet-1200-2014-16","7":"product_cat-clignotants","9":"first","10":"instock","11":"sale","12":"taxable","13":"shipping-taxable","14":"purchasable","15":"product-type-variable"},"acf":[],"_links":{"self":[{"href":"https:\/\/www.rizoma.com\/fr\/wp-json\/wp\/v2\/product\/315823","targetHints":{"allow":["GET"]}}],"collection":[{"href":"https:\/\/www.rizoma.com\/fr\/wp-json\/wp\/v2\/product"}],"about":[{"href":"https:\/\/www.rizoma.com\/fr\/wp-json\/wp\/v2\/types\/product"}],"wp:featuredmedia":[{"embeddable":true,"href":"https:\/\/www.rizoma.com\/fr\/wp-json\/wp\/v2\/media\/295807"}],"wp:attachment":[{"href":"https:\/\/www.rizoma.com\/fr\/wp-json\/wp\/v2\/media?parent=315823"}],"wp:term":[{"taxonomy":"rizoma_assembly_time","embeddable":true,"href":"https:\/\/www.rizoma.com\/fr\/wp-json\/wp\/v2\/rizoma_assembly_time?post=315823"},{"taxonomy":"rizoma_bike","embeddable":true,"href":"https:\/\/www.rizoma.com\/fr\/wp-json\/wp\/v2\/rizoma_bike?post=315823"},{"taxonomy":"rizoma_division","embeddable":true,"href":"https:\/\/www.rizoma.com\/fr\/wp-json\/wp\/v2\/rizoma_division?post=315823"},{"taxonomy":"rizoma_family","embeddable":true,"href":"https:\/\/www.rizoma.com\/fr\/wp-json\/wp\/v2\/rizoma_family?post=315823"},{"taxonomy":"rizoma_model_category","embeddable":true,"href":"https:\/\/www.rizoma.com\/fr\/wp-json\/wp\/v2\/rizoma_model_category?post=315823"},{"taxonomy":"rizoma_product_template","embeddable":true,"href":"https:\/\/www.rizoma.com\/fr\/wp-json\/wp\/v2\/rizoma_product_template?post=315823"},{"taxonomy":"product_brand","embeddable":true,"href":"https:\/\/www.rizoma.com\/fr\/wp-json\/wp\/v2\/product_brand?post=315823"},{"taxonomy":"product_cat","embeddable":true,"href":"https:\/\/www.rizoma.com\/fr\/wp-json\/wp\/v2\/product_cat?post=315823"},{"taxonomy":"product_tag","embeddable":true,"href":"https:\/\/www.rizoma.com\/fr\/wp-json\/wp\/v2\/product_tag?post=315823"}],"curies":[{"name":"wp","href":"https:\/\/api.w.org\/{rel}","templated":true}]}}