{"id":315623,"date":"2024-11-21T16:45:56","date_gmt":"2024-11-21T15:45:56","guid":{"rendered":"https:\/\/rwp.rizoma.com\/negozio\/garde-boue-avant-fd002\/"},"modified":"2025-12-18T00:37:03","modified_gmt":"2025-12-17T23:37:03","slug":"garde-boue-avant-fd002","status":"publish","type":"product","link":"https:\/\/www.rizoma.com\/fr\/negozio\/garde-boue\/FD002\/garde-boue-avant-fd002\/","title":{"rendered":"Garde-boue avant"},"content":{"rendered":"<p>Le garde-boue avant Rizoma, qui compl\u00e8te toute la ligne du design avant, constitue ainsi un \u00e9l\u00e9ment visuel mais aussi fonctionnel (0,27 kg).R\u00e9alis\u00e9 en t\u00f4le d\u2019aluminium form\u00e9e, il offre une remarquable touche de style. Disponible en deux versions\u00a0: aluminium bross\u00e9 anodis\u00e9 brut et anodis\u00e9 noir. Fourni non perc\u00e9 pour pouvoir le personnaliser correctement. Compatible avec\u00a0des roues de 17\/18&#8243;.<\/p>\n","protected":false},"excerpt":{"rendered":"<p>Le garde-boue avant Rizoma, qui compl\u00e8te toute la ligne du design avant, constitue ainsi un \u00e9l\u00e9ment visuel mais aussi fonctionnel (0,27 kg).R\u00e9alis\u00e9 en t\u00f4le d\u2019aluminium form\u00e9e, il offre une remarquable touche de style. Disponible en deux versions\u00a0: aluminium bross\u00e9 anodis\u00e9 brut et anodis\u00e9 noir. Fourni non perc\u00e9 pour pouvoir le personnaliser correctement. Compatible avec\u00a0des roues [&hellip;]<\/p>\n","protected":false},"featured_media":296002,"template":"","meta":{"_acf_changed":false},"rizoma_assembly_time":[42675],"rizoma_bike":[],"rizoma_division":[42651],"rizoma_family":[],"rizoma_model_category":[],"rizoma_product_template":[],"product_brand":[],"product_cat":[42873],"product_tag":[],"class_list":{"0":"post-315623","1":"product","2":"type-product","3":"status-publish","4":"has-post-thumbnail","6":"product_cat-garde-boue","8":"first","9":"instock","10":"sale","11":"taxable","12":"shipping-taxable","13":"purchasable","14":"product-type-variable"},"acf":[],"_links":{"self":[{"href":"https:\/\/www.rizoma.com\/fr\/wp-json\/wp\/v2\/product\/315623","targetHints":{"allow":["GET"]}}],"collection":[{"href":"https:\/\/www.rizoma.com\/fr\/wp-json\/wp\/v2\/product"}],"about":[{"href":"https:\/\/www.rizoma.com\/fr\/wp-json\/wp\/v2\/types\/product"}],"wp:featuredmedia":[{"embeddable":true,"href":"https:\/\/www.rizoma.com\/fr\/wp-json\/wp\/v2\/media\/296002"}],"wp:attachment":[{"href":"https:\/\/www.rizoma.com\/fr\/wp-json\/wp\/v2\/media?parent=315623"}],"wp:term":[{"taxonomy":"rizoma_assembly_time","embeddable":true,"href":"https:\/\/www.rizoma.com\/fr\/wp-json\/wp\/v2\/rizoma_assembly_time?post=315623"},{"taxonomy":"rizoma_bike","embeddable":true,"href":"https:\/\/www.rizoma.com\/fr\/wp-json\/wp\/v2\/rizoma_bike?post=315623"},{"taxonomy":"rizoma_division","embeddable":true,"href":"https:\/\/www.rizoma.com\/fr\/wp-json\/wp\/v2\/rizoma_division?post=315623"},{"taxonomy":"rizoma_family","embeddable":true,"href":"https:\/\/www.rizoma.com\/fr\/wp-json\/wp\/v2\/rizoma_family?post=315623"},{"taxonomy":"rizoma_model_category","embeddable":true,"href":"https:\/\/www.rizoma.com\/fr\/wp-json\/wp\/v2\/rizoma_model_category?post=315623"},{"taxonomy":"rizoma_product_template","embeddable":true,"href":"https:\/\/www.rizoma.com\/fr\/wp-json\/wp\/v2\/rizoma_product_template?post=315623"},{"taxonomy":"product_brand","embeddable":true,"href":"https:\/\/www.rizoma.com\/fr\/wp-json\/wp\/v2\/product_brand?post=315623"},{"taxonomy":"product_cat","embeddable":true,"href":"https:\/\/www.rizoma.com\/fr\/wp-json\/wp\/v2\/product_cat?post=315623"},{"taxonomy":"product_tag","embeddable":true,"href":"https:\/\/www.rizoma.com\/fr\/wp-json\/wp\/v2\/product_tag?post=315623"}],"curies":[{"name":"wp","href":"https:\/\/api.w.org\/{rel}","templated":true}]}}