{"id":315618,"date":"2024-11-21T16:45:49","date_gmt":"2024-11-21T15:45:49","guid":{"rendered":"https:\/\/rwp.rizoma.com\/negozio\/kit-eclairage-de-plaque-dimmatriculation-ee190\/"},"modified":"2025-05-29T04:10:47","modified_gmt":"2025-05-29T02:10:47","slug":"kit-eclairage-de-plaque-dimmatriculation-ee190","status":"publish","type":"product","link":"https:\/\/www.rizoma.com\/fr\/negozio\/support-dimmatriculation\/EE190\/kit-eclairage-de-plaque-dimmatriculation-ee190\/","title":{"rendered":"Kit \u00e9clairage de plaque d\u2019immatriculation"},"content":{"rendered":"<p>Le kit d\u2019\u00e9clairage de plaque d\u2019immatriculation Rizoma (homologu\u00e9) est fourni avec un support de montage. Dot\u00e9 de la technologie \u00e0 LED SMD conform\u00e9ment aux prescriptions des r\u00e9glementations, il pr\u00e9sente des dimensions r\u00e9duites et un design soign\u00e9 pour am\u00e9liorer sensiblement l\u2019impact esth\u00e9tique de cet \u00e9l\u00e9ment important.<\/p>\n","protected":false},"excerpt":{"rendered":"<p>Le kit d\u2019\u00e9clairage de plaque d\u2019immatriculation Rizoma (homologu\u00e9) est fourni avec un support de montage. Dot\u00e9 de la technologie \u00e0 LED SMD conform\u00e9ment aux prescriptions des r\u00e9glementations, il pr\u00e9sente des dimensions r\u00e9duites et un design soign\u00e9 pour am\u00e9liorer sensiblement l\u2019impact esth\u00e9tique de cet \u00e9l\u00e9ment important.<\/p>\n","protected":false},"featured_media":300577,"template":"","meta":{"_acf_changed":false},"rizoma_assembly_time":[42664],"rizoma_bike":[],"rizoma_division":[42651],"rizoma_family":[42914],"rizoma_model_category":[],"rizoma_product_template":[],"product_brand":[],"product_cat":[42766],"product_tag":[],"class_list":{"0":"post-315618","1":"product","2":"type-product","3":"status-publish","4":"has-post-thumbnail","6":"product_cat-support-dimmatriculation","8":"first","9":"instock","10":"taxable","11":"shipping-taxable","12":"purchasable","13":"product-type-variable"},"acf":[],"_links":{"self":[{"href":"https:\/\/www.rizoma.com\/fr\/wp-json\/wp\/v2\/product\/315618","targetHints":{"allow":["GET"]}}],"collection":[{"href":"https:\/\/www.rizoma.com\/fr\/wp-json\/wp\/v2\/product"}],"about":[{"href":"https:\/\/www.rizoma.com\/fr\/wp-json\/wp\/v2\/types\/product"}],"wp:featuredmedia":[{"embeddable":true,"href":"https:\/\/www.rizoma.com\/fr\/wp-json\/wp\/v2\/media\/300577"}],"wp:attachment":[{"href":"https:\/\/www.rizoma.com\/fr\/wp-json\/wp\/v2\/media?parent=315618"}],"wp:term":[{"taxonomy":"rizoma_assembly_time","embeddable":true,"href":"https:\/\/www.rizoma.com\/fr\/wp-json\/wp\/v2\/rizoma_assembly_time?post=315618"},{"taxonomy":"rizoma_bike","embeddable":true,"href":"https:\/\/www.rizoma.com\/fr\/wp-json\/wp\/v2\/rizoma_bike?post=315618"},{"taxonomy":"rizoma_division","embeddable":true,"href":"https:\/\/www.rizoma.com\/fr\/wp-json\/wp\/v2\/rizoma_division?post=315618"},{"taxonomy":"rizoma_family","embeddable":true,"href":"https:\/\/www.rizoma.com\/fr\/wp-json\/wp\/v2\/rizoma_family?post=315618"},{"taxonomy":"rizoma_model_category","embeddable":true,"href":"https:\/\/www.rizoma.com\/fr\/wp-json\/wp\/v2\/rizoma_model_category?post=315618"},{"taxonomy":"rizoma_product_template","embeddable":true,"href":"https:\/\/www.rizoma.com\/fr\/wp-json\/wp\/v2\/rizoma_product_template?post=315618"},{"taxonomy":"product_brand","embeddable":true,"href":"https:\/\/www.rizoma.com\/fr\/wp-json\/wp\/v2\/product_brand?post=315618"},{"taxonomy":"product_cat","embeddable":true,"href":"https:\/\/www.rizoma.com\/fr\/wp-json\/wp\/v2\/product_cat?post=315618"},{"taxonomy":"product_tag","embeddable":true,"href":"https:\/\/www.rizoma.com\/fr\/wp-json\/wp\/v2\/product_tag?post=315618"}],"curies":[{"name":"wp","href":"https:\/\/api.w.org\/{rel}","templated":true}]}}