{"id":315568,"date":"2024-11-21T16:44:45","date_gmt":"2024-11-21T15:44:45","guid":{"rendered":"https:\/\/rwp.rizoma.com\/negozio\/kit-cablage-avec-resistances-pour-clignotants-rizoma-ee162\/"},"modified":"2025-07-01T18:32:21","modified_gmt":"2025-07-01T16:32:21","slug":"kit-cablage-avec-resistances-pour-clignotants-rizoma-ee162","status":"publish","type":"product","link":"https:\/\/www.rizoma.com\/fr\/negozio\/clignotants\/EE162\/kit-cablage-avec-resistances-pour-clignotants-rizoma-ee162\/","title":{"rendered":"Kit c\u00e2blage avec r\u00e9sistances pour clignotants Rizoma"},"content":{"rendered":"<p>Le kit de c\u00e2blage \u00e9lectrique avec r\u00e9sistances Rizoma est n\u00e9cessaire pour le montage des clignotants Rizoma.<br \/>Il est conseill\u00e9 de v\u00e9rifier les dessins techniques avant l\u2019achat. Chaque kit comprend 2 c\u00e2blages. Pour monter 4 clignotants, il est n\u00e9cessaire d\u2019acheter 2 kits. Sans ces kits de c\u00e2blages de r\u00e9sistances, les clignotants Rizoma ne clignoteront pas correctement.<\/p>\n","protected":false},"excerpt":{"rendered":"<p>Le kit de c\u00e2blage \u00e9lectrique avec r\u00e9sistances Rizoma est n\u00e9cessaire pour le montage des clignotants Rizoma.Il est conseill\u00e9 de v\u00e9rifier les dessins techniques avant l\u2019achat. Chaque kit comprend 2 c\u00e2blages. Pour monter 4 clignotants, il est n\u00e9cessaire d\u2019acheter 2 kits. Sans ces kits de c\u00e2blages de r\u00e9sistances, les clignotants Rizoma ne clignoteront pas correctement.<\/p>\n","protected":false},"featured_media":297637,"template":"","meta":{"_acf_changed":false},"rizoma_assembly_time":[42753],"rizoma_bike":[42145,42348,42099,42534,43697],"rizoma_division":[42651],"rizoma_family":[42858],"rizoma_model_category":[],"rizoma_product_template":[],"product_brand":[],"product_cat":[42714],"product_tag":[],"class_list":{"0":"post-315568","1":"product","2":"type-product","3":"status-publish","4":"has-post-thumbnail","6":"rizoma_bike-cb-1000-r-neo-sport-cafe-2019-20","7":"rizoma_bike-cb-1000-r-black-edition-2021-22","8":"rizoma_bike-cb-1000-r-neo-sport-cafe-2018-20","9":"rizoma_bike-cb-750-hornet-2023-24","10":"rizoma_bike-cb-750-hornet-2025","11":"product_cat-clignotants","13":"first","14":"instock","15":"taxable","16":"shipping-taxable","17":"purchasable","18":"product-type-variable"},"acf":[],"_links":{"self":[{"href":"https:\/\/www.rizoma.com\/fr\/wp-json\/wp\/v2\/product\/315568","targetHints":{"allow":["GET"]}}],"collection":[{"href":"https:\/\/www.rizoma.com\/fr\/wp-json\/wp\/v2\/product"}],"about":[{"href":"https:\/\/www.rizoma.com\/fr\/wp-json\/wp\/v2\/types\/product"}],"wp:featuredmedia":[{"embeddable":true,"href":"https:\/\/www.rizoma.com\/fr\/wp-json\/wp\/v2\/media\/297637"}],"wp:attachment":[{"href":"https:\/\/www.rizoma.com\/fr\/wp-json\/wp\/v2\/media?parent=315568"}],"wp:term":[{"taxonomy":"rizoma_assembly_time","embeddable":true,"href":"https:\/\/www.rizoma.com\/fr\/wp-json\/wp\/v2\/rizoma_assembly_time?post=315568"},{"taxonomy":"rizoma_bike","embeddable":true,"href":"https:\/\/www.rizoma.com\/fr\/wp-json\/wp\/v2\/rizoma_bike?post=315568"},{"taxonomy":"rizoma_division","embeddable":true,"href":"https:\/\/www.rizoma.com\/fr\/wp-json\/wp\/v2\/rizoma_division?post=315568"},{"taxonomy":"rizoma_family","embeddable":true,"href":"https:\/\/www.rizoma.com\/fr\/wp-json\/wp\/v2\/rizoma_family?post=315568"},{"taxonomy":"rizoma_model_category","embeddable":true,"href":"https:\/\/www.rizoma.com\/fr\/wp-json\/wp\/v2\/rizoma_model_category?post=315568"},{"taxonomy":"rizoma_product_template","embeddable":true,"href":"https:\/\/www.rizoma.com\/fr\/wp-json\/wp\/v2\/rizoma_product_template?post=315568"},{"taxonomy":"product_brand","embeddable":true,"href":"https:\/\/www.rizoma.com\/fr\/wp-json\/wp\/v2\/product_brand?post=315568"},{"taxonomy":"product_cat","embeddable":true,"href":"https:\/\/www.rizoma.com\/fr\/wp-json\/wp\/v2\/product_cat?post=315568"},{"taxonomy":"product_tag","embeddable":true,"href":"https:\/\/www.rizoma.com\/fr\/wp-json\/wp\/v2\/product_tag?post=315568"}],"curies":[{"name":"wp","href":"https:\/\/api.w.org\/{rel}","templated":true}]}}