{"id":315553,"date":"2024-11-21T16:44:26","date_gmt":"2024-11-21T15:44:26","guid":{"rendered":"https:\/\/rwp.rizoma.com\/negozio\/kit-de-resistances-pour-clignotants-arriere-rizoma-ee154\/"},"modified":"2025-05-29T04:08:54","modified_gmt":"2025-05-29T02:08:54","slug":"kit-cablage-avec-resistances-pour-clignotants-arriere-rizoma-ee154","status":"publish","type":"product","link":"https:\/\/www.rizoma.com\/fr\/negozio\/clignotants\/EE154\/kit-cablage-avec-resistances-pour-clignotants-arriere-rizoma-ee154\/","title":{"rendered":"Kit c\u00e2blage avec r\u00e9sistances pour clignotants arri\u00e8re Rizoma"},"content":{"rendered":"<p>Kit de r\u00e9sistance pour clignotants arri\u00e8re Rizoma (r\u00e9sistances 2 W \/ 100 \u03a9 et 3 W \/ 47 \u03a9). Le kit, plug &#038; play, est con\u00e7u pour \u00eatre connect\u00e9 d&#8217;un c\u00f4t\u00e9 aux clignotants Rizoma et de l&#8217;autre au syst\u00e8me (d\u2019origine) OEM.<\/p>\n","protected":false},"excerpt":{"rendered":"<p>Kit de r\u00e9sistance pour clignotants arri\u00e8re Rizoma (r\u00e9sistances 2 W \/ 100 \u03a9 et 3 W \/ 47 \u03a9). Le kit, plug &#038; play, est con\u00e7u pour \u00eatre connect\u00e9 d&#8217;un c\u00f4t\u00e9 aux clignotants Rizoma et de l&#8217;autre au syst\u00e8me (d\u2019origine) OEM.<\/p>\n","protected":false},"featured_media":298467,"template":"","meta":{"_acf_changed":false},"rizoma_assembly_time":[42753],"rizoma_bike":[42018,42112,42119,42068,42113],"rizoma_division":[42651],"rizoma_family":[42858],"rizoma_model_category":[],"rizoma_product_template":[],"product_brand":[],"product_cat":[42714],"product_tag":[],"class_list":{"0":"post-315553","1":"product","2":"type-product","3":"status-publish","4":"has-post-thumbnail","6":"rizoma_bike-x-adv-750-2017","7":"rizoma_bike-x-adv-750-2018-20","8":"rizoma_bike-x-adv-750-desert-track-2018-20","9":"rizoma_bike-x-adv-750-travel-edition-2017","10":"rizoma_bike-x-adv-750-travel-edition-2018-20","11":"product_cat-clignotants","13":"first","14":"instock","15":"taxable","16":"shipping-taxable","17":"purchasable","18":"product-type-variable"},"acf":[],"_links":{"self":[{"href":"https:\/\/www.rizoma.com\/fr\/wp-json\/wp\/v2\/product\/315553","targetHints":{"allow":["GET"]}}],"collection":[{"href":"https:\/\/www.rizoma.com\/fr\/wp-json\/wp\/v2\/product"}],"about":[{"href":"https:\/\/www.rizoma.com\/fr\/wp-json\/wp\/v2\/types\/product"}],"wp:featuredmedia":[{"embeddable":true,"href":"https:\/\/www.rizoma.com\/fr\/wp-json\/wp\/v2\/media\/298467"}],"wp:attachment":[{"href":"https:\/\/www.rizoma.com\/fr\/wp-json\/wp\/v2\/media?parent=315553"}],"wp:term":[{"taxonomy":"rizoma_assembly_time","embeddable":true,"href":"https:\/\/www.rizoma.com\/fr\/wp-json\/wp\/v2\/rizoma_assembly_time?post=315553"},{"taxonomy":"rizoma_bike","embeddable":true,"href":"https:\/\/www.rizoma.com\/fr\/wp-json\/wp\/v2\/rizoma_bike?post=315553"},{"taxonomy":"rizoma_division","embeddable":true,"href":"https:\/\/www.rizoma.com\/fr\/wp-json\/wp\/v2\/rizoma_division?post=315553"},{"taxonomy":"rizoma_family","embeddable":true,"href":"https:\/\/www.rizoma.com\/fr\/wp-json\/wp\/v2\/rizoma_family?post=315553"},{"taxonomy":"rizoma_model_category","embeddable":true,"href":"https:\/\/www.rizoma.com\/fr\/wp-json\/wp\/v2\/rizoma_model_category?post=315553"},{"taxonomy":"rizoma_product_template","embeddable":true,"href":"https:\/\/www.rizoma.com\/fr\/wp-json\/wp\/v2\/rizoma_product_template?post=315553"},{"taxonomy":"product_brand","embeddable":true,"href":"https:\/\/www.rizoma.com\/fr\/wp-json\/wp\/v2\/product_brand?post=315553"},{"taxonomy":"product_cat","embeddable":true,"href":"https:\/\/www.rizoma.com\/fr\/wp-json\/wp\/v2\/product_cat?post=315553"},{"taxonomy":"product_tag","embeddable":true,"href":"https:\/\/www.rizoma.com\/fr\/wp-json\/wp\/v2\/product_tag?post=315553"}],"curies":[{"name":"wp","href":"https:\/\/api.w.org\/{rel}","templated":true}]}}