{"id":315543,"date":"2024-11-21T16:44:13","date_gmt":"2024-11-21T15:44:13","guid":{"rendered":"https:\/\/rwp.rizoma.com\/negozio\/kit-cablage-avec-resistances-pour-clignotants-rizoma-ee149\/"},"modified":"2026-02-09T20:47:29","modified_gmt":"2026-02-09T19:47:29","slug":"kit-cablage-avec-resistances-pour-clignotants-rizoma-ee149","status":"publish","type":"product","link":"https:\/\/www.rizoma.com\/fr\/negozio\/clignotants\/EE149\/kit-cablage-avec-resistances-pour-clignotants-rizoma-ee149\/motorbike\/9879\/mv-agusta\/f3-800\/","title":{"rendered":"Kit c\u00e2blage avec r\u00e9sistances pour clignotants Rizoma"},"content":{"rendered":"<p>Sur les motos \u00e9quip\u00e9es d\u2019un voyant de contr\u00f4le sur le tableau de bord, l\u2019installation de r\u00e9sistances activ\u00e9es parall\u00e8lement au circuit de courant peut \u00eatre n\u00e9cessaire pour \u00e9viter que le voyant de contr\u00f4le ne s\u2019allume. Sur les mod\u00e8les ci-dessus, o\u00f9 la valeur des r\u00e9sistances fournie est insuffisante, Rizoma conseille d\u2019acheter le kit de r\u00e9sistances EE149H qui permet d\u2019\u00e9viter que le voyant de contr\u00f4le ne s\u2019allume par erreur.<\/p>\n","protected":false},"excerpt":{"rendered":"<p>Sur les motos \u00e9quip\u00e9es d\u2019un voyant de contr\u00f4le sur le tableau de bord, l\u2019installation de r\u00e9sistances activ\u00e9es parall\u00e8lement au circuit de courant peut \u00eatre n\u00e9cessaire pour \u00e9viter que le voyant de contr\u00f4le ne s\u2019allume. Sur les mod\u00e8les ci-dessus, o\u00f9 la valeur des r\u00e9sistances fournie est insuffisante, Rizoma conseille d\u2019acheter le kit de r\u00e9sistances EE149H qui [&hellip;]<\/p>\n","protected":false},"featured_media":298577,"template":"","meta":{"_acf_changed":false},"rizoma_assembly_time":[42753],"rizoma_bike":[42296,42551,42006,41979,42248,41981,41953,42297,42298,42299,42372,42003,42178],"rizoma_division":[42651],"rizoma_family":[42858],"rizoma_model_category":[],"rizoma_product_template":[],"product_brand":[],"product_cat":[42714],"product_tag":[],"class_list":{"0":"post-315543","1":"product","2":"type-product","3":"status-publish","4":"has-post-thumbnail","6":"rizoma_bike-r-ninet-2021-24","7":"rizoma_bike-r-ninet-100-years-2023","8":"rizoma_bike-r-ninet-1200-2017-20","9":"rizoma_bike-r-ninet-1200-pure-2017-20","10":"rizoma_bike-r-ninet-1200-pure-2020","11":"rizoma_bike-r-ninet-1200-racer-2017-20","12":"rizoma_bike-r-ninet-1200-scrambler-2016-20","13":"rizoma_bike-r-ninet-pure-2021-24","14":"rizoma_bike-r-ninet-scrambler-2021-24","15":"rizoma_bike-r-ninet-urban-gs-2021-24","16":"rizoma_bike-r-ninet-urban-gs-1200-edition-40-years-gs-2021","17":"rizoma_bike-r-ninet-urban-gs-1200-2017-20","18":"rizoma_bike-r-ninet-5-1200-2019-20","19":"product_cat-clignotants","21":"first","22":"instock","23":"taxable","24":"shipping-taxable","25":"purchasable","26":"product-type-variable"},"acf":[],"_links":{"self":[{"href":"https:\/\/www.rizoma.com\/fr\/wp-json\/wp\/v2\/product\/315543","targetHints":{"allow":["GET"]}}],"collection":[{"href":"https:\/\/www.rizoma.com\/fr\/wp-json\/wp\/v2\/product"}],"about":[{"href":"https:\/\/www.rizoma.com\/fr\/wp-json\/wp\/v2\/types\/product"}],"wp:featuredmedia":[{"embeddable":true,"href":"https:\/\/www.rizoma.com\/fr\/wp-json\/wp\/v2\/media\/298577"}],"wp:attachment":[{"href":"https:\/\/www.rizoma.com\/fr\/wp-json\/wp\/v2\/media?parent=315543"}],"wp:term":[{"taxonomy":"rizoma_assembly_time","embeddable":true,"href":"https:\/\/www.rizoma.com\/fr\/wp-json\/wp\/v2\/rizoma_assembly_time?post=315543"},{"taxonomy":"rizoma_bike","embeddable":true,"href":"https:\/\/www.rizoma.com\/fr\/wp-json\/wp\/v2\/rizoma_bike?post=315543"},{"taxonomy":"rizoma_division","embeddable":true,"href":"https:\/\/www.rizoma.com\/fr\/wp-json\/wp\/v2\/rizoma_division?post=315543"},{"taxonomy":"rizoma_family","embeddable":true,"href":"https:\/\/www.rizoma.com\/fr\/wp-json\/wp\/v2\/rizoma_family?post=315543"},{"taxonomy":"rizoma_model_category","embeddable":true,"href":"https:\/\/www.rizoma.com\/fr\/wp-json\/wp\/v2\/rizoma_model_category?post=315543"},{"taxonomy":"rizoma_product_template","embeddable":true,"href":"https:\/\/www.rizoma.com\/fr\/wp-json\/wp\/v2\/rizoma_product_template?post=315543"},{"taxonomy":"product_brand","embeddable":true,"href":"https:\/\/www.rizoma.com\/fr\/wp-json\/wp\/v2\/product_brand?post=315543"},{"taxonomy":"product_cat","embeddable":true,"href":"https:\/\/www.rizoma.com\/fr\/wp-json\/wp\/v2\/product_cat?post=315543"},{"taxonomy":"product_tag","embeddable":true,"href":"https:\/\/www.rizoma.com\/fr\/wp-json\/wp\/v2\/product_tag?post=315543"}],"curies":[{"name":"wp","href":"https:\/\/api.w.org\/{rel}","templated":true}]}}