{"id":315533,"date":"2024-11-21T16:44:00","date_gmt":"2024-11-21T15:44:00","guid":{"rendered":"https:\/\/rwp.rizoma.com\/negozio\/kit-catadioptre-pour-support-dimmatriculation-ee141\/"},"modified":"2025-05-29T04:12:18","modified_gmt":"2025-05-29T02:12:18","slug":"kit-catadioptre-pour-support-dimmatriculation-ee141","status":"publish","type":"product","link":"https:\/\/www.rizoma.com\/fr\/negozio\/support-dimmatriculation\/EE141\/kit-catadioptre-pour-support-dimmatriculation-ee141\/","title":{"rendered":"Kit catadioptre pour support d\u2019immatriculation"},"content":{"rendered":"<p>Le kit catadioptre pour support d\u2019immatriculation est un produit homologu\u00e9, facile \u00e0 installer et ais\u00e9ment r\u00e9glable en longueur, ce qui permet de l\u2019adapter \u00e0 diff\u00e9rents supports d\u2019immatriculation.<\/p>\n","protected":false},"excerpt":{"rendered":"<p>Le kit catadioptre pour support d\u2019immatriculation est un produit homologu\u00e9, facile \u00e0 installer et ais\u00e9ment r\u00e9glable en longueur, ce qui permet de l\u2019adapter \u00e0 diff\u00e9rents supports d\u2019immatriculation.<\/p>\n","protected":false},"featured_media":298462,"template":"","meta":{"_acf_changed":false},"rizoma_assembly_time":[42753],"rizoma_bike":[],"rizoma_division":[42651],"rizoma_family":[42914],"rizoma_model_category":[],"rizoma_product_template":[],"product_brand":[],"product_cat":[42766],"product_tag":[],"class_list":{"0":"post-315533","1":"product","2":"type-product","3":"status-publish","4":"has-post-thumbnail","6":"product_cat-support-dimmatriculation","8":"first","9":"instock","10":"taxable","11":"shipping-taxable","12":"purchasable","13":"product-type-variable"},"acf":[],"_links":{"self":[{"href":"https:\/\/www.rizoma.com\/fr\/wp-json\/wp\/v2\/product\/315533","targetHints":{"allow":["GET"]}}],"collection":[{"href":"https:\/\/www.rizoma.com\/fr\/wp-json\/wp\/v2\/product"}],"about":[{"href":"https:\/\/www.rizoma.com\/fr\/wp-json\/wp\/v2\/types\/product"}],"wp:featuredmedia":[{"embeddable":true,"href":"https:\/\/www.rizoma.com\/fr\/wp-json\/wp\/v2\/media\/298462"}],"wp:attachment":[{"href":"https:\/\/www.rizoma.com\/fr\/wp-json\/wp\/v2\/media?parent=315533"}],"wp:term":[{"taxonomy":"rizoma_assembly_time","embeddable":true,"href":"https:\/\/www.rizoma.com\/fr\/wp-json\/wp\/v2\/rizoma_assembly_time?post=315533"},{"taxonomy":"rizoma_bike","embeddable":true,"href":"https:\/\/www.rizoma.com\/fr\/wp-json\/wp\/v2\/rizoma_bike?post=315533"},{"taxonomy":"rizoma_division","embeddable":true,"href":"https:\/\/www.rizoma.com\/fr\/wp-json\/wp\/v2\/rizoma_division?post=315533"},{"taxonomy":"rizoma_family","embeddable":true,"href":"https:\/\/www.rizoma.com\/fr\/wp-json\/wp\/v2\/rizoma_family?post=315533"},{"taxonomy":"rizoma_model_category","embeddable":true,"href":"https:\/\/www.rizoma.com\/fr\/wp-json\/wp\/v2\/rizoma_model_category?post=315533"},{"taxonomy":"rizoma_product_template","embeddable":true,"href":"https:\/\/www.rizoma.com\/fr\/wp-json\/wp\/v2\/rizoma_product_template?post=315533"},{"taxonomy":"product_brand","embeddable":true,"href":"https:\/\/www.rizoma.com\/fr\/wp-json\/wp\/v2\/product_brand?post=315533"},{"taxonomy":"product_cat","embeddable":true,"href":"https:\/\/www.rizoma.com\/fr\/wp-json\/wp\/v2\/product_cat?post=315533"},{"taxonomy":"product_tag","embeddable":true,"href":"https:\/\/www.rizoma.com\/fr\/wp-json\/wp\/v2\/product_tag?post=315533"}],"curies":[{"name":"wp","href":"https:\/\/api.w.org\/{rel}","templated":true}]}}