{"id":315421,"date":"2024-11-21T16:41:32","date_gmt":"2024-11-21T15:41:32","guid":{"rendered":"https:\/\/rwp.rizoma.com\/negozio\/reservoir-fluide-dembrayage-wave-pour-huiles-minerales-ctm135\/"},"modified":"2025-07-16T17:32:04","modified_gmt":"2025-07-16T15:32:04","slug":"reservoir-fluide-dembrayage-wave-pour-huiles-minerales-ctm135","status":"publish","type":"product","link":"https:\/\/www.rizoma.com\/fr\/negozio\/reservoirs-fluide\/CTM135\/reservoir-fluide-dembrayage-wave-pour-huiles-minerales-ctm135\/","title":{"rendered":"R\u00e9servoir fluide d\u2019embrayage Wave pour huiles min\u00e9rales"},"content":{"rendered":"<p>Les r\u00e9servoirs de fluide Wave font oublier le caract\u00e8re exclusivement fonctionnel de cet \u00e9l\u00e9ment gr\u00e2ce \u00e0 une esth\u00e9tique \u00e0 l\u2019impact visuel fort. Taill\u00e9s dans la masse d\u2019aluminium, ils sont dot\u00e9s d\u2019une cuve transparente asym\u00e9trique et sont anodis\u00e9s pour am\u00e9liorer leur r\u00e9sistance dans le temps. Certifi\u00e9s T\u00dcV\/ABE\u00a0et dot\u00e9s d\u2019un joint en NBR, compatible avec les huiles min\u00e9rales, ils sont disponibles en plusieurs dimensions et sont donc adapt\u00e9s \u00e0 diff\u00e9rentes applications.<\/p>\n","protected":false},"excerpt":{"rendered":"<p>Les r\u00e9servoirs de fluide Wave font oublier le caract\u00e8re exclusivement fonctionnel de cet \u00e9l\u00e9ment gr\u00e2ce \u00e0 une esth\u00e9tique \u00e0 l\u2019impact visuel fort. Taill\u00e9s dans la masse d\u2019aluminium, ils sont dot\u00e9s d\u2019une cuve transparente asym\u00e9trique et sont anodis\u00e9s pour am\u00e9liorer leur r\u00e9sistance dans le temps. Certifi\u00e9s T\u00dcV\/ABE\u00a0et dot\u00e9s d\u2019un joint en NBR, compatible avec les huiles [&hellip;]<\/p>\n","protected":false},"featured_media":293662,"template":"","meta":{"_acf_changed":false},"rizoma_assembly_time":[42691],"rizoma_bike":[],"rizoma_division":[42651],"rizoma_family":[42694],"rizoma_model_category":[],"rizoma_product_template":[],"product_brand":[],"product_cat":[42688],"product_tag":[],"class_list":{"0":"post-315421","1":"product","2":"type-product","3":"status-publish","4":"has-post-thumbnail","6":"product_cat-reservoirs-fluide","8":"first","9":"instock","10":"taxable","11":"shipping-taxable","12":"purchasable","13":"product-type-variable"},"acf":[],"_links":{"self":[{"href":"https:\/\/www.rizoma.com\/fr\/wp-json\/wp\/v2\/product\/315421","targetHints":{"allow":["GET"]}}],"collection":[{"href":"https:\/\/www.rizoma.com\/fr\/wp-json\/wp\/v2\/product"}],"about":[{"href":"https:\/\/www.rizoma.com\/fr\/wp-json\/wp\/v2\/types\/product"}],"wp:featuredmedia":[{"embeddable":true,"href":"https:\/\/www.rizoma.com\/fr\/wp-json\/wp\/v2\/media\/293662"}],"wp:attachment":[{"href":"https:\/\/www.rizoma.com\/fr\/wp-json\/wp\/v2\/media?parent=315421"}],"wp:term":[{"taxonomy":"rizoma_assembly_time","embeddable":true,"href":"https:\/\/www.rizoma.com\/fr\/wp-json\/wp\/v2\/rizoma_assembly_time?post=315421"},{"taxonomy":"rizoma_bike","embeddable":true,"href":"https:\/\/www.rizoma.com\/fr\/wp-json\/wp\/v2\/rizoma_bike?post=315421"},{"taxonomy":"rizoma_division","embeddable":true,"href":"https:\/\/www.rizoma.com\/fr\/wp-json\/wp\/v2\/rizoma_division?post=315421"},{"taxonomy":"rizoma_family","embeddable":true,"href":"https:\/\/www.rizoma.com\/fr\/wp-json\/wp\/v2\/rizoma_family?post=315421"},{"taxonomy":"rizoma_model_category","embeddable":true,"href":"https:\/\/www.rizoma.com\/fr\/wp-json\/wp\/v2\/rizoma_model_category?post=315421"},{"taxonomy":"rizoma_product_template","embeddable":true,"href":"https:\/\/www.rizoma.com\/fr\/wp-json\/wp\/v2\/rizoma_product_template?post=315421"},{"taxonomy":"product_brand","embeddable":true,"href":"https:\/\/www.rizoma.com\/fr\/wp-json\/wp\/v2\/product_brand?post=315421"},{"taxonomy":"product_cat","embeddable":true,"href":"https:\/\/www.rizoma.com\/fr\/wp-json\/wp\/v2\/product_cat?post=315421"},{"taxonomy":"product_tag","embeddable":true,"href":"https:\/\/www.rizoma.com\/fr\/wp-json\/wp\/v2\/product_tag?post=315421"}],"curies":[{"name":"wp","href":"https:\/\/api.w.org\/{rel}","templated":true}]}}