{"id":315411,"date":"2024-11-21T16:41:18","date_gmt":"2024-11-21T15:41:18","guid":{"rendered":"https:\/\/rwp.rizoma.com\/negozio\/saute-vent-cf010\/"},"modified":"2025-11-01T17:39:46","modified_gmt":"2025-11-01T16:39:46","slug":"saute-vent-cf010","status":"publish","type":"product","link":"https:\/\/www.rizoma.com\/fr\/negozio\/saute-vents\/CF010\/saute-vent-cf010\/","title":{"rendered":"Saute-vent"},"content":{"rendered":"<p>Le saute-vent Rizoma en t\u00f4le form\u00e9e am\u00e9liore l\u2019a\u00e9rodynamisme de la moto et souligne son style et sa personnalit\u00e9 gr\u00e2ce \u00e0 son design \u00e0 la fois Racing et classique. Certifi\u00e9 ABE.<\/p>\n","protected":false},"excerpt":{"rendered":"<p>Le saute-vent Rizoma en t\u00f4le form\u00e9e am\u00e9liore l\u2019a\u00e9rodynamisme de la moto et souligne son style et sa personnalit\u00e9 gr\u00e2ce \u00e0 son design \u00e0 la fois Racing et classique. Certifi\u00e9 ABE.<\/p>\n","protected":false},"featured_media":295982,"template":"","meta":{"_acf_changed":false},"rizoma_assembly_time":[42675],"rizoma_bike":[41944,41876,42054,42005,42325,42388,41943,41877,42055,41878,42056,42198,42326,42217,42428,42066,42109,42169,44423,44428,42359,44426,42360,44430,44424,42083,42366,42504,42478,42258,42370,42505],"rizoma_division":[42651],"rizoma_family":[],"rizoma_model_category":[],"rizoma_product_template":[],"product_brand":[],"product_cat":[42827],"product_tag":[],"class_list":{"0":"post-315411","1":"product","2":"type-product","3":"status-publish","4":"has-post-thumbnail","6":"rizoma_bike-scrambler-400-sixty-2-2016-21","7":"rizoma_bike-scrambler-800-classic-2015-16","8":"rizoma_bike-scrambler-800-classic-2017-18","9":"rizoma_bike-scrambler-800-desert-sled-2017-20","10":"rizoma_bike-scrambler-800-desert-sled-2021-22","11":"rizoma_bike-scrambler-800-desert-sled-fasthouse-2021-22","12":"rizoma_bike-scrambler-800-flat-track-pro-2016-17","13":"rizoma_bike-scrambler-800-full-throttle-2015-16","14":"rizoma_bike-scrambler-800-full-throttle-2017-21","15":"rizoma_bike-scrambler-800-icon-2015-16","16":"rizoma_bike-scrambler-800-icon-2017-20","17":"rizoma_bike-scrambler-800-icon-2019-20","18":"rizoma_bike-scrambler-800-icon-2021-22","19":"rizoma_bike-scrambler-800-icon-dark-2020","20":"rizoma_bike-scrambler-800-icon-dark-2021-22","21":"rizoma_bike-scrambler-800-mach-2-0-2017-19","22":"rizoma_bike-scrambler-800-street-classic-2017-18","23":"rizoma_bike-speed-twin-1200-2019-20","24":"rizoma_bike-v7-special-2021-24","25":"rizoma_bike-v7-special-2025-26","26":"rizoma_bike-v7-stone-2021-24","27":"rizoma_bike-v7-stone-2025-26","28":"rizoma_bike-v7-stone-centenario-2021-22","29":"rizoma_bike-v7-stone-special-edition-2022-25","30":"rizoma_bike-v7-stone-ten-2024-25","31":"rizoma_bike-z-900-rs-2018-20","32":"rizoma_bike-z-900-rs-2021","33":"rizoma_bike-z-900-rs-2022-25","34":"rizoma_bike-z-900-rs-50th-anniversary-2022","35":"rizoma_bike-z-900-rs-performance-2020","36":"rizoma_bike-z-900-rs-performance-2021-22","37":"rizoma_bike-z-900-rs-se-2022-25","38":"product_cat-saute-vents","40":"first","41":"instock","42":"taxable","43":"shipping-taxable","44":"purchasable","45":"product-type-variable"},"acf":[],"_links":{"self":[{"href":"https:\/\/www.rizoma.com\/fr\/wp-json\/wp\/v2\/product\/315411","targetHints":{"allow":["GET"]}}],"collection":[{"href":"https:\/\/www.rizoma.com\/fr\/wp-json\/wp\/v2\/product"}],"about":[{"href":"https:\/\/www.rizoma.com\/fr\/wp-json\/wp\/v2\/types\/product"}],"wp:featuredmedia":[{"embeddable":true,"href":"https:\/\/www.rizoma.com\/fr\/wp-json\/wp\/v2\/media\/295982"}],"wp:attachment":[{"href":"https:\/\/www.rizoma.com\/fr\/wp-json\/wp\/v2\/media?parent=315411"}],"wp:term":[{"taxonomy":"rizoma_assembly_time","embeddable":true,"href":"https:\/\/www.rizoma.com\/fr\/wp-json\/wp\/v2\/rizoma_assembly_time?post=315411"},{"taxonomy":"rizoma_bike","embeddable":true,"href":"https:\/\/www.rizoma.com\/fr\/wp-json\/wp\/v2\/rizoma_bike?post=315411"},{"taxonomy":"rizoma_division","embeddable":true,"href":"https:\/\/www.rizoma.com\/fr\/wp-json\/wp\/v2\/rizoma_division?post=315411"},{"taxonomy":"rizoma_family","embeddable":true,"href":"https:\/\/www.rizoma.com\/fr\/wp-json\/wp\/v2\/rizoma_family?post=315411"},{"taxonomy":"rizoma_model_category","embeddable":true,"href":"https:\/\/www.rizoma.com\/fr\/wp-json\/wp\/v2\/rizoma_model_category?post=315411"},{"taxonomy":"rizoma_product_template","embeddable":true,"href":"https:\/\/www.rizoma.com\/fr\/wp-json\/wp\/v2\/rizoma_product_template?post=315411"},{"taxonomy":"product_brand","embeddable":true,"href":"https:\/\/www.rizoma.com\/fr\/wp-json\/wp\/v2\/product_brand?post=315411"},{"taxonomy":"product_cat","embeddable":true,"href":"https:\/\/www.rizoma.com\/fr\/wp-json\/wp\/v2\/product_cat?post=315411"},{"taxonomy":"product_tag","embeddable":true,"href":"https:\/\/www.rizoma.com\/fr\/wp-json\/wp\/v2\/product_tag?post=315411"}],"curies":[{"name":"wp","href":"https:\/\/api.w.org\/{rel}","templated":true}]}}