{"id":315361,"date":"2024-11-21T16:40:12","date_gmt":"2024-11-21T15:40:12","guid":{"rendered":"https:\/\/rwp.rizoma.com\/negozio\/obturateurs-retroviseurs-bs508\/"},"modified":"2025-01-14T10:41:36","modified_gmt":"2025-01-14T09:41:36","slug":"obturateurs-retroviseurs-bs508","status":"publish","type":"product","link":"https:\/\/www.rizoma.com\/fr\/negozio\/retroviseurs\/BS508\/obturateurs-retroviseurs-bs508\/","title":{"rendered":"Obturateurs r\u00e9troviseurs"},"content":{"rendered":"<p>L\u2019obturateur du r\u00e9troviseur, en cas de remplacement des r\u00e9troviseurs OEM par de nouveaux r\u00e9troviseurs install\u00e9s sur le guidon, permet de couvrir \u00e9l\u00e9gamment le trou laiss\u00e9 sur le car\u00e9nage.<\/p>\n","protected":false},"excerpt":{"rendered":"<p>L\u2019obturateur du r\u00e9troviseur, en cas de remplacement des r\u00e9troviseurs OEM par de nouveaux r\u00e9troviseurs install\u00e9s sur le guidon, permet de couvrir \u00e9l\u00e9gamment le trou laiss\u00e9 sur le car\u00e9nage.<\/p>\n","protected":false},"featured_media":297722,"template":"","meta":{"_acf_changed":false},"rizoma_assembly_time":[42664],"rizoma_bike":[41670,41672],"rizoma_division":[42651],"rizoma_family":[42837],"rizoma_model_category":[],"rizoma_product_template":[],"product_brand":[],"product_cat":[43939],"product_tag":[],"class_list":{"0":"post-315361","1":"product","2":"type-product","3":"status-publish","4":"has-post-thumbnail","6":"rizoma_bike-cbr-1000-rr-c-abs-2009-11","7":"rizoma_bike-cbr-1000-rr-fireblade-2008-11","8":"product_cat-retroviseurs","10":"first","11":"instock","12":"sale","13":"taxable","14":"shipping-taxable","15":"purchasable","16":"product-type-variable"},"acf":[],"_links":{"self":[{"href":"https:\/\/www.rizoma.com\/fr\/wp-json\/wp\/v2\/product\/315361","targetHints":{"allow":["GET"]}}],"collection":[{"href":"https:\/\/www.rizoma.com\/fr\/wp-json\/wp\/v2\/product"}],"about":[{"href":"https:\/\/www.rizoma.com\/fr\/wp-json\/wp\/v2\/types\/product"}],"wp:featuredmedia":[{"embeddable":true,"href":"https:\/\/www.rizoma.com\/fr\/wp-json\/wp\/v2\/media\/297722"}],"wp:attachment":[{"href":"https:\/\/www.rizoma.com\/fr\/wp-json\/wp\/v2\/media?parent=315361"}],"wp:term":[{"taxonomy":"rizoma_assembly_time","embeddable":true,"href":"https:\/\/www.rizoma.com\/fr\/wp-json\/wp\/v2\/rizoma_assembly_time?post=315361"},{"taxonomy":"rizoma_bike","embeddable":true,"href":"https:\/\/www.rizoma.com\/fr\/wp-json\/wp\/v2\/rizoma_bike?post=315361"},{"taxonomy":"rizoma_division","embeddable":true,"href":"https:\/\/www.rizoma.com\/fr\/wp-json\/wp\/v2\/rizoma_division?post=315361"},{"taxonomy":"rizoma_family","embeddable":true,"href":"https:\/\/www.rizoma.com\/fr\/wp-json\/wp\/v2\/rizoma_family?post=315361"},{"taxonomy":"rizoma_model_category","embeddable":true,"href":"https:\/\/www.rizoma.com\/fr\/wp-json\/wp\/v2\/rizoma_model_category?post=315361"},{"taxonomy":"rizoma_product_template","embeddable":true,"href":"https:\/\/www.rizoma.com\/fr\/wp-json\/wp\/v2\/rizoma_product_template?post=315361"},{"taxonomy":"product_brand","embeddable":true,"href":"https:\/\/www.rizoma.com\/fr\/wp-json\/wp\/v2\/product_brand?post=315361"},{"taxonomy":"product_cat","embeddable":true,"href":"https:\/\/www.rizoma.com\/fr\/wp-json\/wp\/v2\/product_cat?post=315361"},{"taxonomy":"product_tag","embeddable":true,"href":"https:\/\/www.rizoma.com\/fr\/wp-json\/wp\/v2\/product_tag?post=315361"}],"curies":[{"name":"wp","href":"https:\/\/api.w.org\/{rel}","templated":true}]}}