{"id":315251,"date":"2024-11-21T16:37:42","date_gmt":"2024-11-21T15:37:42","guid":{"rendered":"https:\/\/rwp.rizoma.com\/negozio\/kit-de-montage-pour-clignotants-rizoma-light-unit-sur-retroviseurs-side-mount-fr443\/"},"modified":"2025-05-11T21:06:54","modified_gmt":"2025-05-11T19:06:54","slug":"kit-de-montage-pour-clignotants-rizoma-light-unit-sur-retroviseurs-side-mount-fr443","status":"publish","type":"product","link":"https:\/\/www.rizoma.com\/fr\/negozio\/clignotants\/FR443\/kit-de-montage-pour-clignotants-rizoma-light-unit-sur-retroviseurs-side-mount-fr443\/","title":{"rendered":"Kit de montage pour clignotants Rizoma Light Unit sur r\u00e9troviseurs Side Mount"},"content":{"rendered":"<p>R\u00e9alis\u00e9 \u00e0 partir d\u2019un bloc d\u2019aluminium complet, le kit de montage Rizoma pour clignotant LIGHT UNIT, vous permet de monter ce dernier sur des r\u00e9troviseurs Rizoma de type SIDE MOUNT. Le kit est con\u00e7u pour \u00eatre fix\u00e9 rapidement et facilement, vous permettant d\u2019int\u00e9grer \u00e9l\u00e9gamment l\u2019indicateur, avec sa petite taille, au r\u00e9troviseur.<\/p>\n","protected":false},"excerpt":{"rendered":"<p>R\u00e9alis\u00e9 \u00e0 partir d\u2019un bloc d\u2019aluminium complet, le kit de montage Rizoma pour clignotant LIGHT UNIT, vous permet de monter ce dernier sur des r\u00e9troviseurs Rizoma de type SIDE MOUNT. Le kit est con\u00e7u pour \u00eatre fix\u00e9 rapidement et facilement, vous permettant d\u2019int\u00e9grer \u00e9l\u00e9gamment l\u2019indicateur, avec sa petite taille, au r\u00e9troviseur.<\/p>\n","protected":false},"featured_media":295782,"template":"","meta":{"_acf_changed":false},"rizoma_assembly_time":[42675],"rizoma_bike":[43787,43808,43800,43798,43811,41996,41978,43823,43788,43795,43781,43820,43812,43777,43817,43794,43803,43805,43802,43822,41820,43792,41987,41997,43821,43779,43819,43782,43813,43790,43780,43791,43786,43793,43783,43789,43824,41568,41569,41935,44379,44380,42598,42601,42552,43391,43392,42602,41545,41546,41801,41829,41950,41848,41751,41548,41515,41780,42145,41516,42348,42099,41938,42011,41845,42165,42315,41750,41759,41817,41439,42096,42246,42235,42136,42293,42137,42294,42019,41956,41884,41883,41521,41522,41804,41805,41951,41952,41795,42057,41440,42146,42194,41460,41461,41462,41841,42007,42124,41929,41842,42008,41896,41477,41843,42061,41483,41844,42009,42156,42157,42082,41870,41923,42152,41924,42341,42342,42587,42635,42518,41416,41417,41792,41888,42043,42067,41885,41889,42069,41796,43995,41797,41942,41798,41871,41890,42029,42085,42143,42088,42086,42087,42213,44000,44001,44002,44003,44004,41772,43818,43797,43807,41410,41411,41412,41809,41970,41413,41838,41971,42111,41443,41444,41893,41445,42128,42283,42177,42006,41981,42178,41840,42089,42292,42281,42249,42090,42091,42250,42427,42144,42010,41876,42054,42005,42325,42388,41943,41877,41958,42327,41879,42429,43816,42169,42396,43684,42475,43683,42603,41968,41936,41513,41756,41514,42218,42313,42219,42314,42431,42580,42524,42100,42243,41575,41886,41419,41764,42303,42648,43896,44421,42026,42114,42122,42105,42106,42012,42013,42168,42189,42241,41778,42042,41773,42020,42084,42244,43804,42018,42112,42119,42068,42113,41945,42328,42329,42473,41955,42330,41917,41928,41963,42158,41825,41830,41832,41887,41962,41826,41973,41528,42051,41784,41846,42001,41909,42237,42210,42256,41529,41530,41785,41788,41531,41800,41803,42038,42171,42317,42172,42318,42173,42319,42174,42320,42083,42104,42257],"rizoma_division":[42651],"rizoma_family":[42709],"rizoma_model_category":[],"rizoma_product_template":[],"product_brand":[],"product_cat":[42714],"product_tag":[],"class_list":{"0":"post-315251","1":"product","2":"type-product","3":"status-publish","4":"has-post-thumbnail","6":"rizoma_bike-107-breakout-2018-19-fxbr","7":"rizoma_bike-107-fat-bob-2017-20-fxfb","8":"rizoma_bike-107-fat-boy-2017-20-flfb","9":"rizoma_bike-107-slim-2018-20-flsl","10":"rizoma_bike-107-street-bob-2018-20-fxbb","11":"rizoma_bike-1090-adventure-r-2017-19","12":"rizoma_bike-1090-adventure-s-l-2017-19","13":"rizoma_bike-1130-v-rod-2006-vrsca","14":"rizoma_bike-1130-v-rod-2007-vrscaw","15":"rizoma_bike-114-breakout-2018-20-fxbrs","16":"rizoma_bike-114-fat-bob-2018-20-fxfbs","17":"rizoma_bike-114-fat-boy-2018-20-flfbs","18":"rizoma_bike-114-fxdr-2019-20","19":"rizoma_bike-1200-xl-sportster-low-2007","20":"rizoma_bike-1200c-sportster-custom-2005-06","21":"rizoma_bike-1200c-sportster-custom-2007","22":"rizoma_bike-1200c-sportster-custom-2008-12","23":"rizoma_bike-1200l-xl-sportster-low-2005-06","24":"rizoma_bike-1200l-xl-sportster-low-2008-09","25":"rizoma_bike-1200n-sportster-nightster-xl-2008-12","26":"rizoma_bike-125-duke-abs-2013-16","27":"rizoma_bike-1250-v-rod-2008-12-vrscaw","28":"rizoma_bike-1290-super-adventure-r-2017-20","29":"rizoma_bike-1290-super-adventure-s-2017-20","30":"rizoma_bike-883-sportester-r-2007","31":"rizoma_bike-883-sportster-custom-2006","32":"rizoma_bike-883-sportster-r-2006","33":"rizoma_bike-883-sportster-xl-2006","34":"rizoma_bike-883-sportster-xl-2007","35":"rizoma_bike-883-sportster-xl-2008-09","36":"rizoma_bike-883c-sportster-custom-xl-2007","37":"rizoma_bike-883c-sportster-custom-xl-2008-12","38":"rizoma_bike-883l-sportster-low-xl-2005","39":"rizoma_bike-883l-sportster-low-xl-2006","40":"rizoma_bike-883l-sportster-low-xl-2007","41":"rizoma_bike-883l-sportster-low-xl-2008-12","42":"rizoma_bike-883r-sportster-xl-2008-16","43":"rizoma_bike-bonneville-t100-2001-07","44":"rizoma_bike-bonneville-t100-2008-16","45":"rizoma_bike-bonneville-t120-2016-20","46":"rizoma_bike-bonneville-t120-2026","47":"rizoma_bike-bonneville-t120-black-2026","48":"rizoma_bike-bonneville-t120-black-dgr-limited-edition-2023","49":"rizoma_bike-bonneville-t120-black-stealth-edition-2024","50":"rizoma_bike-bonneville-t120-chrome-edition-2023","51":"rizoma_bike-bonneville-t120-elvis-2024-26","52":"rizoma_bike-bonneville-t120-icon-edition-2025-26","53":"rizoma_bike-bonneville-t120-stealth-edition-2024","54":"rizoma_bike-brutale-750-america-2004-06","55":"rizoma_bike-brutale-750-serie-oro-2001-05","56":"rizoma_bike-brutale-800-2012-15","57":"rizoma_bike-brutale-800-eas-2012-14","58":"rizoma_bike-brutale-800-eas-2015","59":"rizoma_bike-brutale-800-eas-abs-2012-15","60":"rizoma_bike-brutale-920-2011-12","61":"rizoma_bike-brutale-989-r-1","62":"rizoma_bike-cb-1000-r-2008-10","63":"rizoma_bike-cb-1000-r-2011-14","64":"rizoma_bike-cb-1000-r-neo-sport-cafe-2019-20","65":"rizoma_bike-cb-1000-r-abs-2011-17","66":"rizoma_bike-cb-1000-r-black-edition-2021-22","67":"rizoma_bike-cb-1000-r-neo-sport-cafe-2018-20","68":"rizoma_bike-cb-500-f-abs-2016","69":"rizoma_bike-cb-650-f-2017-18","70":"rizoma_bike-cb-650-f-abs-2014-17","71":"rizoma_bike-cb-650-r-2019-20","72":"rizoma_bike-cb-650-r-2021-23","73":"rizoma_bike-er-6n-2009-11","74":"rizoma_bike-er-6n-abs-2012-16","75":"rizoma_bike-f-800-gs-adventure-2013-17","76":"rizoma_bike-f-800-r-2009-11","77":"rizoma_bike-f-850-gs-2018-20","78":"rizoma_bike-f-900-r-2021-24","79":"rizoma_bike-f-900-xr-2020-24","80":"rizoma_bike-ftr-1200-2019-20","81":"rizoma_bike-ftr-1200-2021-25","82":"rizoma_bike-ftr-1200-s-2019-20","83":"rizoma_bike-ftr-1200-s-2021-22","84":"rizoma_bike-g-310-gs-2017-20","85":"rizoma_bike-g-310-r-2016-20","86":"rizoma_bike-gsx-s-1000-f-abs-2014-17","87":"rizoma_bike-gsx-s1000-abs-2015-17","88":"rizoma_bike-hornet-600-2011-13","89":"rizoma_bike-hornet-600-abs-2011-13","90":"rizoma_bike-hypermotard-821-2013-15","91":"rizoma_bike-hypermotard-821-sp-2013-15","92":"rizoma_bike-hypermotard-939-2016-18","93":"rizoma_bike-hypermotard-939-sp-2016-18","94":"rizoma_bike-hyperstrada-821-2013-15","95":"rizoma_bike-hyperstrada-939-2016-18","96":"rizoma_bike-k-1300-r-2009-16","97":"rizoma_bike-katana-1000-2019-20","98":"rizoma_bike-katana-1000-jindachi-2019-20","99":"rizoma_bike-monster-1100-2009-10","100":"rizoma_bike-monster-1100-evo-2011-12","101":"rizoma_bike-monster-1100-s-2009-10","102":"rizoma_bike-monster-1200-2014-16","103":"rizoma_bike-monster-1200-2017-21","104":"rizoma_bike-monster-1200-25-anniversario-2018-19","105":"rizoma_bike-monster-1200-r-2016-19","106":"rizoma_bike-monster-1200-s-2014-16","107":"rizoma_bike-monster-1200-s-2017-21","108":"rizoma_bike-monster-1200-s-stripe-2014-15","109":"rizoma_bike-monster-696-2008-13","110":"rizoma_bike-monster-696-abs-2009-14","111":"rizoma_bike-monster-696-plus-2007-14","112":"rizoma_bike-monster-796-2010-13","113":"rizoma_bike-monster-796-abs-2010-14","114":"rizoma_bike-monster-797-2017-18","115":"rizoma_bike-monster-797-2019-20","116":"rizoma_bike-monster-797-plus-2019","117":"rizoma_bike-monster-821-2018-20","118":"rizoma_bike-monster-821-abs-2014-17","119":"rizoma_bike-monster-821-dark-abs-2014-16","120":"rizoma_bike-monster-821-stealth-2019-20","121":"rizoma_bike-monster-821-stripe-abs-2015-17","122":"rizoma_bike-monster-937-2021-25","123":"rizoma_bike-monster-937-2021-25-1","124":"rizoma_bike-monster-937-30-anniversario-2023-24","125":"rizoma_bike-monster-937-senna-2024","126":"rizoma_bike-monster-937-sp-2023-25","127":"rizoma_bike-multistrada-1200-2010-12","128":"rizoma_bike-multistrada-1200-abs-2010-12","129":"rizoma_bike-multistrada-1200-abs-2013-14","130":"rizoma_bike-multistrada-1200-abs-2015-17","131":"rizoma_bike-multistrada-1200-enduro-2016-18","132":"rizoma_bike-multistrada-1200-enduro-pro-2017-18","133":"rizoma_bike-multistrada-1200-s-2013-14","134":"rizoma_bike-multistrada-1200-s-2015-17","135":"rizoma_bike-multistrada-1200-s-d-air-2017-18","136":"rizoma_bike-multistrada-1200-s-granturismo-2013-14","137":"rizoma_bike-multistrada-1200-s-pikes-peak-2010-12","138":"rizoma_bike-multistrada-1200-s-pikes-peak-2013-14","139":"rizoma_bike-multistrada-1200-s-pikes-peak-2016-17","140":"rizoma_bike-multistrada-1200-s-touring-2013-14","141":"rizoma_bike-multistrada-1200-s-touring-d-air-2013-14","142":"rizoma_bike-multistrada-1200-s-touring-d-air-2014-16","143":"rizoma_bike-multistrada-1200-s-touring-d-air-2017","144":"rizoma_bike-multistrada-1260-2018-20","145":"rizoma_bike-multistrada-1260-enduro-2019-21","146":"rizoma_bike-multistrada-1260-pikes-peak-2018-20","147":"rizoma_bike-multistrada-1260-s-2018-20","148":"rizoma_bike-multistrada-1260-s-d-air-2018-20","149":"rizoma_bike-multistrada-1260-s-grand-tour-2020","150":"rizoma_bike-multistrada-950-2018","151":"rizoma_bike-multistrada-950-2019-20","152":"rizoma_bike-multistrada-950-2021","153":"rizoma_bike-multistrada-950-s-2019-20","154":"rizoma_bike-multistrada-950-s-2021","155":"rizoma_bike-nc700x-abs-2012-13","156":"rizoma_bike-night-rod-special-2006-vrscdx","157":"rizoma_bike-night-rod-special-2007-vrscdx","158":"rizoma_bike-night-rod-special-2008-16-vrscdx","159":"rizoma_bike-r-1200-gs-2004-07","160":"rizoma_bike-r-1200-gs-2008-09","161":"rizoma_bike-r-1200-gs-2010-12","162":"rizoma_bike-r-1200-gs-2013-16","163":"rizoma_bike-r-1200-gs-2017-18","164":"rizoma_bike-r-1200-gs-adventure-2010-13","165":"rizoma_bike-r-1200-gs-adventure-2013-16","166":"rizoma_bike-r-1200-gs-adventure-2017-18","167":"rizoma_bike-r-1200-gs-rallye-2017-18","168":"rizoma_bike-r-1200-r-2006-11","169":"rizoma_bike-r-1200-r-2011-14","170":"rizoma_bike-r-1200-r-2015-16","171":"rizoma_bike-r-1200-r-classic-2011-12","172":"rizoma_bike-r-1250-gs-2019-20","173":"rizoma_bike-r-1250-gs-adventure-2019-20","174":"rizoma_bike-r-1250-gs-hp-2019","175":"rizoma_bike-r-ninet-1200-2017-20","176":"rizoma_bike-r-ninet-1200-racer-2017-20","177":"rizoma_bike-r-ninet-5-1200-2019-20","178":"rizoma_bike-s-1000-r-2014-16","179":"rizoma_bike-scrambler-1100-2018-20","180":"rizoma_bike-scrambler-1100-dark-pro-2020-24","181":"rizoma_bike-scrambler-1100-ducati-club-italia-2020","182":"rizoma_bike-scrambler-1100-pro-2020-22","183":"rizoma_bike-scrambler-1100-special-2018-20","184":"rizoma_bike-scrambler-1100-sport-2018-20","185":"rizoma_bike-scrambler-1100-sport-pro-2020-25","186":"rizoma_bike-scrambler-1100-tribute-pro-2022-24","187":"rizoma_bike-scrambler-1200-xc-2019-20","188":"rizoma_bike-scrambler-800-cafe-racer-2017-21","189":"rizoma_bike-scrambler-800-classic-2015-16","190":"rizoma_bike-scrambler-800-classic-2017-18","191":"rizoma_bike-scrambler-800-desert-sled-2017-20","192":"rizoma_bike-scrambler-800-desert-sled-2021-22","193":"rizoma_bike-scrambler-800-desert-sled-fasthouse-2021-22","194":"rizoma_bike-scrambler-800-flat-track-pro-2016-17","195":"rizoma_bike-scrambler-800-full-throttle-2015-16","196":"rizoma_bike-scrambler-800-italia-independent-2015-16","197":"rizoma_bike-scrambler-800-night-shift-2021-22","198":"rizoma_bike-scrambler-800-urban-enduro-2015-16","199":"rizoma_bike-scrambler-800-urban-motard-2022","200":"rizoma_bike-softail-slim-2011-17-fls","201":"rizoma_bike-speed-twin-1200-2019-20","202":"rizoma_bike-speed-twin-1200-2021-24","203":"rizoma_bike-speed-twin-1200-2025-26","204":"rizoma_bike-speed-twin-1200-breitling-limited-edition-2022-24","205":"rizoma_bike-speed-twin-1200-rs-2025-26","206":"rizoma_bike-speed-twin-1200-stealth-edition-2024","207":"rizoma_bike-street-triple-rx-abs-2016-17","208":"rizoma_bike-street-twin-900-2016","209":"rizoma_bike-streetfighter-2009-12","210":"rizoma_bike-streetfighter-848-2011-15","211":"rizoma_bike-streetfighter-s-2009-14","212":"rizoma_bike-streetfighter-v4-1100-2020","213":"rizoma_bike-streetfighter-v4-1100-2021-22","214":"rizoma_bike-streetfighter-v4-1100-s-2020","215":"rizoma_bike-streetfighter-v4-1100-s-2021-22","216":"rizoma_bike-streetfighter-v4-1100-sp-2022","217":"rizoma_bike-streetfighter-v4-lamborghini-2023-24","218":"rizoma_bike-streetfighter-v4-sp2-2023-24","219":"rizoma_bike-svartpilen-401-2018-19","220":"rizoma_bike-svartpilen-401-2020","221":"rizoma_bike-thruxton-900-2004-15","222":"rizoma_bike-thruxton-900-ace-2014-15","223":"rizoma_bike-tiger-800-abs-2010-14","224":"rizoma_bike-tiger-explorer-1215-abs-2011-14","225":"rizoma_bike-trident-660-2021-24","226":"rizoma_bike-trident-660-2025","227":"rizoma_bike-trident-660-triple-tribute-edition-2025-26","228":"rizoma_bike-v7-850-stone-special-abs-2021","229":"rizoma_bike-v7-iii-anniversario-2017-18","230":"rizoma_bike-v7-iii-carbon-2018-20","231":"rizoma_bike-v7-iii-limited-2018","232":"rizoma_bike-v7-iii-milano-2018-20","233":"rizoma_bike-v7-iii-rough-2018-20","234":"rizoma_bike-v7-iii-special-2017-20","235":"rizoma_bike-v7-iii-stone-2017-20","236":"rizoma_bike-v7-iii-stone-2019","237":"rizoma_bike-v7-iii-stone-night-pack-2019-20","238":"rizoma_bike-v7-iii-stone-s-2020","239":"rizoma_bike-v7-stone-2012-15","240":"rizoma_bike-versys-1000-2017-18","241":"rizoma_bike-versys-1000-abs-2011-14","242":"rizoma_bike-versys-x-300-2017-20","243":"rizoma_bike-vitpilen-701-2018-19","244":"rizoma_bike-vitpilen-701-2020","245":"rizoma_bike-vrscx-2007","246":"rizoma_bike-x-adv-750-2017","247":"rizoma_bike-x-adv-750-2018-20","248":"rizoma_bike-x-adv-750-desert-track-2018-20","249":"rizoma_bike-x-adv-750-travel-edition-2017","250":"rizoma_bike-x-adv-750-travel-edition-2018-20","251":"rizoma_bike-xdiavel-1262-2016-20","252":"rizoma_bike-xdiavel-1262-black-star-2021","253":"rizoma_bike-xdiavel-1262-dark-2021-24","254":"rizoma_bike-xdiavel-1262-nera-2022-23","255":"rizoma_bike-xdiavel-1262-s-2016-20","256":"rizoma_bike-xdiavel-1262-s-2021-24","257":"rizoma_bike-xjr-1300-2015-17","258":"rizoma_bike-xsr-700-abs-2016-20","259":"rizoma_bike-xsr-700-abs-60th-anniversary-2016-18","260":"rizoma_bike-xsr-700-xtribute-2019-20","261":"rizoma_bike-xv-950-2014-16","262":"rizoma_bike-xv-950-abs","263":"rizoma_bike-xv-950-abs-2014-17","264":"rizoma_bike-xv-950-abs-racer-2015-18","265":"rizoma_bike-xv-950-abs-racer-60th-anniversary-2015-17","266":"rizoma_bike-xv-950-r-abs-2014-16","267":"rizoma_bike-xv-950-r-abs-2017-20","268":"rizoma_bike-z-1000-2010-13","269":"rizoma_bike-z-1000-2017-20","270":"rizoma_bike-z-1000-abs-2010-13","271":"rizoma_bike-z-1000-abs-2014-16","272":"rizoma_bike-z-1000-r-2017-20","273":"rizoma_bike-z-300-abs-2015-16","274":"rizoma_bike-z-650-2020","275":"rizoma_bike-z-650-performance-2019-20","276":"rizoma_bike-z-650-performance-2020","277":"rizoma_bike-z-750-2003-06","278":"rizoma_bike-z-750-2007-14","279":"rizoma_bike-z-750-abs-2007-14","280":"rizoma_bike-z-750-r-2011-14","281":"rizoma_bike-z-750-r-abs-2011-12","282":"rizoma_bike-z-800-2012-13","283":"rizoma_bike-z-800-abs-2012-16","284":"rizoma_bike-z-900-2017-18","285":"rizoma_bike-z-900-2019","286":"rizoma_bike-z-900-2020","287":"rizoma_bike-z-900-a2-2019","288":"rizoma_bike-z-900-a2-2020","289":"rizoma_bike-z-900-performance-2019","290":"rizoma_bike-z-900-performance-2020","291":"rizoma_bike-z-900-performance-a2-2019","292":"rizoma_bike-z-900-performance-a2-2020","293":"rizoma_bike-z-900-rs-2018-20","294":"rizoma_bike-z-900-rs-cafe-2018-21","295":"rizoma_bike-z-900-rs-cafe-performance-2020-21","296":"product_cat-clignotants","298":"first","299":"instock","300":"taxable","301":"shipping-taxable","302":"purchasable","303":"product-type-variable"},"acf":[],"_links":{"self":[{"href":"https:\/\/www.rizoma.com\/fr\/wp-json\/wp\/v2\/product\/315251","targetHints":{"allow":["GET"]}}],"collection":[{"href":"https:\/\/www.rizoma.com\/fr\/wp-json\/wp\/v2\/product"}],"about":[{"href":"https:\/\/www.rizoma.com\/fr\/wp-json\/wp\/v2\/types\/product"}],"wp:featuredmedia":[{"embeddable":true,"href":"https:\/\/www.rizoma.com\/fr\/wp-json\/wp\/v2\/media\/295782"}],"wp:attachment":[{"href":"https:\/\/www.rizoma.com\/fr\/wp-json\/wp\/v2\/media?parent=315251"}],"wp:term":[{"taxonomy":"rizoma_assembly_time","embeddable":true,"href":"https:\/\/www.rizoma.com\/fr\/wp-json\/wp\/v2\/rizoma_assembly_time?post=315251"},{"taxonomy":"rizoma_bike","embeddable":true,"href":"https:\/\/www.rizoma.com\/fr\/wp-json\/wp\/v2\/rizoma_bike?post=315251"},{"taxonomy":"rizoma_division","embeddable":true,"href":"https:\/\/www.rizoma.com\/fr\/wp-json\/wp\/v2\/rizoma_division?post=315251"},{"taxonomy":"rizoma_family","embeddable":true,"href":"https:\/\/www.rizoma.com\/fr\/wp-json\/wp\/v2\/rizoma_family?post=315251"},{"taxonomy":"rizoma_model_category","embeddable":true,"href":"https:\/\/www.rizoma.com\/fr\/wp-json\/wp\/v2\/rizoma_model_category?post=315251"},{"taxonomy":"rizoma_product_template","embeddable":true,"href":"https:\/\/www.rizoma.com\/fr\/wp-json\/wp\/v2\/rizoma_product_template?post=315251"},{"taxonomy":"product_brand","embeddable":true,"href":"https:\/\/www.rizoma.com\/fr\/wp-json\/wp\/v2\/product_brand?post=315251"},{"taxonomy":"product_cat","embeddable":true,"href":"https:\/\/www.rizoma.com\/fr\/wp-json\/wp\/v2\/product_cat?post=315251"},{"taxonomy":"product_tag","embeddable":true,"href":"https:\/\/www.rizoma.com\/fr\/wp-json\/wp\/v2\/product_tag?post=315251"}],"curies":[{"name":"wp","href":"https:\/\/api.w.org\/{rel}","templated":true}]}}