{"id":315176,"date":"2024-11-21T16:36:04","date_gmt":"2024-11-21T15:36:04","guid":{"rendered":"https:\/\/rwp.rizoma.com\/negozio\/kit-de-montage-retroviseur-pour-carenage-et-obturateur-retroviseur-bs725\/"},"modified":"2025-01-14T11:11:16","modified_gmt":"2025-01-14T10:11:16","slug":"kit-de-montage-retroviseur-pour-carenage-et-obturateur-retroviseur-bs725","status":"publish","type":"product","link":"https:\/\/www.rizoma.com\/fr\/negozio\/retroviseurs\/BS725\/kit-de-montage-retroviseur-pour-carenage-et-obturateur-retroviseur-bs725\/","title":{"rendered":"Kit de montage r\u00e9troviseur pour car\u00e9nage et obturateur r\u00e9troviseur"},"content":{"rendered":"<p>Le kit Rizoma BS725B a \u00e9t\u00e9 d\u00e9velopp\u00e9 avec une double fonction : kit de montage pour les r\u00e9troviseurs Rizoma de type Sport Mount en conservant la position d&#8217;origine, obturateur de trou de r\u00e9troviseur lorsque l&#8217;on retire les r\u00e9troviseurs du car\u00e9nage et que l&#8217;on opte pour un montage en bout de guidon. En outre, la conception du produit comprend un trou qui permet le passage des c\u00e2bles lors du montage d&#8217;un miroir avec indicateur int\u00e9gr\u00e9.<br \/>Chaque adaptateur de r\u00e9troviseur est r\u00e9alis\u00e9 sp\u00e9cifiquement pour le mod\u00e8le de moto correspondant, afin de garantir une fixation optimale sur le car\u00e9nage. L\u2019adaptateur, dont le design garantit la continuit\u00e9 avec celui des r\u00e9troviseurs, allie la fonctionnalit\u00e9 au confort sans n\u00e9gliger les caract\u00e9ristiques esth\u00e9tiques. Ils sont \u00e9galement taill\u00e9s dans la masse d\u2019aluminium pour leur assurer robustesse et r\u00e9sistance dans le temps.<\/p>\n","protected":false},"excerpt":{"rendered":"<p>Le kit Rizoma BS725B a \u00e9t\u00e9 d\u00e9velopp\u00e9 avec une double fonction : kit de montage pour les r\u00e9troviseurs Rizoma de type Sport Mount en conservant la position d&#8217;origine, obturateur de trou de r\u00e9troviseur lorsque l&#8217;on retire les r\u00e9troviseurs du car\u00e9nage et que l&#8217;on opte pour un montage en bout de guidon. En outre, la conception [&hellip;]<\/p>\n","protected":false},"featured_media":297387,"template":"","meta":{"_acf_changed":false},"rizoma_assembly_time":[42664],"rizoma_bike":[41915,41975,41965,41916,41976],"rizoma_division":[42651],"rizoma_family":[42667],"rizoma_model_category":[],"rizoma_product_template":[],"product_brand":[],"product_cat":[43939],"product_tag":[],"class_list":{"0":"post-315176","1":"product","2":"type-product","3":"status-publish","4":"has-post-thumbnail","6":"rizoma_bike-yzf-r1-2015-16","7":"rizoma_bike-yzf-r1-2017-19","8":"rizoma_bike-yzf-r1-60th-anniversary-2015-16","9":"rizoma_bike-yzf-r1-m-2015-16","10":"rizoma_bike-yzf-r1-m-2017-19","11":"product_cat-retroviseurs","13":"first","14":"instock","15":"taxable","16":"shipping-taxable","17":"purchasable","18":"product-type-variable"},"acf":[],"_links":{"self":[{"href":"https:\/\/www.rizoma.com\/fr\/wp-json\/wp\/v2\/product\/315176","targetHints":{"allow":["GET"]}}],"collection":[{"href":"https:\/\/www.rizoma.com\/fr\/wp-json\/wp\/v2\/product"}],"about":[{"href":"https:\/\/www.rizoma.com\/fr\/wp-json\/wp\/v2\/types\/product"}],"wp:featuredmedia":[{"embeddable":true,"href":"https:\/\/www.rizoma.com\/fr\/wp-json\/wp\/v2\/media\/297387"}],"wp:attachment":[{"href":"https:\/\/www.rizoma.com\/fr\/wp-json\/wp\/v2\/media?parent=315176"}],"wp:term":[{"taxonomy":"rizoma_assembly_time","embeddable":true,"href":"https:\/\/www.rizoma.com\/fr\/wp-json\/wp\/v2\/rizoma_assembly_time?post=315176"},{"taxonomy":"rizoma_bike","embeddable":true,"href":"https:\/\/www.rizoma.com\/fr\/wp-json\/wp\/v2\/rizoma_bike?post=315176"},{"taxonomy":"rizoma_division","embeddable":true,"href":"https:\/\/www.rizoma.com\/fr\/wp-json\/wp\/v2\/rizoma_division?post=315176"},{"taxonomy":"rizoma_family","embeddable":true,"href":"https:\/\/www.rizoma.com\/fr\/wp-json\/wp\/v2\/rizoma_family?post=315176"},{"taxonomy":"rizoma_model_category","embeddable":true,"href":"https:\/\/www.rizoma.com\/fr\/wp-json\/wp\/v2\/rizoma_model_category?post=315176"},{"taxonomy":"rizoma_product_template","embeddable":true,"href":"https:\/\/www.rizoma.com\/fr\/wp-json\/wp\/v2\/rizoma_product_template?post=315176"},{"taxonomy":"product_brand","embeddable":true,"href":"https:\/\/www.rizoma.com\/fr\/wp-json\/wp\/v2\/product_brand?post=315176"},{"taxonomy":"product_cat","embeddable":true,"href":"https:\/\/www.rizoma.com\/fr\/wp-json\/wp\/v2\/product_cat?post=315176"},{"taxonomy":"product_tag","embeddable":true,"href":"https:\/\/www.rizoma.com\/fr\/wp-json\/wp\/v2\/product_tag?post=315176"}],"curies":[{"name":"wp","href":"https:\/\/api.w.org\/{rel}","templated":true}]}}