{"id":315126,"date":"2024-11-21T16:35:04","date_gmt":"2024-11-21T15:35:04","guid":{"rendered":"https:\/\/rwp.rizoma.com\/negozio\/garde-boue-avant-zhd141\/"},"modified":"2026-04-04T07:24:08","modified_gmt":"2026-04-04T05:24:08","slug":"garde-boue-avant-zhd141","status":"publish","type":"product","link":"https:\/\/www.rizoma.com\/fr\/negozio\/garde-boue\/ZHD141\/garde-boue-avant-zhd141\/motorbike\/10464\/moto-guzzi\/v7\/","title":{"rendered":"Garde-boue avant"},"content":{"rendered":"<p>Le garde-boue avant (0,25 kg) est en t\u00f4le d\u2019aluminium form\u00e9e, bross\u00e9e et anodis\u00e9e. Avec le Saute-vent Rizoma pour la ligne FXDR, il harmonise tout le profil\u00a0: du m\u00e9tal pur pour votre moto.<\/p>\n","protected":false},"excerpt":{"rendered":"<p>Le garde-boue avant (0,25 kg) est en t\u00f4le d\u2019aluminium form\u00e9e, bross\u00e9e et anodis\u00e9e. Avec le Saute-vent Rizoma pour la ligne FXDR, il harmonise tout le profil\u00a0: du m\u00e9tal pur pour votre moto.<\/p>\n","protected":false},"featured_media":294962,"template":"","meta":{"_acf_changed":false},"rizoma_assembly_time":[42664],"rizoma_bike":[43785],"rizoma_division":[42651],"rizoma_family":[],"rizoma_model_category":[],"rizoma_product_template":[],"product_brand":[],"product_cat":[42873],"product_tag":[],"class_list":{"0":"post-315126","1":"product","2":"type-product","3":"status-publish","4":"has-post-thumbnail","6":"rizoma_bike-1200-forty-eight-2016-20","7":"product_cat-garde-boue","9":"first","10":"instock","11":"taxable","12":"shipping-taxable","13":"purchasable","14":"product-type-variable"},"acf":[],"_links":{"self":[{"href":"https:\/\/www.rizoma.com\/fr\/wp-json\/wp\/v2\/product\/315126","targetHints":{"allow":["GET"]}}],"collection":[{"href":"https:\/\/www.rizoma.com\/fr\/wp-json\/wp\/v2\/product"}],"about":[{"href":"https:\/\/www.rizoma.com\/fr\/wp-json\/wp\/v2\/types\/product"}],"wp:featuredmedia":[{"embeddable":true,"href":"https:\/\/www.rizoma.com\/fr\/wp-json\/wp\/v2\/media\/294962"}],"wp:attachment":[{"href":"https:\/\/www.rizoma.com\/fr\/wp-json\/wp\/v2\/media?parent=315126"}],"wp:term":[{"taxonomy":"rizoma_assembly_time","embeddable":true,"href":"https:\/\/www.rizoma.com\/fr\/wp-json\/wp\/v2\/rizoma_assembly_time?post=315126"},{"taxonomy":"rizoma_bike","embeddable":true,"href":"https:\/\/www.rizoma.com\/fr\/wp-json\/wp\/v2\/rizoma_bike?post=315126"},{"taxonomy":"rizoma_division","embeddable":true,"href":"https:\/\/www.rizoma.com\/fr\/wp-json\/wp\/v2\/rizoma_division?post=315126"},{"taxonomy":"rizoma_family","embeddable":true,"href":"https:\/\/www.rizoma.com\/fr\/wp-json\/wp\/v2\/rizoma_family?post=315126"},{"taxonomy":"rizoma_model_category","embeddable":true,"href":"https:\/\/www.rizoma.com\/fr\/wp-json\/wp\/v2\/rizoma_model_category?post=315126"},{"taxonomy":"rizoma_product_template","embeddable":true,"href":"https:\/\/www.rizoma.com\/fr\/wp-json\/wp\/v2\/rizoma_product_template?post=315126"},{"taxonomy":"product_brand","embeddable":true,"href":"https:\/\/www.rizoma.com\/fr\/wp-json\/wp\/v2\/product_brand?post=315126"},{"taxonomy":"product_cat","embeddable":true,"href":"https:\/\/www.rizoma.com\/fr\/wp-json\/wp\/v2\/product_cat?post=315126"},{"taxonomy":"product_tag","embeddable":true,"href":"https:\/\/www.rizoma.com\/fr\/wp-json\/wp\/v2\/product_tag?post=315126"}],"curies":[{"name":"wp","href":"https:\/\/api.w.org\/{rel}","templated":true}]}}