{"id":315121,"date":"2024-11-21T16:34:57","date_gmt":"2024-11-21T15:34:57","guid":{"rendered":"https:\/\/rwp.rizoma.com\/negozio\/saute-vent-zhd091\/"},"modified":"2025-01-14T11:57:21","modified_gmt":"2025-01-14T10:57:21","slug":"saute-vent-zhd091","status":"publish","type":"product","link":"https:\/\/www.rizoma.com\/fr\/negozio\/saute-vents\/ZHD091\/saute-vent-zhd091\/","title":{"rendered":"Saute-vent"},"content":{"rendered":"<p>L\u2019alliance d\u2019une forte personnalit\u00e9 et de lignes \u00e9l\u00e9gantes. Le saute-vent en t\u00f4le d\u2019aluminium form\u00e9e, bross\u00e9e et anodis\u00e9e (environ 0,280 kg de pur design) est dot\u00e9 de deux fen\u00eatres en polycarbonate qui laissent entrevoir les instruments qu\u2019il couvre, il est le parfait exemple d\u2019efficacit\u00e9 a\u00e9rodynamique associ\u00e9e \u00e0 un style incomparable.<\/p>\n","protected":false},"excerpt":{"rendered":"<p>L\u2019alliance d\u2019une forte personnalit\u00e9 et de lignes \u00e9l\u00e9gantes. Le saute-vent en t\u00f4le d\u2019aluminium form\u00e9e, bross\u00e9e et anodis\u00e9e (environ 0,280 kg de pur design) est dot\u00e9 de deux fen\u00eatres en polycarbonate qui laissent entrevoir les instruments qu\u2019il couvre, il est le parfait exemple d\u2019efficacit\u00e9 a\u00e9rodynamique associ\u00e9e \u00e0 un style incomparable.<\/p>\n","protected":false},"featured_media":294902,"template":"","meta":{"_acf_changed":false},"rizoma_assembly_time":[42675],"rizoma_bike":[43785],"rizoma_division":[42651],"rizoma_family":[],"rizoma_model_category":[],"rizoma_product_template":[],"product_brand":[],"product_cat":[42827],"product_tag":[],"class_list":{"0":"post-315121","1":"product","2":"type-product","3":"status-publish","4":"has-post-thumbnail","6":"rizoma_bike-1200-forty-eight-2016-20","7":"product_cat-saute-vents","9":"first","10":"instock","11":"sale","12":"taxable","13":"shipping-taxable","14":"purchasable","15":"product-type-variable"},"acf":[],"_links":{"self":[{"href":"https:\/\/www.rizoma.com\/fr\/wp-json\/wp\/v2\/product\/315121","targetHints":{"allow":["GET"]}}],"collection":[{"href":"https:\/\/www.rizoma.com\/fr\/wp-json\/wp\/v2\/product"}],"about":[{"href":"https:\/\/www.rizoma.com\/fr\/wp-json\/wp\/v2\/types\/product"}],"wp:featuredmedia":[{"embeddable":true,"href":"https:\/\/www.rizoma.com\/fr\/wp-json\/wp\/v2\/media\/294902"}],"wp:attachment":[{"href":"https:\/\/www.rizoma.com\/fr\/wp-json\/wp\/v2\/media?parent=315121"}],"wp:term":[{"taxonomy":"rizoma_assembly_time","embeddable":true,"href":"https:\/\/www.rizoma.com\/fr\/wp-json\/wp\/v2\/rizoma_assembly_time?post=315121"},{"taxonomy":"rizoma_bike","embeddable":true,"href":"https:\/\/www.rizoma.com\/fr\/wp-json\/wp\/v2\/rizoma_bike?post=315121"},{"taxonomy":"rizoma_division","embeddable":true,"href":"https:\/\/www.rizoma.com\/fr\/wp-json\/wp\/v2\/rizoma_division?post=315121"},{"taxonomy":"rizoma_family","embeddable":true,"href":"https:\/\/www.rizoma.com\/fr\/wp-json\/wp\/v2\/rizoma_family?post=315121"},{"taxonomy":"rizoma_model_category","embeddable":true,"href":"https:\/\/www.rizoma.com\/fr\/wp-json\/wp\/v2\/rizoma_model_category?post=315121"},{"taxonomy":"rizoma_product_template","embeddable":true,"href":"https:\/\/www.rizoma.com\/fr\/wp-json\/wp\/v2\/rizoma_product_template?post=315121"},{"taxonomy":"product_brand","embeddable":true,"href":"https:\/\/www.rizoma.com\/fr\/wp-json\/wp\/v2\/product_brand?post=315121"},{"taxonomy":"product_cat","embeddable":true,"href":"https:\/\/www.rizoma.com\/fr\/wp-json\/wp\/v2\/product_cat?post=315121"},{"taxonomy":"product_tag","embeddable":true,"href":"https:\/\/www.rizoma.com\/fr\/wp-json\/wp\/v2\/product_tag?post=315121"}],"curies":[{"name":"wp","href":"https:\/\/api.w.org\/{rel}","templated":true}]}}