{"id":315036,"date":"2024-11-21T16:33:11","date_gmt":"2024-11-21T15:33:11","guid":{"rendered":"https:\/\/rwp.rizoma.com\/negozio\/bouchon-de-reservoir-fluide-de-frein-avant-tp049\/"},"modified":"2026-04-03T07:21:16","modified_gmt":"2026-04-03T05:21:16","slug":"bouchon-de-reservoir-fluide-de-frein-avant-tp049","status":"publish","type":"product","link":"https:\/\/www.rizoma.com\/fr\/negozio\/reservoirs-fluide\/TP049\/bouchon-de-reservoir-fluide-de-frein-avant-tp049\/","title":{"rendered":"Bouchon de r\u00e9servoir fluide de frein avant"},"content":{"rendered":"<p>Le design des bouchons de r\u00e9servoir de fluide de frein Rizoma, enti\u00e8rement taill\u00e9s dans la masse d\u2019aluminium, est soign\u00e9 dans les moindres d\u00e9tails pour s\u2019adapter \u00e0 la perfection au style de votre moto. De plus, la finition anodis\u00e9e garantit un r\u00e9sultat esth\u00e9tique plus durable.<\/p>\n","protected":false},"excerpt":{"rendered":"<p>Le design des bouchons de r\u00e9servoir de fluide de frein Rizoma, enti\u00e8rement taill\u00e9s dans la masse d\u2019aluminium, est soign\u00e9 dans les moindres d\u00e9tails pour s\u2019adapter \u00e0 la perfection au style de votre moto. De plus, la finition anodis\u00e9e garantit un r\u00e9sultat esth\u00e9tique plus durable.<\/p>\n","protected":false},"featured_media":296212,"template":"","meta":{"_acf_changed":false},"rizoma_assembly_time":[42753],"rizoma_bike":[42100,42243,44421,42026,42114,42122,42105,42106,42012,42013,42168,42189,42241,44423,44428,41778,42359,44426,42360,44430,44424],"rizoma_division":[42651],"rizoma_family":[42817],"rizoma_model_category":[],"rizoma_product_template":[],"product_brand":[],"product_cat":[42688],"product_tag":[],"class_list":{"0":"post-315036","1":"product","2":"type-product","3":"status-publish","4":"has-post-thumbnail","6":"rizoma_bike-svartpilen-401-2018-19","7":"rizoma_bike-svartpilen-401-2020","8":"rizoma_bike-v7-850-stone-special-abs-2021","9":"rizoma_bike-v7-iii-anniversario-2017-18","10":"rizoma_bike-v7-iii-carbon-2018-20","11":"rizoma_bike-v7-iii-limited-2018","12":"rizoma_bike-v7-iii-milano-2018-20","13":"rizoma_bike-v7-iii-rough-2018-20","14":"rizoma_bike-v7-iii-special-2017-20","15":"rizoma_bike-v7-iii-stone-2017-20","16":"rizoma_bike-v7-iii-stone-2019","17":"rizoma_bike-v7-iii-stone-night-pack-2019-20","18":"rizoma_bike-v7-iii-stone-s-2020","19":"rizoma_bike-v7-special-2021-24","20":"rizoma_bike-v7-special-2025-26","21":"rizoma_bike-v7-stone-2012-15","22":"rizoma_bike-v7-stone-2021-24","23":"rizoma_bike-v7-stone-2025-26","24":"rizoma_bike-v7-stone-centenario-2021-22","25":"rizoma_bike-v7-stone-special-edition-2022-25","26":"rizoma_bike-v7-stone-ten-2024-25","27":"product_cat-reservoirs-fluide","29":"first","30":"instock","31":"taxable","32":"shipping-taxable","33":"purchasable","34":"product-type-variable"},"acf":[],"_links":{"self":[{"href":"https:\/\/www.rizoma.com\/fr\/wp-json\/wp\/v2\/product\/315036","targetHints":{"allow":["GET"]}}],"collection":[{"href":"https:\/\/www.rizoma.com\/fr\/wp-json\/wp\/v2\/product"}],"about":[{"href":"https:\/\/www.rizoma.com\/fr\/wp-json\/wp\/v2\/types\/product"}],"wp:featuredmedia":[{"embeddable":true,"href":"https:\/\/www.rizoma.com\/fr\/wp-json\/wp\/v2\/media\/296212"}],"wp:attachment":[{"href":"https:\/\/www.rizoma.com\/fr\/wp-json\/wp\/v2\/media?parent=315036"}],"wp:term":[{"taxonomy":"rizoma_assembly_time","embeddable":true,"href":"https:\/\/www.rizoma.com\/fr\/wp-json\/wp\/v2\/rizoma_assembly_time?post=315036"},{"taxonomy":"rizoma_bike","embeddable":true,"href":"https:\/\/www.rizoma.com\/fr\/wp-json\/wp\/v2\/rizoma_bike?post=315036"},{"taxonomy":"rizoma_division","embeddable":true,"href":"https:\/\/www.rizoma.com\/fr\/wp-json\/wp\/v2\/rizoma_division?post=315036"},{"taxonomy":"rizoma_family","embeddable":true,"href":"https:\/\/www.rizoma.com\/fr\/wp-json\/wp\/v2\/rizoma_family?post=315036"},{"taxonomy":"rizoma_model_category","embeddable":true,"href":"https:\/\/www.rizoma.com\/fr\/wp-json\/wp\/v2\/rizoma_model_category?post=315036"},{"taxonomy":"rizoma_product_template","embeddable":true,"href":"https:\/\/www.rizoma.com\/fr\/wp-json\/wp\/v2\/rizoma_product_template?post=315036"},{"taxonomy":"product_brand","embeddable":true,"href":"https:\/\/www.rizoma.com\/fr\/wp-json\/wp\/v2\/product_brand?post=315036"},{"taxonomy":"product_cat","embeddable":true,"href":"https:\/\/www.rizoma.com\/fr\/wp-json\/wp\/v2\/product_cat?post=315036"},{"taxonomy":"product_tag","embeddable":true,"href":"https:\/\/www.rizoma.com\/fr\/wp-json\/wp\/v2\/product_tag?post=315036"}],"curies":[{"name":"wp","href":"https:\/\/api.w.org\/{rel}","templated":true}]}}