{"id":314971,"date":"2024-11-21T16:31:46","date_gmt":"2024-11-21T15:31:46","guid":{"rendered":"https:\/\/rwp.rizoma.com\/negozio\/console-reservoir-de-carburant-zhd128\/"},"modified":"2025-05-29T04:10:22","modified_gmt":"2025-05-29T02:10:22","slug":"console-reservoir-de-carburant-zhd128","status":"publish","type":"product","link":"https:\/\/www.rizoma.com\/fr\/negozio\/plus-pour-votre-harley-davidson\/ZHD128\/console-reservoir-de-carburant-zhd128\/","title":{"rendered":"Console re\u0301servoir de carburant"},"content":{"rendered":"<p>La console re\u0301servoir de carburantde Rizoma, enti\u00e8rement taill\u00e9 dans la masse d\u2019aluminium, est parfaitement dans le style de votre FXDR. Mat\u00e9riau de qualit\u00e9 et usinage soign\u00e9 dans les moindres d\u00e9tails. Il est caract\u00e9ris\u00e9 par le graphisme Rizoma typique obtenu gr\u00e2ce \u00e0 un traitement d\u2019anodisation qui garantit un r\u00e9sultat esth\u00e9tique plus durable.<\/p>\n","protected":false},"excerpt":{"rendered":"<p>La console re\u0301servoir de carburantde Rizoma, enti\u00e8rement taill\u00e9 dans la masse d\u2019aluminium, est parfaitement dans le style de votre FXDR. Mat\u00e9riau de qualit\u00e9 et usinage soign\u00e9 dans les moindres d\u00e9tails. Il est caract\u00e9ris\u00e9 par le graphisme Rizoma typique obtenu gr\u00e2ce \u00e0 un traitement d\u2019anodisation qui garantit un r\u00e9sultat esth\u00e9tique plus durable.<\/p>\n","protected":false},"featured_media":294927,"template":"","meta":{"_acf_changed":false},"rizoma_assembly_time":[42664],"rizoma_bike":[43812],"rizoma_division":[42651],"rizoma_family":[],"rizoma_model_category":[],"rizoma_product_template":[],"product_brand":[],"product_cat":[42786],"product_tag":[],"class_list":{"0":"post-314971","1":"product","2":"type-product","3":"status-publish","4":"has-post-thumbnail","6":"rizoma_bike-114-fxdr-2019-20","7":"product_cat-plus-pour-votre-harley-davidson","9":"first","10":"instock","11":"sale","12":"taxable","13":"shipping-taxable","14":"purchasable","15":"product-type-variable"},"acf":[],"_links":{"self":[{"href":"https:\/\/www.rizoma.com\/fr\/wp-json\/wp\/v2\/product\/314971","targetHints":{"allow":["GET"]}}],"collection":[{"href":"https:\/\/www.rizoma.com\/fr\/wp-json\/wp\/v2\/product"}],"about":[{"href":"https:\/\/www.rizoma.com\/fr\/wp-json\/wp\/v2\/types\/product"}],"wp:featuredmedia":[{"embeddable":true,"href":"https:\/\/www.rizoma.com\/fr\/wp-json\/wp\/v2\/media\/294927"}],"wp:attachment":[{"href":"https:\/\/www.rizoma.com\/fr\/wp-json\/wp\/v2\/media?parent=314971"}],"wp:term":[{"taxonomy":"rizoma_assembly_time","embeddable":true,"href":"https:\/\/www.rizoma.com\/fr\/wp-json\/wp\/v2\/rizoma_assembly_time?post=314971"},{"taxonomy":"rizoma_bike","embeddable":true,"href":"https:\/\/www.rizoma.com\/fr\/wp-json\/wp\/v2\/rizoma_bike?post=314971"},{"taxonomy":"rizoma_division","embeddable":true,"href":"https:\/\/www.rizoma.com\/fr\/wp-json\/wp\/v2\/rizoma_division?post=314971"},{"taxonomy":"rizoma_family","embeddable":true,"href":"https:\/\/www.rizoma.com\/fr\/wp-json\/wp\/v2\/rizoma_family?post=314971"},{"taxonomy":"rizoma_model_category","embeddable":true,"href":"https:\/\/www.rizoma.com\/fr\/wp-json\/wp\/v2\/rizoma_model_category?post=314971"},{"taxonomy":"rizoma_product_template","embeddable":true,"href":"https:\/\/www.rizoma.com\/fr\/wp-json\/wp\/v2\/rizoma_product_template?post=314971"},{"taxonomy":"product_brand","embeddable":true,"href":"https:\/\/www.rizoma.com\/fr\/wp-json\/wp\/v2\/product_brand?post=314971"},{"taxonomy":"product_cat","embeddable":true,"href":"https:\/\/www.rizoma.com\/fr\/wp-json\/wp\/v2\/product_cat?post=314971"},{"taxonomy":"product_tag","embeddable":true,"href":"https:\/\/www.rizoma.com\/fr\/wp-json\/wp\/v2\/product_tag?post=314971"}],"curies":[{"name":"wp","href":"https:\/\/api.w.org\/{rel}","templated":true}]}}