{"id":314951,"date":"2024-11-21T16:31:22","date_gmt":"2024-11-21T15:31:22","guid":{"rendered":"https:\/\/rwp.rizoma.com\/negozio\/garde-boue-avant-zhd136\/"},"modified":"2025-05-29T04:10:15","modified_gmt":"2025-05-29T02:10:15","slug":"garde-boue-avant-zhd136","status":"publish","type":"product","link":"https:\/\/www.rizoma.com\/fr\/negozio\/garde-boue\/ZHD136\/garde-boue-avant-zhd136\/","title":{"rendered":"Garde-boue avant"},"content":{"rendered":"<p>Le garde-boue avant est en t\u00f4le d\u2019aluminium form\u00e9e, bross\u00e9e et anodis\u00e9e\u00a0 harmonise le profil avant. Kit avec \u00e9triers de montage.<\/p>\n","protected":false},"excerpt":{"rendered":"<p>Le garde-boue avant est en t\u00f4le d\u2019aluminium form\u00e9e, bross\u00e9e et anodis\u00e9e\u00a0 harmonise le profil avant. Kit avec \u00e9triers de montage.<\/p>\n","protected":false},"featured_media":294947,"template":"","meta":{"_acf_changed":false},"rizoma_assembly_time":[42664],"rizoma_bike":[43812],"rizoma_division":[42651],"rizoma_family":[],"rizoma_model_category":[],"rizoma_product_template":[],"product_brand":[],"product_cat":[42873],"product_tag":[],"class_list":{"0":"post-314951","1":"product","2":"type-product","3":"status-publish","4":"has-post-thumbnail","6":"rizoma_bike-114-fxdr-2019-20","7":"product_cat-garde-boue","9":"first","10":"instock","11":"sale","12":"taxable","13":"shipping-taxable","14":"purchasable","15":"product-type-variable"},"acf":[],"_links":{"self":[{"href":"https:\/\/www.rizoma.com\/fr\/wp-json\/wp\/v2\/product\/314951","targetHints":{"allow":["GET"]}}],"collection":[{"href":"https:\/\/www.rizoma.com\/fr\/wp-json\/wp\/v2\/product"}],"about":[{"href":"https:\/\/www.rizoma.com\/fr\/wp-json\/wp\/v2\/types\/product"}],"wp:featuredmedia":[{"embeddable":true,"href":"https:\/\/www.rizoma.com\/fr\/wp-json\/wp\/v2\/media\/294947"}],"wp:attachment":[{"href":"https:\/\/www.rizoma.com\/fr\/wp-json\/wp\/v2\/media?parent=314951"}],"wp:term":[{"taxonomy":"rizoma_assembly_time","embeddable":true,"href":"https:\/\/www.rizoma.com\/fr\/wp-json\/wp\/v2\/rizoma_assembly_time?post=314951"},{"taxonomy":"rizoma_bike","embeddable":true,"href":"https:\/\/www.rizoma.com\/fr\/wp-json\/wp\/v2\/rizoma_bike?post=314951"},{"taxonomy":"rizoma_division","embeddable":true,"href":"https:\/\/www.rizoma.com\/fr\/wp-json\/wp\/v2\/rizoma_division?post=314951"},{"taxonomy":"rizoma_family","embeddable":true,"href":"https:\/\/www.rizoma.com\/fr\/wp-json\/wp\/v2\/rizoma_family?post=314951"},{"taxonomy":"rizoma_model_category","embeddable":true,"href":"https:\/\/www.rizoma.com\/fr\/wp-json\/wp\/v2\/rizoma_model_category?post=314951"},{"taxonomy":"rizoma_product_template","embeddable":true,"href":"https:\/\/www.rizoma.com\/fr\/wp-json\/wp\/v2\/rizoma_product_template?post=314951"},{"taxonomy":"product_brand","embeddable":true,"href":"https:\/\/www.rizoma.com\/fr\/wp-json\/wp\/v2\/product_brand?post=314951"},{"taxonomy":"product_cat","embeddable":true,"href":"https:\/\/www.rizoma.com\/fr\/wp-json\/wp\/v2\/product_cat?post=314951"},{"taxonomy":"product_tag","embeddable":true,"href":"https:\/\/www.rizoma.com\/fr\/wp-json\/wp\/v2\/product_tag?post=314951"}],"curies":[{"name":"wp","href":"https:\/\/api.w.org\/{rel}","templated":true}]}}