{"id":314941,"date":"2024-11-21T16:31:10","date_gmt":"2024-11-21T15:31:10","guid":{"rendered":"https:\/\/rwp.rizoma.com\/negozio\/cache-courroie-arriere-zhd138\/"},"modified":"2025-05-29T04:09:12","modified_gmt":"2025-05-29T02:09:12","slug":"cache-courroie-arriere-zhd138","status":"publish","type":"product","link":"https:\/\/www.rizoma.com\/fr\/negozio\/plus-pour-votre-harley-davidson\/ZHD138\/cache-courroie-arriere-zhd138\/","title":{"rendered":"Cache-courroie arri\u00e8re"},"content":{"rendered":"<p>Mat\u00e9riau de qualit\u00e9 et usinage soign\u00e9 dans les moindres d\u00e9tails. Il est caract\u00e9ris\u00e9 par le graphisme Rizoma typique obtenu gr\u00e2ce \u00e0 un traitement d\u2019anodisation qui garantit un r\u00e9sultat esth\u00e9tique plus durable. Cache-courroie arri\u00e8re Rizoma, taill\u00e9 dans la masse d\u2019aluminium et anodis\u00e9, dont le design a \u00e9t\u00e9 \u00e9tudi\u00e9 dans les moindres d\u00e9tails, compl\u00e8te la vaste ligne d\u2019accessoires Rizoma pour la ligne FXDR.<\/p>\n","protected":false},"excerpt":{"rendered":"<p>Mat\u00e9riau de qualit\u00e9 et usinage soign\u00e9 dans les moindres d\u00e9tails. Il est caract\u00e9ris\u00e9 par le graphisme Rizoma typique obtenu gr\u00e2ce \u00e0 un traitement d\u2019anodisation qui garantit un r\u00e9sultat esth\u00e9tique plus durable. Cache-courroie arri\u00e8re Rizoma, taill\u00e9 dans la masse d\u2019aluminium et anodis\u00e9, dont le design a \u00e9t\u00e9 \u00e9tudi\u00e9 dans les moindres d\u00e9tails, compl\u00e8te la vaste ligne [&hellip;]<\/p>\n","protected":false},"featured_media":294957,"template":"","meta":{"_acf_changed":false},"rizoma_assembly_time":[42664],"rizoma_bike":[43812],"rizoma_division":[42651],"rizoma_family":[],"rizoma_model_category":[],"rizoma_product_template":[],"product_brand":[],"product_cat":[42786],"product_tag":[],"class_list":{"0":"post-314941","1":"product","2":"type-product","3":"status-publish","4":"has-post-thumbnail","6":"rizoma_bike-114-fxdr-2019-20","7":"product_cat-plus-pour-votre-harley-davidson","9":"first","10":"instock","11":"sale","12":"taxable","13":"shipping-taxable","14":"purchasable","15":"product-type-variable"},"acf":[],"_links":{"self":[{"href":"https:\/\/www.rizoma.com\/fr\/wp-json\/wp\/v2\/product\/314941","targetHints":{"allow":["GET"]}}],"collection":[{"href":"https:\/\/www.rizoma.com\/fr\/wp-json\/wp\/v2\/product"}],"about":[{"href":"https:\/\/www.rizoma.com\/fr\/wp-json\/wp\/v2\/types\/product"}],"wp:featuredmedia":[{"embeddable":true,"href":"https:\/\/www.rizoma.com\/fr\/wp-json\/wp\/v2\/media\/294957"}],"wp:attachment":[{"href":"https:\/\/www.rizoma.com\/fr\/wp-json\/wp\/v2\/media?parent=314941"}],"wp:term":[{"taxonomy":"rizoma_assembly_time","embeddable":true,"href":"https:\/\/www.rizoma.com\/fr\/wp-json\/wp\/v2\/rizoma_assembly_time?post=314941"},{"taxonomy":"rizoma_bike","embeddable":true,"href":"https:\/\/www.rizoma.com\/fr\/wp-json\/wp\/v2\/rizoma_bike?post=314941"},{"taxonomy":"rizoma_division","embeddable":true,"href":"https:\/\/www.rizoma.com\/fr\/wp-json\/wp\/v2\/rizoma_division?post=314941"},{"taxonomy":"rizoma_family","embeddable":true,"href":"https:\/\/www.rizoma.com\/fr\/wp-json\/wp\/v2\/rizoma_family?post=314941"},{"taxonomy":"rizoma_model_category","embeddable":true,"href":"https:\/\/www.rizoma.com\/fr\/wp-json\/wp\/v2\/rizoma_model_category?post=314941"},{"taxonomy":"rizoma_product_template","embeddable":true,"href":"https:\/\/www.rizoma.com\/fr\/wp-json\/wp\/v2\/rizoma_product_template?post=314941"},{"taxonomy":"product_brand","embeddable":true,"href":"https:\/\/www.rizoma.com\/fr\/wp-json\/wp\/v2\/product_brand?post=314941"},{"taxonomy":"product_cat","embeddable":true,"href":"https:\/\/www.rizoma.com\/fr\/wp-json\/wp\/v2\/product_cat?post=314941"},{"taxonomy":"product_tag","embeddable":true,"href":"https:\/\/www.rizoma.com\/fr\/wp-json\/wp\/v2\/product_tag?post=314941"}],"curies":[{"name":"wp","href":"https:\/\/api.w.org\/{rel}","templated":true}]}}