{"id":314891,"date":"2024-11-21T16:30:06","date_gmt":"2024-11-21T15:30:06","guid":{"rendered":"https:\/\/rwp.rizoma.com\/negozio\/kit-support-dimmatriculation-outside-custom-pt564\/"},"modified":"2025-01-14T11:36:50","modified_gmt":"2025-01-14T10:36:50","slug":"kit-support-dimmatriculation-outside-custom-pt564","status":"publish","type":"product","link":"https:\/\/www.rizoma.com\/fr\/negozio\/support-dimmatriculation\/PT564\/kit-support-dimmatriculation-outside-custom-pt564\/","title":{"rendered":"Kit Support d\u2019immatriculation Outside Custom"},"content":{"rendered":"<p>Le kit support d\u2019immatriculation d\u00e9port\u00e9 Outside, taill\u00e9 dans la masse d\u2019aluminium, permet de modifier totalement l\u2019arri\u00e8re de la moto, et pr\u00e9sente \u00e0 la fois des caract\u00e9ristiques structurelles optimales et un impact esth\u00e9tique remarquable, gr\u00e2ce \u00e0 son design essentiel et au mat\u00e9riau de qualit\u00e9 utilis\u00e9. Il est facile \u00e0 monter car il a \u00e9t\u00e9 sp\u00e9cifiquement con\u00e7u pour le mod\u00e8le de moto auquel il est destin\u00e9. Il n\u00e9cessite l\u2019achat d\u2019un support de plaque sp\u00e9cifique Rizoma, vendu s\u00e9par\u00e9ment, dont la dimension doit \u00eatre conforme \u00e0 la l\u00e9gislation du pays d&#8217;utilisation.<\/p>\n","protected":false},"excerpt":{"rendered":"<p>Le kit support d\u2019immatriculation d\u00e9port\u00e9 Outside, taill\u00e9 dans la masse d\u2019aluminium, permet de modifier totalement l\u2019arri\u00e8re de la moto, et pr\u00e9sente \u00e0 la fois des caract\u00e9ristiques structurelles optimales et un impact esth\u00e9tique remarquable, gr\u00e2ce \u00e0 son design essentiel et au mat\u00e9riau de qualit\u00e9 utilis\u00e9. Il est facile \u00e0 monter car il a \u00e9t\u00e9 sp\u00e9cifiquement con\u00e7u [&hellip;]<\/p>\n","protected":false},"featured_media":341859,"template":"","meta":{"_acf_changed":false},"rizoma_assembly_time":[42789],"rizoma_bike":[43808,43781],"rizoma_division":[42651],"rizoma_family":[],"rizoma_model_category":[],"rizoma_product_template":[],"product_brand":[],"product_cat":[42766],"product_tag":[],"class_list":{"0":"post-314891","1":"product","2":"type-product","3":"status-publish","4":"has-post-thumbnail","6":"rizoma_bike-107-fat-bob-2017-20-fxfb","7":"rizoma_bike-114-fat-bob-2018-20-fxfbs","8":"product_cat-support-dimmatriculation","10":"first","11":"instock","12":"taxable","13":"shipping-taxable","14":"purchasable","15":"product-type-variable"},"acf":[],"_links":{"self":[{"href":"https:\/\/www.rizoma.com\/fr\/wp-json\/wp\/v2\/product\/314891","targetHints":{"allow":["GET"]}}],"collection":[{"href":"https:\/\/www.rizoma.com\/fr\/wp-json\/wp\/v2\/product"}],"about":[{"href":"https:\/\/www.rizoma.com\/fr\/wp-json\/wp\/v2\/types\/product"}],"wp:featuredmedia":[{"embeddable":true,"href":"https:\/\/www.rizoma.com\/fr\/wp-json\/wp\/v2\/media\/341859"}],"wp:attachment":[{"href":"https:\/\/www.rizoma.com\/fr\/wp-json\/wp\/v2\/media?parent=314891"}],"wp:term":[{"taxonomy":"rizoma_assembly_time","embeddable":true,"href":"https:\/\/www.rizoma.com\/fr\/wp-json\/wp\/v2\/rizoma_assembly_time?post=314891"},{"taxonomy":"rizoma_bike","embeddable":true,"href":"https:\/\/www.rizoma.com\/fr\/wp-json\/wp\/v2\/rizoma_bike?post=314891"},{"taxonomy":"rizoma_division","embeddable":true,"href":"https:\/\/www.rizoma.com\/fr\/wp-json\/wp\/v2\/rizoma_division?post=314891"},{"taxonomy":"rizoma_family","embeddable":true,"href":"https:\/\/www.rizoma.com\/fr\/wp-json\/wp\/v2\/rizoma_family?post=314891"},{"taxonomy":"rizoma_model_category","embeddable":true,"href":"https:\/\/www.rizoma.com\/fr\/wp-json\/wp\/v2\/rizoma_model_category?post=314891"},{"taxonomy":"rizoma_product_template","embeddable":true,"href":"https:\/\/www.rizoma.com\/fr\/wp-json\/wp\/v2\/rizoma_product_template?post=314891"},{"taxonomy":"product_brand","embeddable":true,"href":"https:\/\/www.rizoma.com\/fr\/wp-json\/wp\/v2\/product_brand?post=314891"},{"taxonomy":"product_cat","embeddable":true,"href":"https:\/\/www.rizoma.com\/fr\/wp-json\/wp\/v2\/product_cat?post=314891"},{"taxonomy":"product_tag","embeddable":true,"href":"https:\/\/www.rizoma.com\/fr\/wp-json\/wp\/v2\/product_tag?post=314891"}],"curies":[{"name":"wp","href":"https:\/\/api.w.org\/{rel}","templated":true}]}}