{"id":314856,"date":"2024-11-21T16:29:21","date_gmt":"2024-11-21T15:29:21","guid":{"rendered":"https:\/\/rwp.rizoma.com\/negozio\/marche-pieds-central-zyf035\/"},"modified":"2025-01-14T11:34:32","modified_gmt":"2025-01-14T10:34:32","slug":"marche-pieds-central-zyf035","status":"publish","type":"product","link":"https:\/\/www.rizoma.com\/fr\/negozio\/plus-pour-votre-yamaha\/ZYF035\/marche-pieds-central-zyf035\/","title":{"rendered":"Marche-pieds central"},"content":{"rendered":"<p>Le kit marche-pieds inf\u00e9rieur est r\u00e9alis\u00e9 en aluminium et finement anodis\u00e9 pour am\u00e9liorer la r\u00e9sistance \u00e0 l\u2019usure. Il est dot\u00e9 de caoutchouc antid\u00e9rapant qui rend la conduite de votre T-Max plus confortable. S\u00e9curit\u00e9 et confort sans renoncer aux caract\u00e9ristiques esth\u00e9tiques. Parfait en association avec le kit marche-pieds avant.<\/p>\n","protected":false},"excerpt":{"rendered":"<p>Le kit marche-pieds inf\u00e9rieur est r\u00e9alis\u00e9 en aluminium et finement anodis\u00e9 pour am\u00e9liorer la r\u00e9sistance \u00e0 l\u2019usure. Il est dot\u00e9 de caoutchouc antid\u00e9rapant qui rend la conduite de votre T-Max plus confortable. S\u00e9curit\u00e9 et confort sans renoncer aux caract\u00e9ristiques esth\u00e9tiques. Parfait en association avec le kit marche-pieds avant.<\/p>\n","protected":false},"featured_media":295252,"template":"","meta":{"_acf_changed":false},"rizoma_assembly_time":[42675],"rizoma_bike":[42023,42024,42025,42120,42225,42386,42226,42378],"rizoma_division":[42651],"rizoma_family":[],"rizoma_model_category":[],"rizoma_product_template":[],"product_brand":[],"product_cat":[42797],"product_tag":[],"class_list":{"0":"post-314856","1":"product","2":"type-product","3":"status-publish","4":"has-post-thumbnail","6":"rizoma_bike-t-max-530-2017-19","7":"rizoma_bike-t-max-530-dx-2017-19","8":"rizoma_bike-t-max-530-sx-2017-19","9":"rizoma_bike-t-max-530-sx-sport-edition-2018-19","10":"rizoma_bike-t-max-560-2020-21","11":"rizoma_bike-t-max-560-20-anniversario-2021","12":"rizoma_bike-t-max-560-tech-max-2020","13":"rizoma_bike-t-max-560-tech-max-2021","14":"product_cat-plus-pour-votre-yamaha","16":"first","17":"instock","18":"sale","19":"taxable","20":"shipping-taxable","21":"purchasable","22":"product-type-variable"},"acf":[],"_links":{"self":[{"href":"https:\/\/www.rizoma.com\/fr\/wp-json\/wp\/v2\/product\/314856","targetHints":{"allow":["GET"]}}],"collection":[{"href":"https:\/\/www.rizoma.com\/fr\/wp-json\/wp\/v2\/product"}],"about":[{"href":"https:\/\/www.rizoma.com\/fr\/wp-json\/wp\/v2\/types\/product"}],"wp:featuredmedia":[{"embeddable":true,"href":"https:\/\/www.rizoma.com\/fr\/wp-json\/wp\/v2\/media\/295252"}],"wp:attachment":[{"href":"https:\/\/www.rizoma.com\/fr\/wp-json\/wp\/v2\/media?parent=314856"}],"wp:term":[{"taxonomy":"rizoma_assembly_time","embeddable":true,"href":"https:\/\/www.rizoma.com\/fr\/wp-json\/wp\/v2\/rizoma_assembly_time?post=314856"},{"taxonomy":"rizoma_bike","embeddable":true,"href":"https:\/\/www.rizoma.com\/fr\/wp-json\/wp\/v2\/rizoma_bike?post=314856"},{"taxonomy":"rizoma_division","embeddable":true,"href":"https:\/\/www.rizoma.com\/fr\/wp-json\/wp\/v2\/rizoma_division?post=314856"},{"taxonomy":"rizoma_family","embeddable":true,"href":"https:\/\/www.rizoma.com\/fr\/wp-json\/wp\/v2\/rizoma_family?post=314856"},{"taxonomy":"rizoma_model_category","embeddable":true,"href":"https:\/\/www.rizoma.com\/fr\/wp-json\/wp\/v2\/rizoma_model_category?post=314856"},{"taxonomy":"rizoma_product_template","embeddable":true,"href":"https:\/\/www.rizoma.com\/fr\/wp-json\/wp\/v2\/rizoma_product_template?post=314856"},{"taxonomy":"product_brand","embeddable":true,"href":"https:\/\/www.rizoma.com\/fr\/wp-json\/wp\/v2\/product_brand?post=314856"},{"taxonomy":"product_cat","embeddable":true,"href":"https:\/\/www.rizoma.com\/fr\/wp-json\/wp\/v2\/product_cat?post=314856"},{"taxonomy":"product_tag","embeddable":true,"href":"https:\/\/www.rizoma.com\/fr\/wp-json\/wp\/v2\/product_tag?post=314856"}],"curies":[{"name":"wp","href":"https:\/\/api.w.org\/{rel}","templated":true}]}}