{"id":314826,"date":"2024-11-21T16:28:43","date_gmt":"2024-11-21T15:28:43","guid":{"rendered":"https:\/\/rwp.rizoma.com\/negozio\/obturateurs-de-cadre-zyf026\/"},"modified":"2025-12-18T00:36:53","modified_gmt":"2025-12-17T23:36:53","slug":"obturateurs-de-cadre-zyf026","status":"publish","type":"product","link":"https:\/\/www.rizoma.com\/fr\/negozio\/plus-pour-votre-yamaha\/ZYF026\/obturateurs-de-cadre-zyf026\/","title":{"rendered":"Obturateurs de cadre"},"content":{"rendered":"<p>Le kit bouchons de cadre Rizoma est compos\u00e9 de deux pi\u00e8ces en aluminium finement anodis\u00e9es afin de garantir un r\u00e9sultat esth\u00e9tique plus durable.<\/p>\n","protected":false},"excerpt":{"rendered":"<p>Le kit bouchons de cadre Rizoma est compos\u00e9 de deux pi\u00e8ces en aluminium finement anodis\u00e9es afin de garantir un r\u00e9sultat esth\u00e9tique plus durable.<\/p>\n","protected":false},"featured_media":295232,"template":"","meta":{"_acf_changed":false},"rizoma_assembly_time":[42753],"rizoma_bike":[41825,41830,41832,41887,41962,41826,41973],"rizoma_division":[42651],"rizoma_family":[],"rizoma_model_category":[],"rizoma_product_template":[],"product_brand":[],"product_cat":[42797],"product_tag":[],"class_list":{"0":"post-314826","1":"product","2":"type-product","3":"status-publish","4":"has-post-thumbnail","6":"rizoma_bike-xv-950-2014-16","7":"rizoma_bike-xv-950-abs","8":"rizoma_bike-xv-950-abs-2014-17","9":"rizoma_bike-xv-950-abs-racer-2015-18","10":"rizoma_bike-xv-950-abs-racer-60th-anniversary-2015-17","11":"rizoma_bike-xv-950-r-abs-2014-16","12":"rizoma_bike-xv-950-r-abs-2017-20","13":"product_cat-plus-pour-votre-yamaha","15":"first","16":"instock","17":"sale","18":"taxable","19":"shipping-taxable","20":"purchasable","21":"product-type-variable"},"acf":[],"_links":{"self":[{"href":"https:\/\/www.rizoma.com\/fr\/wp-json\/wp\/v2\/product\/314826","targetHints":{"allow":["GET"]}}],"collection":[{"href":"https:\/\/www.rizoma.com\/fr\/wp-json\/wp\/v2\/product"}],"about":[{"href":"https:\/\/www.rizoma.com\/fr\/wp-json\/wp\/v2\/types\/product"}],"wp:featuredmedia":[{"embeddable":true,"href":"https:\/\/www.rizoma.com\/fr\/wp-json\/wp\/v2\/media\/295232"}],"wp:attachment":[{"href":"https:\/\/www.rizoma.com\/fr\/wp-json\/wp\/v2\/media?parent=314826"}],"wp:term":[{"taxonomy":"rizoma_assembly_time","embeddable":true,"href":"https:\/\/www.rizoma.com\/fr\/wp-json\/wp\/v2\/rizoma_assembly_time?post=314826"},{"taxonomy":"rizoma_bike","embeddable":true,"href":"https:\/\/www.rizoma.com\/fr\/wp-json\/wp\/v2\/rizoma_bike?post=314826"},{"taxonomy":"rizoma_division","embeddable":true,"href":"https:\/\/www.rizoma.com\/fr\/wp-json\/wp\/v2\/rizoma_division?post=314826"},{"taxonomy":"rizoma_family","embeddable":true,"href":"https:\/\/www.rizoma.com\/fr\/wp-json\/wp\/v2\/rizoma_family?post=314826"},{"taxonomy":"rizoma_model_category","embeddable":true,"href":"https:\/\/www.rizoma.com\/fr\/wp-json\/wp\/v2\/rizoma_model_category?post=314826"},{"taxonomy":"rizoma_product_template","embeddable":true,"href":"https:\/\/www.rizoma.com\/fr\/wp-json\/wp\/v2\/rizoma_product_template?post=314826"},{"taxonomy":"product_brand","embeddable":true,"href":"https:\/\/www.rizoma.com\/fr\/wp-json\/wp\/v2\/product_brand?post=314826"},{"taxonomy":"product_cat","embeddable":true,"href":"https:\/\/www.rizoma.com\/fr\/wp-json\/wp\/v2\/product_cat?post=314826"},{"taxonomy":"product_tag","embeddable":true,"href":"https:\/\/www.rizoma.com\/fr\/wp-json\/wp\/v2\/product_tag?post=314826"}],"curies":[{"name":"wp","href":"https:\/\/api.w.org\/{rel}","templated":true}]}}