{"id":314796,"date":"2024-11-21T16:28:05","date_gmt":"2024-11-21T15:28:05","guid":{"rendered":"https:\/\/rwp.rizoma.com\/negozio\/feu-arriere-style-cafe-racer-ee125\/"},"modified":"2025-01-14T11:29:31","modified_gmt":"2025-01-14T10:29:31","slug":"feu-arriere-style-cafe-racer-ee125","status":"publish","type":"product","link":"https:\/\/www.rizoma.com\/fr\/negozio\/kit-lumieres\/EE125\/feu-arriere-style-cafe-racer-ee125\/","title":{"rendered":"Feu arri\u00e8re Style Caf\u00e9 Racer"},"content":{"rendered":"<p>Le feu arri\u00e8re style Caf\u00e9 Racer de Rizoma (homologu\u00e9), dot\u00e9 de la technologie \u00e0 LED SMD conform\u00e9ment aux prescriptions des r\u00e9glementations, comprend les fonctions de feu de freinage et de feu de position arri\u00e8re, et s\u2019int\u00e8gre harmonieusement \u00e0 tous les garde-boues au style Caf\u00e9 Racer ou classique.<\/p>\n","protected":false},"excerpt":{"rendered":"<p>Le feu arri\u00e8re style Caf\u00e9 Racer de Rizoma (homologu\u00e9), dot\u00e9 de la technologie \u00e0 LED SMD conform\u00e9ment aux prescriptions des r\u00e9glementations, comprend les fonctions de feu de freinage et de feu de position arri\u00e8re, et s\u2019int\u00e8gre harmonieusement \u00e0 tous les garde-boues au style Caf\u00e9 Racer ou classique.<\/p>\n","protected":false},"featured_media":298587,"template":"","meta":{"_acf_changed":false},"rizoma_assembly_time":[42742],"rizoma_bike":[],"rizoma_division":[42651],"rizoma_family":[],"rizoma_model_category":[],"rizoma_product_template":[],"product_brand":[],"product_cat":[42908],"product_tag":[],"class_list":{"0":"post-314796","1":"product","2":"type-product","3":"status-publish","4":"has-post-thumbnail","6":"product_cat-kit-lumieres","8":"first","9":"instock","10":"taxable","11":"shipping-taxable","12":"purchasable","13":"product-type-variable"},"acf":[],"_links":{"self":[{"href":"https:\/\/www.rizoma.com\/fr\/wp-json\/wp\/v2\/product\/314796","targetHints":{"allow":["GET"]}}],"collection":[{"href":"https:\/\/www.rizoma.com\/fr\/wp-json\/wp\/v2\/product"}],"about":[{"href":"https:\/\/www.rizoma.com\/fr\/wp-json\/wp\/v2\/types\/product"}],"wp:featuredmedia":[{"embeddable":true,"href":"https:\/\/www.rizoma.com\/fr\/wp-json\/wp\/v2\/media\/298587"}],"wp:attachment":[{"href":"https:\/\/www.rizoma.com\/fr\/wp-json\/wp\/v2\/media?parent=314796"}],"wp:term":[{"taxonomy":"rizoma_assembly_time","embeddable":true,"href":"https:\/\/www.rizoma.com\/fr\/wp-json\/wp\/v2\/rizoma_assembly_time?post=314796"},{"taxonomy":"rizoma_bike","embeddable":true,"href":"https:\/\/www.rizoma.com\/fr\/wp-json\/wp\/v2\/rizoma_bike?post=314796"},{"taxonomy":"rizoma_division","embeddable":true,"href":"https:\/\/www.rizoma.com\/fr\/wp-json\/wp\/v2\/rizoma_division?post=314796"},{"taxonomy":"rizoma_family","embeddable":true,"href":"https:\/\/www.rizoma.com\/fr\/wp-json\/wp\/v2\/rizoma_family?post=314796"},{"taxonomy":"rizoma_model_category","embeddable":true,"href":"https:\/\/www.rizoma.com\/fr\/wp-json\/wp\/v2\/rizoma_model_category?post=314796"},{"taxonomy":"rizoma_product_template","embeddable":true,"href":"https:\/\/www.rizoma.com\/fr\/wp-json\/wp\/v2\/rizoma_product_template?post=314796"},{"taxonomy":"product_brand","embeddable":true,"href":"https:\/\/www.rizoma.com\/fr\/wp-json\/wp\/v2\/product_brand?post=314796"},{"taxonomy":"product_cat","embeddable":true,"href":"https:\/\/www.rizoma.com\/fr\/wp-json\/wp\/v2\/product_cat?post=314796"},{"taxonomy":"product_tag","embeddable":true,"href":"https:\/\/www.rizoma.com\/fr\/wp-json\/wp\/v2\/product_tag?post=314796"}],"curies":[{"name":"wp","href":"https:\/\/api.w.org\/{rel}","templated":true}]}}