{"id":314791,"date":"2024-11-21T16:27:58","date_gmt":"2024-11-21T15:27:58","guid":{"rendered":"https:\/\/rwp.rizoma.com\/negozio\/feu-arriere-avec-eclairage-de-plaque-dimmatriculation-et-feu-de-freinage-ee130\/"},"modified":"2025-01-14T11:23:11","modified_gmt":"2025-01-14T10:23:11","slug":"feu-arriere-avec-eclairage-de-plaque-dimmatriculation-et-feu-de-freinage-ee130","status":"publish","type":"product","link":"https:\/\/www.rizoma.com\/fr\/negozio\/support-dimmatriculation\/EE130\/feu-arriere-avec-eclairage-de-plaque-dimmatriculation-et-feu-de-freinage-ee130\/motorbike\/20036\/yamaha\/tracer-7\/","title":{"rendered":"Feu arri\u00e8re avec \u00e9clairage de plaque d\u2019immatriculation et feu de freinage"},"content":{"rendered":"<p>Le kit feu arri\u00e8re (homologu\u00e9) r\u00e9unit dans un seul produit les fonctions d\u2019\u00e9clairage de plaque d\u2019immatriculation, de feu arri\u00e8re de position et de feu de freinage. Dot\u00e9 de la technologie \u00e0 LED SMD conform\u00e9ment aux prescriptions des r\u00e9glementations, il est fourni avec un support de montage et pr\u00e9sente des dimensions r\u00e9duites et un design soign\u00e9 pour am\u00e9liorer sensiblement l\u2019impact esth\u00e9tique de cet \u00e9l\u00e9ment important.<\/p>\n","protected":false},"excerpt":{"rendered":"<p>Le kit feu arri\u00e8re (homologu\u00e9) r\u00e9unit dans un seul produit les fonctions d\u2019\u00e9clairage de plaque d\u2019immatriculation, de feu arri\u00e8re de position et de feu de freinage. Dot\u00e9 de la technologie \u00e0 LED SMD conform\u00e9ment aux prescriptions des r\u00e9glementations, il est fourni avec un support de montage et pr\u00e9sente des dimensions r\u00e9duites et un design soign\u00e9 [&hellip;]<\/p>\n","protected":false},"featured_media":298637,"template":"","meta":{"_acf_changed":false},"rizoma_assembly_time":[42664],"rizoma_bike":[],"rizoma_division":[42651],"rizoma_family":[42914],"rizoma_model_category":[],"rizoma_product_template":[],"product_brand":[],"product_cat":[42766],"product_tag":[],"class_list":{"0":"post-314791","1":"product","2":"type-product","3":"status-publish","4":"has-post-thumbnail","6":"product_cat-support-dimmatriculation","8":"first","9":"instock","10":"taxable","11":"shipping-taxable","12":"purchasable","13":"product-type-variable"},"acf":[],"_links":{"self":[{"href":"https:\/\/www.rizoma.com\/fr\/wp-json\/wp\/v2\/product\/314791","targetHints":{"allow":["GET"]}}],"collection":[{"href":"https:\/\/www.rizoma.com\/fr\/wp-json\/wp\/v2\/product"}],"about":[{"href":"https:\/\/www.rizoma.com\/fr\/wp-json\/wp\/v2\/types\/product"}],"wp:featuredmedia":[{"embeddable":true,"href":"https:\/\/www.rizoma.com\/fr\/wp-json\/wp\/v2\/media\/298637"}],"wp:attachment":[{"href":"https:\/\/www.rizoma.com\/fr\/wp-json\/wp\/v2\/media?parent=314791"}],"wp:term":[{"taxonomy":"rizoma_assembly_time","embeddable":true,"href":"https:\/\/www.rizoma.com\/fr\/wp-json\/wp\/v2\/rizoma_assembly_time?post=314791"},{"taxonomy":"rizoma_bike","embeddable":true,"href":"https:\/\/www.rizoma.com\/fr\/wp-json\/wp\/v2\/rizoma_bike?post=314791"},{"taxonomy":"rizoma_division","embeddable":true,"href":"https:\/\/www.rizoma.com\/fr\/wp-json\/wp\/v2\/rizoma_division?post=314791"},{"taxonomy":"rizoma_family","embeddable":true,"href":"https:\/\/www.rizoma.com\/fr\/wp-json\/wp\/v2\/rizoma_family?post=314791"},{"taxonomy":"rizoma_model_category","embeddable":true,"href":"https:\/\/www.rizoma.com\/fr\/wp-json\/wp\/v2\/rizoma_model_category?post=314791"},{"taxonomy":"rizoma_product_template","embeddable":true,"href":"https:\/\/www.rizoma.com\/fr\/wp-json\/wp\/v2\/rizoma_product_template?post=314791"},{"taxonomy":"product_brand","embeddable":true,"href":"https:\/\/www.rizoma.com\/fr\/wp-json\/wp\/v2\/product_brand?post=314791"},{"taxonomy":"product_cat","embeddable":true,"href":"https:\/\/www.rizoma.com\/fr\/wp-json\/wp\/v2\/product_cat?post=314791"},{"taxonomy":"product_tag","embeddable":true,"href":"https:\/\/www.rizoma.com\/fr\/wp-json\/wp\/v2\/product_tag?post=314791"}],"curies":[{"name":"wp","href":"https:\/\/api.w.org\/{rel}","templated":true}]}}