{"id":314706,"date":"2024-11-21T16:26:10","date_gmt":"2024-11-21T15:26:10","guid":{"rendered":"https:\/\/rwp.rizoma.com\/negozio\/cache-cylindres-moteur-zhd049\/"},"modified":"2025-12-18T00:39:06","modified_gmt":"2025-12-17T23:39:06","slug":"cache-cylindres-moteur-zhd049","status":"publish","type":"product","link":"https:\/\/www.rizoma.com\/fr\/negozio\/plus-pour-votre-harley-davidson\/ZHD049\/cache-cylindres-moteur-zhd049\/","title":{"rendered":"Cache-cylindres moteur"},"content":{"rendered":"<p>Pour ceux qui souhaitent se distinguer et incarner \u00e0 la perfection le style \u00ab\u00a0V-Twin\u00a0\u00bb. Les cache-cylindres moteur Rizoma sont de v\u00e9ritables chefs-d\u2019\u0153uvre, au design unique, r\u00e9alis\u00e9s avec des proc\u00e9d\u00e9s de production complexes et en accordant une attention maximale aux d\u00e9tails, gr\u00e2ce \u00e0 une production en 3D sp\u00e9ciale. Chaque cache-cylindre est taill\u00e9e dans une masse d\u2019aluminium et p\u00e8se 1,2 kg.<\/p>\n","protected":false},"excerpt":{"rendered":"<p>Pour ceux qui souhaitent se distinguer et incarner \u00e0 la perfection le style \u00ab\u00a0V-Twin\u00a0\u00bb. Les cache-cylindres moteur Rizoma sont de v\u00e9ritables chefs-d\u2019\u0153uvre, au design unique, r\u00e9alis\u00e9s avec des proc\u00e9d\u00e9s de production complexes et en accordant une attention maximale aux d\u00e9tails, gr\u00e2ce \u00e0 une production en 3D sp\u00e9ciale. Chaque cache-cylindre est taill\u00e9e dans une masse d\u2019aluminium [&hellip;]<\/p>\n","protected":false},"featured_media":294822,"template":"","meta":{"_acf_changed":false},"rizoma_assembly_time":[42742],"rizoma_bike":[43816],"rizoma_division":[42651],"rizoma_family":[],"rizoma_model_category":[],"rizoma_product_template":[],"product_brand":[],"product_cat":[42786],"product_tag":[],"class_list":{"0":"post-314706","1":"product","2":"type-product","3":"status-publish","4":"has-post-thumbnail","6":"rizoma_bike-softail-slim-2011-17-fls","7":"product_cat-plus-pour-votre-harley-davidson","9":"first","10":"instock","11":"sale","12":"taxable","13":"shipping-taxable","14":"purchasable","15":"product-type-variable"},"acf":[],"_links":{"self":[{"href":"https:\/\/www.rizoma.com\/fr\/wp-json\/wp\/v2\/product\/314706","targetHints":{"allow":["GET"]}}],"collection":[{"href":"https:\/\/www.rizoma.com\/fr\/wp-json\/wp\/v2\/product"}],"about":[{"href":"https:\/\/www.rizoma.com\/fr\/wp-json\/wp\/v2\/types\/product"}],"wp:featuredmedia":[{"embeddable":true,"href":"https:\/\/www.rizoma.com\/fr\/wp-json\/wp\/v2\/media\/294822"}],"wp:attachment":[{"href":"https:\/\/www.rizoma.com\/fr\/wp-json\/wp\/v2\/media?parent=314706"}],"wp:term":[{"taxonomy":"rizoma_assembly_time","embeddable":true,"href":"https:\/\/www.rizoma.com\/fr\/wp-json\/wp\/v2\/rizoma_assembly_time?post=314706"},{"taxonomy":"rizoma_bike","embeddable":true,"href":"https:\/\/www.rizoma.com\/fr\/wp-json\/wp\/v2\/rizoma_bike?post=314706"},{"taxonomy":"rizoma_division","embeddable":true,"href":"https:\/\/www.rizoma.com\/fr\/wp-json\/wp\/v2\/rizoma_division?post=314706"},{"taxonomy":"rizoma_family","embeddable":true,"href":"https:\/\/www.rizoma.com\/fr\/wp-json\/wp\/v2\/rizoma_family?post=314706"},{"taxonomy":"rizoma_model_category","embeddable":true,"href":"https:\/\/www.rizoma.com\/fr\/wp-json\/wp\/v2\/rizoma_model_category?post=314706"},{"taxonomy":"rizoma_product_template","embeddable":true,"href":"https:\/\/www.rizoma.com\/fr\/wp-json\/wp\/v2\/rizoma_product_template?post=314706"},{"taxonomy":"product_brand","embeddable":true,"href":"https:\/\/www.rizoma.com\/fr\/wp-json\/wp\/v2\/product_brand?post=314706"},{"taxonomy":"product_cat","embeddable":true,"href":"https:\/\/www.rizoma.com\/fr\/wp-json\/wp\/v2\/product_cat?post=314706"},{"taxonomy":"product_tag","embeddable":true,"href":"https:\/\/www.rizoma.com\/fr\/wp-json\/wp\/v2\/product_tag?post=314706"}],"curies":[{"name":"wp","href":"https:\/\/api.w.org\/{rel}","templated":true}]}}