{"id":314646,"date":"2024-11-21T16:24:55","date_gmt":"2024-11-21T15:24:55","guid":{"rendered":"https:\/\/rwp.rizoma.com\/negozio\/garde-boue-arriere-zth051\/"},"modified":"2025-01-14T11:21:14","modified_gmt":"2025-01-14T10:21:14","slug":"garde-boue-arriere-zth051","status":"publish","type":"product","link":"https:\/\/www.rizoma.com\/fr\/negozio\/garde-boue\/ZTH051\/garde-boue-arriere-zth051\/","title":{"rendered":"Garde-boue arri\u00e8re"},"content":{"rendered":"<p>Le garde-boue arri\u00e8re (0,73 kg) est en t\u00f4le d\u2019aluminium form\u00e9e, bross\u00e9e et anodis\u00e9e. Avec le garde-boue avant, il harmonise tout le profil\u00a0: du m\u00e9tal pur pour votre moto. Fourni sans trous pour le montage du support d\u2019immatriculation, pour permettre la personnalisation.<\/p>\n","protected":false},"excerpt":{"rendered":"<p>Le garde-boue arri\u00e8re (0,73 kg) est en t\u00f4le d\u2019aluminium form\u00e9e, bross\u00e9e et anodis\u00e9e. Avec le garde-boue avant, il harmonise tout le profil\u00a0: du m\u00e9tal pur pour votre moto. Fourni sans trous pour le montage du support d\u2019immatriculation, pour permettre la personnalisation.<\/p>\n","protected":false},"featured_media":295102,"template":"","meta":{"_acf_changed":false},"rizoma_assembly_time":[42675],"rizoma_bike":[41935,44379,44380,42598,42601,42552,43391,43392,42602,41936],"rizoma_division":[42651],"rizoma_family":[],"rizoma_model_category":[],"rizoma_product_template":[],"product_brand":[],"product_cat":[42873],"product_tag":[],"class_list":{"0":"post-314646","1":"product","2":"type-product","3":"status-publish","4":"has-post-thumbnail","6":"rizoma_bike-bonneville-t120-2016-20","7":"rizoma_bike-bonneville-t120-2026","8":"rizoma_bike-bonneville-t120-black-2026","9":"rizoma_bike-bonneville-t120-black-dgr-limited-edition-2023","10":"rizoma_bike-bonneville-t120-black-stealth-edition-2024","11":"rizoma_bike-bonneville-t120-chrome-edition-2023","12":"rizoma_bike-bonneville-t120-elvis-2024-26","13":"rizoma_bike-bonneville-t120-icon-edition-2025-26","14":"rizoma_bike-bonneville-t120-stealth-edition-2024","15":"rizoma_bike-street-twin-900-2016","16":"product_cat-garde-boue","18":"first","19":"instock","20":"sale","21":"taxable","22":"shipping-taxable","23":"purchasable","24":"product-type-variable"},"acf":[],"_links":{"self":[{"href":"https:\/\/www.rizoma.com\/fr\/wp-json\/wp\/v2\/product\/314646","targetHints":{"allow":["GET"]}}],"collection":[{"href":"https:\/\/www.rizoma.com\/fr\/wp-json\/wp\/v2\/product"}],"about":[{"href":"https:\/\/www.rizoma.com\/fr\/wp-json\/wp\/v2\/types\/product"}],"wp:featuredmedia":[{"embeddable":true,"href":"https:\/\/www.rizoma.com\/fr\/wp-json\/wp\/v2\/media\/295102"}],"wp:attachment":[{"href":"https:\/\/www.rizoma.com\/fr\/wp-json\/wp\/v2\/media?parent=314646"}],"wp:term":[{"taxonomy":"rizoma_assembly_time","embeddable":true,"href":"https:\/\/www.rizoma.com\/fr\/wp-json\/wp\/v2\/rizoma_assembly_time?post=314646"},{"taxonomy":"rizoma_bike","embeddable":true,"href":"https:\/\/www.rizoma.com\/fr\/wp-json\/wp\/v2\/rizoma_bike?post=314646"},{"taxonomy":"rizoma_division","embeddable":true,"href":"https:\/\/www.rizoma.com\/fr\/wp-json\/wp\/v2\/rizoma_division?post=314646"},{"taxonomy":"rizoma_family","embeddable":true,"href":"https:\/\/www.rizoma.com\/fr\/wp-json\/wp\/v2\/rizoma_family?post=314646"},{"taxonomy":"rizoma_model_category","embeddable":true,"href":"https:\/\/www.rizoma.com\/fr\/wp-json\/wp\/v2\/rizoma_model_category?post=314646"},{"taxonomy":"rizoma_product_template","embeddable":true,"href":"https:\/\/www.rizoma.com\/fr\/wp-json\/wp\/v2\/rizoma_product_template?post=314646"},{"taxonomy":"product_brand","embeddable":true,"href":"https:\/\/www.rizoma.com\/fr\/wp-json\/wp\/v2\/product_brand?post=314646"},{"taxonomy":"product_cat","embeddable":true,"href":"https:\/\/www.rizoma.com\/fr\/wp-json\/wp\/v2\/product_cat?post=314646"},{"taxonomy":"product_tag","embeddable":true,"href":"https:\/\/www.rizoma.com\/fr\/wp-json\/wp\/v2\/product_tag?post=314646"}],"curies":[{"name":"wp","href":"https:\/\/api.w.org\/{rel}","templated":true}]}}