{"id":314631,"date":"2024-11-21T16:24:37","date_gmt":"2024-11-21T15:24:37","guid":{"rendered":"https:\/\/rwp.rizoma.com\/negozio\/reservoir-fluide-dembrayage-next-pour-huiles-minerales-ctm125\/"},"modified":"2025-12-18T00:37:07","modified_gmt":"2025-12-17T23:37:07","slug":"reservoir-fluide-dembrayage-next-pour-huiles-minerales-ctm125","status":"publish","type":"product","link":"https:\/\/www.rizoma.com\/fr\/negozio\/reservoirs-fluide\/CTM125\/reservoir-fluide-dembrayage-next-pour-huiles-minerales-ctm125\/","title":{"rendered":"R\u00e9servoir fluide d\u2019embrayage Next pour huiles min\u00e9rales"},"content":{"rendered":"<p>Les r\u00e9servoirs de fluide NEXT se distinguent par leur ligne non conventionnelle qui r\u00e9interpr\u00e8te le concept purement fonctionnel de cet \u00e9l\u00e9ment pour en faire un objet distinctif. Taill\u00e9s dans la masse d\u2019aluminium, ils sont dot\u00e9s d\u2019une cuve transparente et b\u00e9n\u00e9ficient d\u2019un traitement de surface par anodisation. Certifi\u00e9s T\u00dcV\/ABE\u00a0et dot\u00e9s d\u2019un joint en NBR, compatible avec les huiles min\u00e9rales, ils sont disponibles en trois dimensions et sont donc adapt\u00e9s \u00e0 diff\u00e9rentes applications.<\/p>\n","protected":false},"excerpt":{"rendered":"<p>Les r\u00e9servoirs de fluide NEXT se distinguent par leur ligne non conventionnelle qui r\u00e9interpr\u00e8te le concept purement fonctionnel de cet \u00e9l\u00e9ment pour en faire un objet distinctif. Taill\u00e9s dans la masse d\u2019aluminium, ils sont dot\u00e9s d\u2019une cuve transparente et b\u00e9n\u00e9ficient d\u2019un traitement de surface par anodisation. Certifi\u00e9s T\u00dcV\/ABE\u00a0et dot\u00e9s d\u2019un joint en NBR, compatible avec [&hellip;]<\/p>\n","protected":false},"featured_media":293647,"template":"","meta":{"_acf_changed":false},"rizoma_assembly_time":[42691],"rizoma_bike":[],"rizoma_division":[42651],"rizoma_family":[42694],"rizoma_model_category":[],"rizoma_product_template":[],"product_brand":[],"product_cat":[42688],"product_tag":[],"class_list":{"0":"post-314631","1":"product","2":"type-product","3":"status-publish","4":"has-post-thumbnail","6":"product_cat-reservoirs-fluide","8":"first","9":"instock","10":"sale","11":"taxable","12":"shipping-taxable","13":"purchasable","14":"product-type-variable"},"acf":[],"_links":{"self":[{"href":"https:\/\/www.rizoma.com\/fr\/wp-json\/wp\/v2\/product\/314631","targetHints":{"allow":["GET"]}}],"collection":[{"href":"https:\/\/www.rizoma.com\/fr\/wp-json\/wp\/v2\/product"}],"about":[{"href":"https:\/\/www.rizoma.com\/fr\/wp-json\/wp\/v2\/types\/product"}],"wp:featuredmedia":[{"embeddable":true,"href":"https:\/\/www.rizoma.com\/fr\/wp-json\/wp\/v2\/media\/293647"}],"wp:attachment":[{"href":"https:\/\/www.rizoma.com\/fr\/wp-json\/wp\/v2\/media?parent=314631"}],"wp:term":[{"taxonomy":"rizoma_assembly_time","embeddable":true,"href":"https:\/\/www.rizoma.com\/fr\/wp-json\/wp\/v2\/rizoma_assembly_time?post=314631"},{"taxonomy":"rizoma_bike","embeddable":true,"href":"https:\/\/www.rizoma.com\/fr\/wp-json\/wp\/v2\/rizoma_bike?post=314631"},{"taxonomy":"rizoma_division","embeddable":true,"href":"https:\/\/www.rizoma.com\/fr\/wp-json\/wp\/v2\/rizoma_division?post=314631"},{"taxonomy":"rizoma_family","embeddable":true,"href":"https:\/\/www.rizoma.com\/fr\/wp-json\/wp\/v2\/rizoma_family?post=314631"},{"taxonomy":"rizoma_model_category","embeddable":true,"href":"https:\/\/www.rizoma.com\/fr\/wp-json\/wp\/v2\/rizoma_model_category?post=314631"},{"taxonomy":"rizoma_product_template","embeddable":true,"href":"https:\/\/www.rizoma.com\/fr\/wp-json\/wp\/v2\/rizoma_product_template?post=314631"},{"taxonomy":"product_brand","embeddable":true,"href":"https:\/\/www.rizoma.com\/fr\/wp-json\/wp\/v2\/product_brand?post=314631"},{"taxonomy":"product_cat","embeddable":true,"href":"https:\/\/www.rizoma.com\/fr\/wp-json\/wp\/v2\/product_cat?post=314631"},{"taxonomy":"product_tag","embeddable":true,"href":"https:\/\/www.rizoma.com\/fr\/wp-json\/wp\/v2\/product_tag?post=314631"}],"curies":[{"name":"wp","href":"https:\/\/api.w.org\/{rel}","templated":true}]}}