{"id":314626,"date":"2024-11-21T16:24:30","date_gmt":"2024-11-21T15:24:30","guid":{"rendered":"https:\/\/rwp.rizoma.com\/negozio\/reservoir-fluide-dembrayage-pour-huiles-minerales-ctm025\/"},"modified":"2025-12-18T00:37:06","modified_gmt":"2025-12-17T23:37:06","slug":"reservoir-fluide-dembrayage-pour-huiles-minerales-ctm025","status":"publish","type":"product","link":"https:\/\/www.rizoma.com\/fr\/negozio\/reservoirs-fluide\/CTM025\/reservoir-fluide-dembrayage-pour-huiles-minerales-ctm025\/","title":{"rendered":"R\u00e9servoir fluide d\u2019embrayage pour huiles min\u00e9rales"},"content":{"rendered":"<p>Le design simple mais incomparable des r\u00e9servoirs Rizoma conf\u00e8re \u00e0 la moto un style \u00e9l\u00e9gant et soign\u00e9, recherch\u00e9 par ceux qui souhaitent enrichir leur moto de d\u00e9tails haut de gamme. Enti\u00e8rement taill\u00e9s dans la masse d\u2019aluminium, ils sont anodis\u00e9s\u00a0: ce traitement de surface, qui permet de proposer une vaste gamme de couleurs, est \u00e9galement une garantie de qualit\u00e9 et de dur\u00e9e. Certifi\u00e9s T\u00dcV\/ABE\u00a0et dot\u00e9s d\u2019un joint en NBR, compatible avec les huiles min\u00e9rales.<\/p>\n","protected":false},"excerpt":{"rendered":"<p>Le design simple mais incomparable des r\u00e9servoirs Rizoma conf\u00e8re \u00e0 la moto un style \u00e9l\u00e9gant et soign\u00e9, recherch\u00e9 par ceux qui souhaitent enrichir leur moto de d\u00e9tails haut de gamme. Enti\u00e8rement taill\u00e9s dans la masse d\u2019aluminium, ils sont anodis\u00e9s\u00a0: ce traitement de surface, qui permet de proposer une vaste gamme de couleurs, est \u00e9galement une [&hellip;]<\/p>\n","protected":false},"featured_media":293627,"template":"","meta":{"_acf_changed":false},"rizoma_assembly_time":[42691],"rizoma_bike":[],"rizoma_division":[42651],"rizoma_family":[42694],"rizoma_model_category":[],"rizoma_product_template":[],"product_brand":[],"product_cat":[42688],"product_tag":[],"class_list":{"0":"post-314626","1":"product","2":"type-product","3":"status-publish","4":"has-post-thumbnail","6":"product_cat-reservoirs-fluide","8":"first","9":"instock","10":"sale","11":"taxable","12":"shipping-taxable","13":"purchasable","14":"product-type-variable"},"acf":[],"_links":{"self":[{"href":"https:\/\/www.rizoma.com\/fr\/wp-json\/wp\/v2\/product\/314626","targetHints":{"allow":["GET"]}}],"collection":[{"href":"https:\/\/www.rizoma.com\/fr\/wp-json\/wp\/v2\/product"}],"about":[{"href":"https:\/\/www.rizoma.com\/fr\/wp-json\/wp\/v2\/types\/product"}],"wp:featuredmedia":[{"embeddable":true,"href":"https:\/\/www.rizoma.com\/fr\/wp-json\/wp\/v2\/media\/293627"}],"wp:attachment":[{"href":"https:\/\/www.rizoma.com\/fr\/wp-json\/wp\/v2\/media?parent=314626"}],"wp:term":[{"taxonomy":"rizoma_assembly_time","embeddable":true,"href":"https:\/\/www.rizoma.com\/fr\/wp-json\/wp\/v2\/rizoma_assembly_time?post=314626"},{"taxonomy":"rizoma_bike","embeddable":true,"href":"https:\/\/www.rizoma.com\/fr\/wp-json\/wp\/v2\/rizoma_bike?post=314626"},{"taxonomy":"rizoma_division","embeddable":true,"href":"https:\/\/www.rizoma.com\/fr\/wp-json\/wp\/v2\/rizoma_division?post=314626"},{"taxonomy":"rizoma_family","embeddable":true,"href":"https:\/\/www.rizoma.com\/fr\/wp-json\/wp\/v2\/rizoma_family?post=314626"},{"taxonomy":"rizoma_model_category","embeddable":true,"href":"https:\/\/www.rizoma.com\/fr\/wp-json\/wp\/v2\/rizoma_model_category?post=314626"},{"taxonomy":"rizoma_product_template","embeddable":true,"href":"https:\/\/www.rizoma.com\/fr\/wp-json\/wp\/v2\/rizoma_product_template?post=314626"},{"taxonomy":"product_brand","embeddable":true,"href":"https:\/\/www.rizoma.com\/fr\/wp-json\/wp\/v2\/product_brand?post=314626"},{"taxonomy":"product_cat","embeddable":true,"href":"https:\/\/www.rizoma.com\/fr\/wp-json\/wp\/v2\/product_cat?post=314626"},{"taxonomy":"product_tag","embeddable":true,"href":"https:\/\/www.rizoma.com\/fr\/wp-json\/wp\/v2\/product_tag?post=314626"}],"curies":[{"name":"wp","href":"https:\/\/api.w.org\/{rel}","templated":true}]}}