{"id":314591,"date":"2024-11-21T16:23:48","date_gmt":"2024-11-21T15:23:48","guid":{"rendered":"https:\/\/rwp.rizoma.com\/negozio\/levier-de-frein-3d-pour-montage-dun-reglage-deporte-lbk400\/"},"modified":"2025-12-18T00:39:00","modified_gmt":"2025-12-17T23:39:00","slug":"levier-de-frein-3d-pour-montage-dun-reglage-deporte-lbk400","status":"publish","type":"product","link":"https:\/\/www.rizoma.com\/fr\/negozio\/leviers-de-frein-embrayage\/LBK400\/levier-de-frein-3d-pour-montage-dun-reglage-deporte-lbk400\/","title":{"rendered":"Levier de frein 3D pour montage d&#8217;un r\u00e9glage d\u00e9port\u00e9"},"content":{"rendered":"<p>ATTENTION: R\u00e9glage D\u00e9port\u00e9 non inclus<\/p>\n","protected":false},"excerpt":{"rendered":"<p>ATTENTION: R\u00e9glage D\u00e9port\u00e9 non inclus<\/p>\n","protected":false},"featured_media":294112,"template":"","meta":{"_acf_changed":false},"rizoma_assembly_time":[42675],"rizoma_bike":[41696,41840,41980,41621,41761,41881,41983],"rizoma_division":[42651],"rizoma_family":[42883],"rizoma_model_category":[],"rizoma_product_template":[],"product_brand":[],"product_cat":[42807],"product_tag":[],"class_list":{"0":"post-314591","1":"product","2":"type-product","3":"status-publish","4":"has-post-thumbnail","6":"rizoma_bike-f3-675-2011-15","7":"rizoma_bike-s-1000-r-2014-16","8":"rizoma_bike-s-1000-r-2017-20","9":"rizoma_bike-s-1000-rr-2009-12","10":"rizoma_bike-s-1000-rr-2012-14","11":"rizoma_bike-s-1000-rr-2015-16","12":"rizoma_bike-s-1000-rr-2017-18","13":"product_cat-leviers-de-frein-embrayage","15":"first","16":"instock","17":"sale","18":"taxable","19":"shipping-taxable","20":"purchasable","21":"product-type-variable"},"acf":[],"_links":{"self":[{"href":"https:\/\/www.rizoma.com\/fr\/wp-json\/wp\/v2\/product\/314591","targetHints":{"allow":["GET"]}}],"collection":[{"href":"https:\/\/www.rizoma.com\/fr\/wp-json\/wp\/v2\/product"}],"about":[{"href":"https:\/\/www.rizoma.com\/fr\/wp-json\/wp\/v2\/types\/product"}],"wp:featuredmedia":[{"embeddable":true,"href":"https:\/\/www.rizoma.com\/fr\/wp-json\/wp\/v2\/media\/294112"}],"wp:attachment":[{"href":"https:\/\/www.rizoma.com\/fr\/wp-json\/wp\/v2\/media?parent=314591"}],"wp:term":[{"taxonomy":"rizoma_assembly_time","embeddable":true,"href":"https:\/\/www.rizoma.com\/fr\/wp-json\/wp\/v2\/rizoma_assembly_time?post=314591"},{"taxonomy":"rizoma_bike","embeddable":true,"href":"https:\/\/www.rizoma.com\/fr\/wp-json\/wp\/v2\/rizoma_bike?post=314591"},{"taxonomy":"rizoma_division","embeddable":true,"href":"https:\/\/www.rizoma.com\/fr\/wp-json\/wp\/v2\/rizoma_division?post=314591"},{"taxonomy":"rizoma_family","embeddable":true,"href":"https:\/\/www.rizoma.com\/fr\/wp-json\/wp\/v2\/rizoma_family?post=314591"},{"taxonomy":"rizoma_model_category","embeddable":true,"href":"https:\/\/www.rizoma.com\/fr\/wp-json\/wp\/v2\/rizoma_model_category?post=314591"},{"taxonomy":"rizoma_product_template","embeddable":true,"href":"https:\/\/www.rizoma.com\/fr\/wp-json\/wp\/v2\/rizoma_product_template?post=314591"},{"taxonomy":"product_brand","embeddable":true,"href":"https:\/\/www.rizoma.com\/fr\/wp-json\/wp\/v2\/product_brand?post=314591"},{"taxonomy":"product_cat","embeddable":true,"href":"https:\/\/www.rizoma.com\/fr\/wp-json\/wp\/v2\/product_cat?post=314591"},{"taxonomy":"product_tag","embeddable":true,"href":"https:\/\/www.rizoma.com\/fr\/wp-json\/wp\/v2\/product_tag?post=314591"}],"curies":[{"name":"wp","href":"https:\/\/api.w.org\/{rel}","templated":true}]}}