{"id":314521,"date":"2024-11-21T16:22:20","date_gmt":"2024-11-21T15:22:20","guid":{"rendered":"https:\/\/rwp.rizoma.com\/negozio\/kit-de-montage-reservoir-fluide-rizoma-ct457\/"},"modified":"2025-01-14T11:03:01","modified_gmt":"2025-01-14T10:03:01","slug":"kit-de-montage-reservoir-fluide-rizoma-ct457","status":"publish","type":"product","link":"https:\/\/www.rizoma.com\/fr\/negozio\/reservoirs-fluide\/CT457\/kit-de-montage-reservoir-fluide-rizoma-ct457\/motorbike\/18293\/triumph\/trident-660\/","title":{"rendered":"Kit de montage r\u00e9servoir fluide Rizoma"},"content":{"rendered":"<p>Les adaptateurs de r\u00e9servoir de fluide Rizoma, r\u00e9alis\u00e9s en aluminium, permettent de trouver la solution de montage la plus appropri\u00e9e en cas de remplacement du r\u00e9servoir de fluide OEM par un mod\u00e8le Rizoma. Utilisable uniquement avec des guidons \u00d8 22 mm.<\/p>\n","protected":false},"excerpt":{"rendered":"<p>Les adaptateurs de r\u00e9servoir de fluide Rizoma, r\u00e9alis\u00e9s en aluminium, permettent de trouver la solution de montage la plus appropri\u00e9e en cas de remplacement du r\u00e9servoir de fluide OEM par un mod\u00e8le Rizoma. Utilisable uniquement avec des guidons \u00d8 22 mm.<\/p>\n","protected":false},"featured_media":293567,"template":"","meta":{"_acf_changed":false},"rizoma_assembly_time":[42664],"rizoma_bike":[41936],"rizoma_division":[42651],"rizoma_family":[42704],"rizoma_model_category":[],"rizoma_product_template":[],"product_brand":[],"product_cat":[42688],"product_tag":[],"class_list":{"0":"post-314521","1":"product","2":"type-product","3":"status-publish","4":"has-post-thumbnail","6":"rizoma_bike-street-twin-900-2016","7":"product_cat-reservoirs-fluide","9":"first","10":"instock","11":"taxable","12":"shipping-taxable","13":"purchasable","14":"product-type-variable"},"acf":[],"_links":{"self":[{"href":"https:\/\/www.rizoma.com\/fr\/wp-json\/wp\/v2\/product\/314521","targetHints":{"allow":["GET"]}}],"collection":[{"href":"https:\/\/www.rizoma.com\/fr\/wp-json\/wp\/v2\/product"}],"about":[{"href":"https:\/\/www.rizoma.com\/fr\/wp-json\/wp\/v2\/types\/product"}],"wp:featuredmedia":[{"embeddable":true,"href":"https:\/\/www.rizoma.com\/fr\/wp-json\/wp\/v2\/media\/293567"}],"wp:attachment":[{"href":"https:\/\/www.rizoma.com\/fr\/wp-json\/wp\/v2\/media?parent=314521"}],"wp:term":[{"taxonomy":"rizoma_assembly_time","embeddable":true,"href":"https:\/\/www.rizoma.com\/fr\/wp-json\/wp\/v2\/rizoma_assembly_time?post=314521"},{"taxonomy":"rizoma_bike","embeddable":true,"href":"https:\/\/www.rizoma.com\/fr\/wp-json\/wp\/v2\/rizoma_bike?post=314521"},{"taxonomy":"rizoma_division","embeddable":true,"href":"https:\/\/www.rizoma.com\/fr\/wp-json\/wp\/v2\/rizoma_division?post=314521"},{"taxonomy":"rizoma_family","embeddable":true,"href":"https:\/\/www.rizoma.com\/fr\/wp-json\/wp\/v2\/rizoma_family?post=314521"},{"taxonomy":"rizoma_model_category","embeddable":true,"href":"https:\/\/www.rizoma.com\/fr\/wp-json\/wp\/v2\/rizoma_model_category?post=314521"},{"taxonomy":"rizoma_product_template","embeddable":true,"href":"https:\/\/www.rizoma.com\/fr\/wp-json\/wp\/v2\/rizoma_product_template?post=314521"},{"taxonomy":"product_brand","embeddable":true,"href":"https:\/\/www.rizoma.com\/fr\/wp-json\/wp\/v2\/product_brand?post=314521"},{"taxonomy":"product_cat","embeddable":true,"href":"https:\/\/www.rizoma.com\/fr\/wp-json\/wp\/v2\/product_cat?post=314521"},{"taxonomy":"product_tag","embeddable":true,"href":"https:\/\/www.rizoma.com\/fr\/wp-json\/wp\/v2\/product_tag?post=314521"}],"curies":[{"name":"wp","href":"https:\/\/api.w.org\/{rel}","templated":true}]}}