{"id":314491,"date":"2024-11-21T16:21:43","date_gmt":"2024-11-21T15:21:43","guid":{"rendered":"https:\/\/rwp.rizoma.com\/negozio\/obturateurs-clignotants-fr322\/"},"modified":"2025-12-22T00:39:22","modified_gmt":"2025-12-21T23:39:22","slug":"obturateurs-clignotants-fr322","status":"publish","type":"product","link":"https:\/\/www.rizoma.com\/fr\/negozio\/plus-pour-votre-honda\/FR322\/obturateurs-clignotants-fr322\/","title":{"rendered":"Obturateurs clignotants"},"content":{"rendered":"<p>Les obturateurs de clignotants, r\u00e9alis\u00e9s en fibre de carbone, permettent de fermer le trou de fixation peu esth\u00e9tique laiss\u00e9 en cas de repositionnement des clignotants OEM.<\/p>\n","protected":false},"excerpt":{"rendered":"<p>Les obturateurs de clignotants, r\u00e9alis\u00e9s en fibre de carbone, permettent de fermer le trou de fixation peu esth\u00e9tique laiss\u00e9 en cas de repositionnement des clignotants OEM.<\/p>\n","protected":false},"featured_media":295717,"template":"","meta":{"_acf_changed":false},"rizoma_assembly_time":[42664],"rizoma_bike":[41769,41777,41515,41780,41516,41845,41670,41671,41669,41672,41776,41601,41602,41603,41673,41674,41675,41676,41604,41677,44005,41750,41696,41521,41522,41763,41772,41679,41680],"rizoma_division":[42651],"rizoma_family":[],"rizoma_model_category":[],"rizoma_product_template":[],"product_brand":[],"product_cat":[42739],"product_tag":[],"class_list":{"0":"post-314491","1":"product","2":"type-product","3":"status-publish","4":"has-post-thumbnail","6":"rizoma_bike-1199-panigale-s-2013-14","7":"rizoma_bike-1199-panigale-s-tricolore-2012-14","8":"rizoma_bike-cb-1000-r-2008-10","9":"rizoma_bike-cb-1000-r-2011-14","10":"rizoma_bike-cb-1000-r-abs-2011-17","11":"rizoma_bike-cb-650-f-abs-2014-17","12":"rizoma_bike-cbr-1000-rr-c-abs-2009-11","13":"rizoma_bike-cbr-1000-rr-fireblade-2004-05","14":"rizoma_bike-cbr-1000-rr-fireblade-2006-07","15":"rizoma_bike-cbr-1000-rr-fireblade-2008-11","16":"rizoma_bike-cbr-1000-rr-fireblade-2012-16","17":"rizoma_bike-cbr-600-f-1999-00","18":"rizoma_bike-cbr-600-f-2001-06","19":"rizoma_bike-cbr-600-f-2011-13","20":"rizoma_bike-cbr-600-f-sport-1","21":"rizoma_bike-cbr-600-rr-2003-04","22":"rizoma_bike-cbr-600-rr-2005-06","23":"rizoma_bike-cbr-600-rr-2007-08","24":"rizoma_bike-cbr-600-rr-2009-12","25":"rizoma_bike-cbr-600-rr-c-abs-2009-12","26":"rizoma_bike-cbr-900-rr-fireblade-2002-04","27":"rizoma_bike-er-6n-2009-11","28":"rizoma_bike-f3-675-2011-15","29":"rizoma_bike-hornet-600-2011-13","30":"rizoma_bike-hornet-600-abs-2011-13","31":"rizoma_bike-integra-700-2011-13","32":"rizoma_bike-nc700x-abs-2012-13","33":"rizoma_bike-vtr-1000-sp-1-2000-01","34":"rizoma_bike-vtr-1000-sp-2-2002-06","35":"product_cat-plus-pour-votre-honda","37":"first","38":"instock","39":"sale","40":"taxable","41":"shipping-taxable","42":"purchasable","43":"product-type-variable"},"acf":[],"_links":{"self":[{"href":"https:\/\/www.rizoma.com\/fr\/wp-json\/wp\/v2\/product\/314491","targetHints":{"allow":["GET"]}}],"collection":[{"href":"https:\/\/www.rizoma.com\/fr\/wp-json\/wp\/v2\/product"}],"about":[{"href":"https:\/\/www.rizoma.com\/fr\/wp-json\/wp\/v2\/types\/product"}],"wp:featuredmedia":[{"embeddable":true,"href":"https:\/\/www.rizoma.com\/fr\/wp-json\/wp\/v2\/media\/295717"}],"wp:attachment":[{"href":"https:\/\/www.rizoma.com\/fr\/wp-json\/wp\/v2\/media?parent=314491"}],"wp:term":[{"taxonomy":"rizoma_assembly_time","embeddable":true,"href":"https:\/\/www.rizoma.com\/fr\/wp-json\/wp\/v2\/rizoma_assembly_time?post=314491"},{"taxonomy":"rizoma_bike","embeddable":true,"href":"https:\/\/www.rizoma.com\/fr\/wp-json\/wp\/v2\/rizoma_bike?post=314491"},{"taxonomy":"rizoma_division","embeddable":true,"href":"https:\/\/www.rizoma.com\/fr\/wp-json\/wp\/v2\/rizoma_division?post=314491"},{"taxonomy":"rizoma_family","embeddable":true,"href":"https:\/\/www.rizoma.com\/fr\/wp-json\/wp\/v2\/rizoma_family?post=314491"},{"taxonomy":"rizoma_model_category","embeddable":true,"href":"https:\/\/www.rizoma.com\/fr\/wp-json\/wp\/v2\/rizoma_model_category?post=314491"},{"taxonomy":"rizoma_product_template","embeddable":true,"href":"https:\/\/www.rizoma.com\/fr\/wp-json\/wp\/v2\/rizoma_product_template?post=314491"},{"taxonomy":"product_brand","embeddable":true,"href":"https:\/\/www.rizoma.com\/fr\/wp-json\/wp\/v2\/product_brand?post=314491"},{"taxonomy":"product_cat","embeddable":true,"href":"https:\/\/www.rizoma.com\/fr\/wp-json\/wp\/v2\/product_cat?post=314491"},{"taxonomy":"product_tag","embeddable":true,"href":"https:\/\/www.rizoma.com\/fr\/wp-json\/wp\/v2\/product_tag?post=314491"}],"curies":[{"name":"wp","href":"https:\/\/api.w.org\/{rel}","templated":true}]}}