{"id":314416,"date":"2024-11-21T16:20:05","date_gmt":"2024-11-21T15:20:05","guid":{"rendered":"https:\/\/rwp.rizoma.com\/negozio\/saute-vent-zdm105\/"},"modified":"2025-12-18T00:38:43","modified_gmt":"2025-12-17T23:38:43","slug":"saute-vent-zdm105","status":"publish","type":"product","link":"https:\/\/www.rizoma.com\/fr\/negozio\/saute-vents\/ZDM105\/saute-vent-zdm105\/","title":{"rendered":"Saute-vent"},"content":{"rendered":"<p>Con\u00e7u pour affiner la partie haute de l\u2019avant-train, le saute-vent Rizoma apporte une touche d\u2019\u00e9l\u00e9gance et de dynamisme. Taill\u00e9 dans la masse d\u2019aluminium, pour exploiter au maximum les excellentes caract\u00e9ristiques esth\u00e9tiques de ce mat\u00e9riau, gr\u00e2ce \u00e0 des usinages en 3D perfectionn\u00e9s, il est l\u00e9ger (un peu plus de 0,5 kg) et pr\u00e9sente des caract\u00e9ristiques esth\u00e9tiques. Certifi\u00e9 ABE. Pour monter le saute-vent Rizoma ZDM105 (ou le saute-vent OEM) avec le guidon Rizoma MA207, l\u2019adaptateur ZDM107B est n\u00e9cessaire. En revanche, pour le montage du saute-vent ZDM105 sur un guidon OEM, l\u2019adaptateur n\u2019est pas n\u00e9cessaire.<\/p>\n","protected":false},"excerpt":{"rendered":"<p>Con\u00e7u pour affiner la partie haute de l\u2019avant-train, le saute-vent Rizoma apporte une touche d\u2019\u00e9l\u00e9gance et de dynamisme. Taill\u00e9 dans la masse d\u2019aluminium, pour exploiter au maximum les excellentes caract\u00e9ristiques esth\u00e9tiques de ce mat\u00e9riau, gr\u00e2ce \u00e0 des usinages en 3D perfectionn\u00e9s, il est l\u00e9ger (un peu plus de 0,5 kg) et pr\u00e9sente des caract\u00e9ristiques esth\u00e9tiques. [&hellip;]<\/p>\n","protected":false},"featured_media":294712,"template":"","meta":{"_acf_changed":false},"rizoma_assembly_time":[42675],"rizoma_bike":[41875,41867],"rizoma_division":[42651],"rizoma_family":[],"rizoma_model_category":[],"rizoma_product_template":[],"product_brand":[],"product_cat":[42827],"product_tag":[],"class_list":{"0":"post-314416","1":"product","2":"type-product","3":"status-publish","4":"has-post-thumbnail","6":"rizoma_bike-diavel-1200-2014-16","7":"rizoma_bike-diavel-1200-carbon-2014-16","8":"product_cat-saute-vents","10":"first","11":"instock","12":"sale","13":"taxable","14":"shipping-taxable","15":"purchasable","16":"product-type-variable"},"acf":[],"_links":{"self":[{"href":"https:\/\/www.rizoma.com\/fr\/wp-json\/wp\/v2\/product\/314416","targetHints":{"allow":["GET"]}}],"collection":[{"href":"https:\/\/www.rizoma.com\/fr\/wp-json\/wp\/v2\/product"}],"about":[{"href":"https:\/\/www.rizoma.com\/fr\/wp-json\/wp\/v2\/types\/product"}],"wp:featuredmedia":[{"embeddable":true,"href":"https:\/\/www.rizoma.com\/fr\/wp-json\/wp\/v2\/media\/294712"}],"wp:attachment":[{"href":"https:\/\/www.rizoma.com\/fr\/wp-json\/wp\/v2\/media?parent=314416"}],"wp:term":[{"taxonomy":"rizoma_assembly_time","embeddable":true,"href":"https:\/\/www.rizoma.com\/fr\/wp-json\/wp\/v2\/rizoma_assembly_time?post=314416"},{"taxonomy":"rizoma_bike","embeddable":true,"href":"https:\/\/www.rizoma.com\/fr\/wp-json\/wp\/v2\/rizoma_bike?post=314416"},{"taxonomy":"rizoma_division","embeddable":true,"href":"https:\/\/www.rizoma.com\/fr\/wp-json\/wp\/v2\/rizoma_division?post=314416"},{"taxonomy":"rizoma_family","embeddable":true,"href":"https:\/\/www.rizoma.com\/fr\/wp-json\/wp\/v2\/rizoma_family?post=314416"},{"taxonomy":"rizoma_model_category","embeddable":true,"href":"https:\/\/www.rizoma.com\/fr\/wp-json\/wp\/v2\/rizoma_model_category?post=314416"},{"taxonomy":"rizoma_product_template","embeddable":true,"href":"https:\/\/www.rizoma.com\/fr\/wp-json\/wp\/v2\/rizoma_product_template?post=314416"},{"taxonomy":"product_brand","embeddable":true,"href":"https:\/\/www.rizoma.com\/fr\/wp-json\/wp\/v2\/product_brand?post=314416"},{"taxonomy":"product_cat","embeddable":true,"href":"https:\/\/www.rizoma.com\/fr\/wp-json\/wp\/v2\/product_cat?post=314416"},{"taxonomy":"product_tag","embeddable":true,"href":"https:\/\/www.rizoma.com\/fr\/wp-json\/wp\/v2\/product_tag?post=314416"}],"curies":[{"name":"wp","href":"https:\/\/api.w.org\/{rel}","templated":true}]}}