{"id":314346,"date":"2024-11-21T16:18:35","date_gmt":"2024-11-21T15:18:35","guid":{"rendered":"https:\/\/rwp.rizoma.com\/negozio\/kit-supports-repose-pieds-passager-pe680\/"},"modified":"2025-01-14T10:57:36","modified_gmt":"2025-01-14T09:57:36","slug":"kit-supports-repose-pieds-passager-pe680","status":"publish","type":"product","link":"https:\/\/www.rizoma.com\/fr\/negozio\/repose-pieds\/PE680\/kit-supports-repose-pieds-passager-pe680\/","title":{"rendered":"Kit supports repose-pieds passager"},"content":{"rendered":"<p>Le kit de supports pour repose-pieds de passager Rizoma PE680B est con\u00e7u pour offrir un meilleur confort.<br \/>Par rapport \u00e0 la position OEM, les repose-pieds sont d\u00e9port\u00e9s vers l\u2019arri\u00e8re de 40 mm. Il permet le r\u00e9glage en modifiant la hauteur de 30 \u00e0 50 mm par rapport \u00e0 la position OEM et est compatible aussi bien avec les repose-pieds OEM qu\u2019avec les repose-pieds Rizoma (pour le montage des repose-pieds Rizoma, l\u2019adaptateur PE676 est n\u00e9cessaire). Attention : les PE680B ne se montent pas avec les valises OEM. Les repose-pieds ne sont pas compris dans le kit. Kit de supports pour repose-pieds de passager certifi\u00e9 T\u00dcV.<\/p>\n","protected":false},"excerpt":{"rendered":"<p>Le kit de supports pour repose-pieds de passager Rizoma PE680B est con\u00e7u pour offrir un meilleur confort.Par rapport \u00e0 la position OEM, les repose-pieds sont d\u00e9port\u00e9s vers l\u2019arri\u00e8re de 40 mm. Il permet le r\u00e9glage en modifiant la hauteur de 30 \u00e0 50 mm par rapport \u00e0 la position OEM et est compatible aussi bien [&hellip;]<\/p>\n","protected":false},"featured_media":297102,"template":"","meta":{"_acf_changed":false},"rizoma_assembly_time":[42742],"rizoma_bike":[41821,41991,42263,41831,41960,42107,41873,41872,41854,41855,41969,42053,41947,41992,42058,42103,43994,41977,42095,42262,42022,41948,41964],"rizoma_division":[42651],"rizoma_family":[42745],"rizoma_model_category":[],"rizoma_product_template":[],"product_brand":[],"product_cat":[42750],"product_tag":[],"class_list":{"0":"post-314346","1":"product","2":"type-product","3":"status-publish","4":"has-post-thumbnail","6":"rizoma_bike-mt-09-2013-15","7":"rizoma_bike-mt-09-2017-20","8":"rizoma_bike-mt-09-2020","9":"rizoma_bike-mt-09-abs-2013-15","10":"rizoma_bike-mt-09-abs-2016","11":"rizoma_bike-mt-09-sp-2018-20","12":"rizoma_bike-mt-09-sport-tracker-2014-16","13":"rizoma_bike-mt-09-sport-tracker-abs-2014-16","14":"rizoma_bike-mt-09-street-rally-2014-16","15":"rizoma_bike-mt-09-street-rally-abs-2014-16","16":"rizoma_bike-mt-09-tracer-abs-2015-16","17":"rizoma_bike-mt-10-2017-20","18":"rizoma_bike-mt-10-abs-2016-17","19":"rizoma_bike-mt-10-sp-2017-20","20":"rizoma_bike-mt-10-tourer-edition-2017-20","21":"rizoma_bike-tracer-900-2018-20","22":"rizoma_bike-tracer-900-abs-2015-16","23":"rizoma_bike-tracer-900-abs-2017-18","24":"rizoma_bike-tracer-900-gt-2018-20","25":"rizoma_bike-xsr-900-80-black-2020","26":"rizoma_bike-xsr-900-abarth-2017-18","27":"rizoma_bike-xsr-900-abs-2016-20","28":"rizoma_bike-xsr-900-abs-60th-anniversary-2016-18","29":"product_cat-repose-pieds","31":"first","32":"instock","33":"taxable","34":"shipping-taxable","35":"purchasable","36":"product-type-variable"},"acf":[],"_links":{"self":[{"href":"https:\/\/www.rizoma.com\/fr\/wp-json\/wp\/v2\/product\/314346","targetHints":{"allow":["GET"]}}],"collection":[{"href":"https:\/\/www.rizoma.com\/fr\/wp-json\/wp\/v2\/product"}],"about":[{"href":"https:\/\/www.rizoma.com\/fr\/wp-json\/wp\/v2\/types\/product"}],"wp:featuredmedia":[{"embeddable":true,"href":"https:\/\/www.rizoma.com\/fr\/wp-json\/wp\/v2\/media\/297102"}],"wp:attachment":[{"href":"https:\/\/www.rizoma.com\/fr\/wp-json\/wp\/v2\/media?parent=314346"}],"wp:term":[{"taxonomy":"rizoma_assembly_time","embeddable":true,"href":"https:\/\/www.rizoma.com\/fr\/wp-json\/wp\/v2\/rizoma_assembly_time?post=314346"},{"taxonomy":"rizoma_bike","embeddable":true,"href":"https:\/\/www.rizoma.com\/fr\/wp-json\/wp\/v2\/rizoma_bike?post=314346"},{"taxonomy":"rizoma_division","embeddable":true,"href":"https:\/\/www.rizoma.com\/fr\/wp-json\/wp\/v2\/rizoma_division?post=314346"},{"taxonomy":"rizoma_family","embeddable":true,"href":"https:\/\/www.rizoma.com\/fr\/wp-json\/wp\/v2\/rizoma_family?post=314346"},{"taxonomy":"rizoma_model_category","embeddable":true,"href":"https:\/\/www.rizoma.com\/fr\/wp-json\/wp\/v2\/rizoma_model_category?post=314346"},{"taxonomy":"rizoma_product_template","embeddable":true,"href":"https:\/\/www.rizoma.com\/fr\/wp-json\/wp\/v2\/rizoma_product_template?post=314346"},{"taxonomy":"product_brand","embeddable":true,"href":"https:\/\/www.rizoma.com\/fr\/wp-json\/wp\/v2\/product_brand?post=314346"},{"taxonomy":"product_cat","embeddable":true,"href":"https:\/\/www.rizoma.com\/fr\/wp-json\/wp\/v2\/product_cat?post=314346"},{"taxonomy":"product_tag","embeddable":true,"href":"https:\/\/www.rizoma.com\/fr\/wp-json\/wp\/v2\/product_tag?post=314346"}],"curies":[{"name":"wp","href":"https:\/\/api.w.org\/{rel}","templated":true}]}}