{"id":314331,"date":"2024-11-21T16:18:17","date_gmt":"2024-11-21T15:18:17","guid":{"rendered":"https:\/\/rwp.rizoma.com\/negozio\/saute-vent-zkw030\/"},"modified":"2025-07-30T23:12:05","modified_gmt":"2025-07-30T21:12:05","slug":"saute-vent-zkw030","status":"publish","type":"product","link":"https:\/\/www.rizoma.com\/fr\/negozio\/saute-vents\/ZKW030\/saute-vent-zkw030\/motorbike\/7741\/ducati\/hyperstrada-821\/","title":{"rendered":"Saute-vent"},"content":{"rendered":"<p>Con\u00e7u pour affiner la partie haute de l\u2019avant-train, le saute-vent Rizoma apporte une touche d\u2019\u00e9l\u00e9gance et de dynamisme. R\u00e9alis\u00e9 en polycarbonate, un mat\u00e9riau l\u00e9ger et r\u00e9sistant, en harmonie avec le style dynamique de cette moto. Certifi\u00e9 ABE.<\/p>\n","protected":false},"excerpt":{"rendered":"<p>Con\u00e7u pour affiner la partie haute de l\u2019avant-train, le saute-vent Rizoma apporte une touche d\u2019\u00e9l\u00e9gance et de dynamisme. R\u00e9alis\u00e9 en polycarbonate, un mat\u00e9riau l\u00e9ger et r\u00e9sistant, en harmonie avec le style dynamique de cette moto. Certifi\u00e9 ABE.<\/p>\n","protected":false},"featured_media":295052,"template":"","meta":{"_acf_changed":false},"rizoma_assembly_time":[42675],"rizoma_bike":[42051,41846,42001],"rizoma_division":[42651],"rizoma_family":[],"rizoma_model_category":[],"rizoma_product_template":[],"product_brand":[],"product_cat":[42827],"product_tag":[],"class_list":{"0":"post-314331","1":"product","2":"type-product","3":"status-publish","4":"has-post-thumbnail","6":"rizoma_bike-z-1000-2017-20","7":"rizoma_bike-z-1000-abs-2014-16","8":"rizoma_bike-z-1000-r-2017-20","9":"product_cat-saute-vents","11":"first","12":"instock","13":"taxable","14":"shipping-taxable","15":"purchasable","16":"product-type-variable"},"acf":[],"_links":{"self":[{"href":"https:\/\/www.rizoma.com\/fr\/wp-json\/wp\/v2\/product\/314331","targetHints":{"allow":["GET"]}}],"collection":[{"href":"https:\/\/www.rizoma.com\/fr\/wp-json\/wp\/v2\/product"}],"about":[{"href":"https:\/\/www.rizoma.com\/fr\/wp-json\/wp\/v2\/types\/product"}],"wp:featuredmedia":[{"embeddable":true,"href":"https:\/\/www.rizoma.com\/fr\/wp-json\/wp\/v2\/media\/295052"}],"wp:attachment":[{"href":"https:\/\/www.rizoma.com\/fr\/wp-json\/wp\/v2\/media?parent=314331"}],"wp:term":[{"taxonomy":"rizoma_assembly_time","embeddable":true,"href":"https:\/\/www.rizoma.com\/fr\/wp-json\/wp\/v2\/rizoma_assembly_time?post=314331"},{"taxonomy":"rizoma_bike","embeddable":true,"href":"https:\/\/www.rizoma.com\/fr\/wp-json\/wp\/v2\/rizoma_bike?post=314331"},{"taxonomy":"rizoma_division","embeddable":true,"href":"https:\/\/www.rizoma.com\/fr\/wp-json\/wp\/v2\/rizoma_division?post=314331"},{"taxonomy":"rizoma_family","embeddable":true,"href":"https:\/\/www.rizoma.com\/fr\/wp-json\/wp\/v2\/rizoma_family?post=314331"},{"taxonomy":"rizoma_model_category","embeddable":true,"href":"https:\/\/www.rizoma.com\/fr\/wp-json\/wp\/v2\/rizoma_model_category?post=314331"},{"taxonomy":"rizoma_product_template","embeddable":true,"href":"https:\/\/www.rizoma.com\/fr\/wp-json\/wp\/v2\/rizoma_product_template?post=314331"},{"taxonomy":"product_brand","embeddable":true,"href":"https:\/\/www.rizoma.com\/fr\/wp-json\/wp\/v2\/product_brand?post=314331"},{"taxonomy":"product_cat","embeddable":true,"href":"https:\/\/www.rizoma.com\/fr\/wp-json\/wp\/v2\/product_cat?post=314331"},{"taxonomy":"product_tag","embeddable":true,"href":"https:\/\/www.rizoma.com\/fr\/wp-json\/wp\/v2\/product_tag?post=314331"}],"curies":[{"name":"wp","href":"https:\/\/api.w.org\/{rel}","templated":true}]}}