{"id":314236,"date":"2024-11-21T16:16:19","date_gmt":"2024-11-21T15:16:19","guid":{"rendered":"https:\/\/rwp.rizoma.com\/negozio\/obturateur-retroviseur-bs806\/"},"modified":"2025-01-14T10:50:41","modified_gmt":"2025-01-14T09:50:41","slug":"obturateur-retroviseur-bs806","status":"publish","type":"product","link":"https:\/\/www.rizoma.com\/fr\/negozio\/retroviseurs\/BS806\/obturateur-retroviseur-bs806\/","title":{"rendered":"Obturateur r\u00e9troviseur"},"content":{"rendered":"<p>L\u2019obturateur du r\u00e9troviseur, en cas de remplacement des r\u00e9troviseurs OEM par de nouveaux r\u00e9troviseurs install\u00e9s sur le guidon, permet de couvrir \u00e9l\u00e9gamment le trou laiss\u00e9 sur le car\u00e9nage.<br \/>Le kit contient trois autocollants diff\u00e9rents, un avec le logo Rizoma, un avec le logo 530 et un avec le logo 560, pour pouvoir choisir celui qui convient le mieux \u00e0 votre mod\u00e8le T-max.<\/p>\n","protected":false},"excerpt":{"rendered":"<p>L\u2019obturateur du r\u00e9troviseur, en cas de remplacement des r\u00e9troviseurs OEM par de nouveaux r\u00e9troviseurs install\u00e9s sur le guidon, permet de couvrir \u00e9l\u00e9gamment le trou laiss\u00e9 sur le car\u00e9nage.Le kit contient trois autocollants diff\u00e9rents, un avec le logo Rizoma, un avec le logo 530 et un avec le logo 560, pour pouvoir choisir celui qui convient [&hellip;]<\/p>\n","protected":false},"featured_media":297527,"template":"","meta":{"_acf_changed":false},"rizoma_assembly_time":[42664],"rizoma_bike":[41767,41903,42023,41774,41904,41811,41812,41858,41859,42024,41905,41906,41961,42025,42120,42225,42386,42226,42378],"rizoma_division":[42651],"rizoma_family":[42837],"rizoma_model_category":[],"rizoma_product_template":[],"product_brand":[],"product_cat":[43939],"product_tag":[],"class_list":{"0":"post-314236","1":"product","2":"type-product","3":"status-publish","4":"has-post-thumbnail","6":"rizoma_bike-t-max-530-2012-14","7":"rizoma_bike-t-max-530-2015-16","8":"rizoma_bike-t-max-530-2017-19","9":"rizoma_bike-t-max-530-abs-2012-14","10":"rizoma_bike-t-max-530-abs-2015-17","11":"rizoma_bike-t-max-530-black-max-2012-14","12":"rizoma_bike-t-max-530-black-max-abs-2012-14","13":"rizoma_bike-t-max-530-bronze-max-2014","14":"rizoma_bike-t-max-530-bronze-max-abs-2014","15":"rizoma_bike-t-max-530-dx-2017-19","16":"rizoma_bike-t-max-530-iron-max-2014-17","17":"rizoma_bike-t-max-530-iron-max-abs-2014-17","18":"rizoma_bike-t-max-530-lux-max-abs-2016-17","19":"rizoma_bike-t-max-530-sx-2017-19","20":"rizoma_bike-t-max-530-sx-sport-edition-2018-19","21":"rizoma_bike-t-max-560-2020-21","22":"rizoma_bike-t-max-560-20-anniversario-2021","23":"rizoma_bike-t-max-560-tech-max-2020","24":"rizoma_bike-t-max-560-tech-max-2021","25":"product_cat-retroviseurs","27":"first","28":"instock","29":"sale","30":"taxable","31":"shipping-taxable","32":"purchasable","33":"product-type-variable"},"acf":[],"_links":{"self":[{"href":"https:\/\/www.rizoma.com\/fr\/wp-json\/wp\/v2\/product\/314236","targetHints":{"allow":["GET"]}}],"collection":[{"href":"https:\/\/www.rizoma.com\/fr\/wp-json\/wp\/v2\/product"}],"about":[{"href":"https:\/\/www.rizoma.com\/fr\/wp-json\/wp\/v2\/types\/product"}],"wp:featuredmedia":[{"embeddable":true,"href":"https:\/\/www.rizoma.com\/fr\/wp-json\/wp\/v2\/media\/297527"}],"wp:attachment":[{"href":"https:\/\/www.rizoma.com\/fr\/wp-json\/wp\/v2\/media?parent=314236"}],"wp:term":[{"taxonomy":"rizoma_assembly_time","embeddable":true,"href":"https:\/\/www.rizoma.com\/fr\/wp-json\/wp\/v2\/rizoma_assembly_time?post=314236"},{"taxonomy":"rizoma_bike","embeddable":true,"href":"https:\/\/www.rizoma.com\/fr\/wp-json\/wp\/v2\/rizoma_bike?post=314236"},{"taxonomy":"rizoma_division","embeddable":true,"href":"https:\/\/www.rizoma.com\/fr\/wp-json\/wp\/v2\/rizoma_division?post=314236"},{"taxonomy":"rizoma_family","embeddable":true,"href":"https:\/\/www.rizoma.com\/fr\/wp-json\/wp\/v2\/rizoma_family?post=314236"},{"taxonomy":"rizoma_model_category","embeddable":true,"href":"https:\/\/www.rizoma.com\/fr\/wp-json\/wp\/v2\/rizoma_model_category?post=314236"},{"taxonomy":"rizoma_product_template","embeddable":true,"href":"https:\/\/www.rizoma.com\/fr\/wp-json\/wp\/v2\/rizoma_product_template?post=314236"},{"taxonomy":"product_brand","embeddable":true,"href":"https:\/\/www.rizoma.com\/fr\/wp-json\/wp\/v2\/product_brand?post=314236"},{"taxonomy":"product_cat","embeddable":true,"href":"https:\/\/www.rizoma.com\/fr\/wp-json\/wp\/v2\/product_cat?post=314236"},{"taxonomy":"product_tag","embeddable":true,"href":"https:\/\/www.rizoma.com\/fr\/wp-json\/wp\/v2\/product_tag?post=314236"}],"curies":[{"name":"wp","href":"https:\/\/api.w.org\/{rel}","templated":true}]}}