{"id":314171,"date":"2024-11-21T16:14:57","date_gmt":"2024-11-21T15:14:57","guid":{"rendered":"https:\/\/rwp.rizoma.com\/negozio\/levier-dembrayage-zym005\/"},"modified":"2025-11-22T00:06:48","modified_gmt":"2025-11-21T23:06:48","slug":"levier-dembrayage-zym005","status":"publish","type":"product","link":"https:\/\/www.rizoma.com\/fr\/negozio\/leviers-de-frein-embrayage\/ZYM005\/levier-dembrayage-zym005\/","title":{"rendered":"Levier d&#8217;Embrayage"},"content":{"rendered":"<p>A\u00e9rodynamisme et grip. Les leviers Rizoma ont \u00e9t\u00e9 d\u00e9velopp\u00e9s suite aux analyses et aux essais r\u00e9alis\u00e9s en soufflerie. En effet, la pression de l\u2019air qui d\u00e9coule d\u2019une utilisation sportive, \u00e0 grande vitesse, a une forte incidence sur le circuit de freinage. Pour r\u00e9duire cet effet, l\u2019extr\u00e9mit\u00e9 ext\u00e9rieure du levier a \u00e9t\u00e9 \u00e9vid\u00e9e de mani\u00e8re \u00e0 r\u00e9duire au minimum la pression existante et \u00e0 garantir ainsi un fonctionnement optimal. Les leviers taill\u00e9s dans la masse d\u2019aluminium et anodis\u00e9s.<\/p>\n","protected":false},"excerpt":{"rendered":"<p>A\u00e9rodynamisme et grip. Les leviers Rizoma ont \u00e9t\u00e9 d\u00e9velopp\u00e9s suite aux analyses et aux essais r\u00e9alis\u00e9s en soufflerie. En effet, la pression de l\u2019air qui d\u00e9coule d\u2019une utilisation sportive, \u00e0 grande vitesse, a une forte incidence sur le circuit de freinage. Pour r\u00e9duire cet effet, l\u2019extr\u00e9mit\u00e9 ext\u00e9rieure du levier a \u00e9t\u00e9 \u00e9vid\u00e9e de mani\u00e8re \u00e0 [&hellip;]<\/p>\n","protected":false},"featured_media":297697,"template":"","meta":{"_acf_changed":false},"rizoma_assembly_time":[42675],"rizoma_bike":[],"rizoma_division":[42651],"rizoma_family":[42802],"rizoma_model_category":[],"rizoma_product_template":[],"product_brand":[],"product_cat":[42807],"product_tag":[],"class_list":{"0":"post-314171","1":"product","2":"type-product","3":"status-publish","4":"has-post-thumbnail","6":"product_cat-leviers-de-frein-embrayage","8":"first","9":"instock","10":"taxable","11":"shipping-taxable","12":"purchasable","13":"product-type-variable"},"acf":[],"_links":{"self":[{"href":"https:\/\/www.rizoma.com\/fr\/wp-json\/wp\/v2\/product\/314171","targetHints":{"allow":["GET"]}}],"collection":[{"href":"https:\/\/www.rizoma.com\/fr\/wp-json\/wp\/v2\/product"}],"about":[{"href":"https:\/\/www.rizoma.com\/fr\/wp-json\/wp\/v2\/types\/product"}],"wp:featuredmedia":[{"embeddable":true,"href":"https:\/\/www.rizoma.com\/fr\/wp-json\/wp\/v2\/media\/297697"}],"wp:attachment":[{"href":"https:\/\/www.rizoma.com\/fr\/wp-json\/wp\/v2\/media?parent=314171"}],"wp:term":[{"taxonomy":"rizoma_assembly_time","embeddable":true,"href":"https:\/\/www.rizoma.com\/fr\/wp-json\/wp\/v2\/rizoma_assembly_time?post=314171"},{"taxonomy":"rizoma_bike","embeddable":true,"href":"https:\/\/www.rizoma.com\/fr\/wp-json\/wp\/v2\/rizoma_bike?post=314171"},{"taxonomy":"rizoma_division","embeddable":true,"href":"https:\/\/www.rizoma.com\/fr\/wp-json\/wp\/v2\/rizoma_division?post=314171"},{"taxonomy":"rizoma_family","embeddable":true,"href":"https:\/\/www.rizoma.com\/fr\/wp-json\/wp\/v2\/rizoma_family?post=314171"},{"taxonomy":"rizoma_model_category","embeddable":true,"href":"https:\/\/www.rizoma.com\/fr\/wp-json\/wp\/v2\/rizoma_model_category?post=314171"},{"taxonomy":"rizoma_product_template","embeddable":true,"href":"https:\/\/www.rizoma.com\/fr\/wp-json\/wp\/v2\/rizoma_product_template?post=314171"},{"taxonomy":"product_brand","embeddable":true,"href":"https:\/\/www.rizoma.com\/fr\/wp-json\/wp\/v2\/product_brand?post=314171"},{"taxonomy":"product_cat","embeddable":true,"href":"https:\/\/www.rizoma.com\/fr\/wp-json\/wp\/v2\/product_cat?post=314171"},{"taxonomy":"product_tag","embeddable":true,"href":"https:\/\/www.rizoma.com\/fr\/wp-json\/wp\/v2\/product_tag?post=314171"}],"curies":[{"name":"wp","href":"https:\/\/api.w.org\/{rel}","templated":true}]}}