{"id":314166,"date":"2024-11-21T16:14:51","date_gmt":"2024-11-21T15:14:51","guid":{"rendered":"https:\/\/rwp.rizoma.com\/negozio\/kit-enjoliveur-axe-de-roue-arriere-zyf004\/"},"modified":"2025-12-18T00:38:16","modified_gmt":"2025-12-17T23:38:16","slug":"kit-enjoliveur-axe-de-roue-arriere-zyf004","status":"publish","type":"product","link":"https:\/\/www.rizoma.com\/fr\/negozio\/plus-pour-votre-yamaha\/ZYF004\/kit-enjoliveur-axe-de-roue-arriere-zyf004\/","title":{"rendered":"Kit enjoliveur axe de roue arri\u00e8re"},"content":{"rendered":"<p>Le kit enjoliveur de l\u2019axe de roue arri\u00e8re Rizoma est enti\u00e8rement taill\u00e9 dans la masse d\u2019aluminium gr\u00e2ce \u00e0 des usinages 3D de haute pr\u00e9cision. La finition, obtenue gr\u00e2ce \u00e0 un traitement de surface par anodisation, r\u00e9duit la d\u00e9t\u00e9rioration des qualit\u00e9s esth\u00e9tiques au fil du temps. Disponible en diff\u00e9rentes couleurs.<\/p>\n","protected":false},"excerpt":{"rendered":"<p>Le kit enjoliveur de l\u2019axe de roue arri\u00e8re Rizoma est enti\u00e8rement taill\u00e9 dans la masse d\u2019aluminium gr\u00e2ce \u00e0 des usinages 3D de haute pr\u00e9cision. La finition, obtenue gr\u00e2ce \u00e0 un traitement de surface par anodisation, r\u00e9duit la d\u00e9t\u00e9rioration des qualit\u00e9s esth\u00e9tiques au fil du temps. Disponible en diff\u00e9rentes couleurs.<\/p>\n","protected":false},"featured_media":295197,"template":"","meta":{"_acf_changed":false},"rizoma_assembly_time":[42675],"rizoma_bike":[41586,42253,41813],"rizoma_division":[42651],"rizoma_family":[],"rizoma_model_category":[],"rizoma_product_template":[],"product_brand":[],"product_cat":[42797],"product_tag":[],"class_list":{"0":"post-314166","1":"product","2":"type-product","3":"status-publish","4":"has-post-thumbnail","6":"rizoma_bike-t-max-500-2008-12","7":"rizoma_bike-t-max-500-tech-max-2011-13","8":"rizoma_bike-t-max-500-white-max-2010-11","9":"product_cat-plus-pour-votre-yamaha","11":"first","12":"instock","13":"sale","14":"taxable","15":"shipping-taxable","16":"purchasable","17":"product-type-variable"},"acf":[],"_links":{"self":[{"href":"https:\/\/www.rizoma.com\/fr\/wp-json\/wp\/v2\/product\/314166","targetHints":{"allow":["GET"]}}],"collection":[{"href":"https:\/\/www.rizoma.com\/fr\/wp-json\/wp\/v2\/product"}],"about":[{"href":"https:\/\/www.rizoma.com\/fr\/wp-json\/wp\/v2\/types\/product"}],"wp:featuredmedia":[{"embeddable":true,"href":"https:\/\/www.rizoma.com\/fr\/wp-json\/wp\/v2\/media\/295197"}],"wp:attachment":[{"href":"https:\/\/www.rizoma.com\/fr\/wp-json\/wp\/v2\/media?parent=314166"}],"wp:term":[{"taxonomy":"rizoma_assembly_time","embeddable":true,"href":"https:\/\/www.rizoma.com\/fr\/wp-json\/wp\/v2\/rizoma_assembly_time?post=314166"},{"taxonomy":"rizoma_bike","embeddable":true,"href":"https:\/\/www.rizoma.com\/fr\/wp-json\/wp\/v2\/rizoma_bike?post=314166"},{"taxonomy":"rizoma_division","embeddable":true,"href":"https:\/\/www.rizoma.com\/fr\/wp-json\/wp\/v2\/rizoma_division?post=314166"},{"taxonomy":"rizoma_family","embeddable":true,"href":"https:\/\/www.rizoma.com\/fr\/wp-json\/wp\/v2\/rizoma_family?post=314166"},{"taxonomy":"rizoma_model_category","embeddable":true,"href":"https:\/\/www.rizoma.com\/fr\/wp-json\/wp\/v2\/rizoma_model_category?post=314166"},{"taxonomy":"rizoma_product_template","embeddable":true,"href":"https:\/\/www.rizoma.com\/fr\/wp-json\/wp\/v2\/rizoma_product_template?post=314166"},{"taxonomy":"product_brand","embeddable":true,"href":"https:\/\/www.rizoma.com\/fr\/wp-json\/wp\/v2\/product_brand?post=314166"},{"taxonomy":"product_cat","embeddable":true,"href":"https:\/\/www.rizoma.com\/fr\/wp-json\/wp\/v2\/product_cat?post=314166"},{"taxonomy":"product_tag","embeddable":true,"href":"https:\/\/www.rizoma.com\/fr\/wp-json\/wp\/v2\/product_tag?post=314166"}],"curies":[{"name":"wp","href":"https:\/\/api.w.org\/{rel}","templated":true}]}}