{"id":314111,"date":"2024-11-21T16:13:42","date_gmt":"2024-11-21T15:13:42","guid":{"rendered":"https:\/\/rwp.rizoma.com\/negozio\/support-dimmatriculation-multifit-pt061\/"},"modified":"2025-01-14T10:42:24","modified_gmt":"2025-01-14T09:42:24","slug":"support-dimmatriculation-multifit-pt061","status":"publish","type":"product","link":"https:\/\/www.rizoma.com\/fr\/negozio\/support-dimmatriculation\/PT061\/support-dimmatriculation-multifit-pt061\/","title":{"rendered":"Support d\u2019immatriculation Multifit"},"content":{"rendered":"<p>Kit avec\u00a0\u00e9clairage, catadioptre, support de plaque 173&#215;173 mm, support de plaque USA 166&#215;89,5 mm et supports pour clignotants Rizoma. Il a \u00e9t\u00e9 d\u00e9velopp\u00e9 pour offrir toutes les caract\u00e9ristiques des supports d\u2019immatriculation RIZOMA. Gr\u00e2ce aux plaquettes de fixation r\u00e9glables, il est possible de le monter sur une tr\u00e8s vaste gamme de marques et de mod\u00e8les. Il dispose de multiples r\u00e9glages d&#8217;inclinaison et d&#8217;extension ainsi que d\u2019un \u00e9clairage de plaque d\u2019immatriculation \u00e0 LED SMD (homologu\u00e9) et d\u2019un catadioptre, en conformit\u00e9 avec les normes r\u00e9glementaires. L\u2019\u00e9clairage de plaque d\u2019immatriculation peut \u00eatre remplac\u00e9 par le feu arri\u00e8re Rizoma (r\u00e9f\u00e9rence EE130B), qui peut \u00eatre achet\u00e9 s\u00e9par\u00e9ment et qui comprend les fonctions d\u2019\u00e9clairage de plaque d\u2019immatriculation, de feu arri\u00e8re et de feu de freinage. Le support d\u2019immatriculation universel est indiqu\u00e9 dans les cas o\u00f9\u00a0aucun article sp\u00e9cifique \u00e0 son mod\u00e8le de moto n\u2019a \u00e9t\u00e9 d\u00e9velopp\u00e9. Il est conseill\u00e9 de v\u00e9rifier les dimensions et le dessin technique avant l\u2019achat. Certifi\u00e9 ABE.<\/p>\n","protected":false},"excerpt":{"rendered":"<p>Kit avec\u00a0\u00e9clairage, catadioptre, support de plaque 173&#215;173 mm, support de plaque USA 166&#215;89,5 mm et supports pour clignotants Rizoma. Il a \u00e9t\u00e9 d\u00e9velopp\u00e9 pour offrir toutes les caract\u00e9ristiques des supports d\u2019immatriculation RIZOMA. Gr\u00e2ce aux plaquettes de fixation r\u00e9glables, il est possible de le monter sur une tr\u00e8s vaste gamme de marques et de mod\u00e8les. Il [&hellip;]<\/p>\n","protected":false},"featured_media":313529,"template":"","meta":{"_acf_changed":false},"rizoma_assembly_time":[42675],"rizoma_bike":[],"rizoma_division":[42651],"rizoma_family":[42761],"rizoma_model_category":[],"rizoma_product_template":[],"product_brand":[],"product_cat":[42766],"product_tag":[],"class_list":{"0":"post-314111","1":"product","2":"type-product","3":"status-publish","4":"has-post-thumbnail","6":"product_cat-support-dimmatriculation","8":"first","9":"instock","10":"taxable","11":"shipping-taxable","12":"purchasable","13":"product-type-variable"},"acf":[],"_links":{"self":[{"href":"https:\/\/www.rizoma.com\/fr\/wp-json\/wp\/v2\/product\/314111","targetHints":{"allow":["GET"]}}],"collection":[{"href":"https:\/\/www.rizoma.com\/fr\/wp-json\/wp\/v2\/product"}],"about":[{"href":"https:\/\/www.rizoma.com\/fr\/wp-json\/wp\/v2\/types\/product"}],"wp:featuredmedia":[{"embeddable":true,"href":"https:\/\/www.rizoma.com\/fr\/wp-json\/wp\/v2\/media\/313529"}],"wp:attachment":[{"href":"https:\/\/www.rizoma.com\/fr\/wp-json\/wp\/v2\/media?parent=314111"}],"wp:term":[{"taxonomy":"rizoma_assembly_time","embeddable":true,"href":"https:\/\/www.rizoma.com\/fr\/wp-json\/wp\/v2\/rizoma_assembly_time?post=314111"},{"taxonomy":"rizoma_bike","embeddable":true,"href":"https:\/\/www.rizoma.com\/fr\/wp-json\/wp\/v2\/rizoma_bike?post=314111"},{"taxonomy":"rizoma_division","embeddable":true,"href":"https:\/\/www.rizoma.com\/fr\/wp-json\/wp\/v2\/rizoma_division?post=314111"},{"taxonomy":"rizoma_family","embeddable":true,"href":"https:\/\/www.rizoma.com\/fr\/wp-json\/wp\/v2\/rizoma_family?post=314111"},{"taxonomy":"rizoma_model_category","embeddable":true,"href":"https:\/\/www.rizoma.com\/fr\/wp-json\/wp\/v2\/rizoma_model_category?post=314111"},{"taxonomy":"rizoma_product_template","embeddable":true,"href":"https:\/\/www.rizoma.com\/fr\/wp-json\/wp\/v2\/rizoma_product_template?post=314111"},{"taxonomy":"product_brand","embeddable":true,"href":"https:\/\/www.rizoma.com\/fr\/wp-json\/wp\/v2\/product_brand?post=314111"},{"taxonomy":"product_cat","embeddable":true,"href":"https:\/\/www.rizoma.com\/fr\/wp-json\/wp\/v2\/product_cat?post=314111"},{"taxonomy":"product_tag","embeddable":true,"href":"https:\/\/www.rizoma.com\/fr\/wp-json\/wp\/v2\/product_tag?post=314111"}],"curies":[{"name":"wp","href":"https:\/\/api.w.org\/{rel}","templated":true}]}}