{"id":313936,"date":"2024-11-21T16:09:56","date_gmt":"2024-11-21T15:09:56","guid":{"rendered":"https:\/\/rwp.rizoma.com\/negozio\/kit-de-montage-reservoir-fluide-rizoma-ct450\/"},"modified":"2026-02-23T16:57:38","modified_gmt":"2026-02-23T15:57:38","slug":"kit-de-montage-reservoir-fluide-rizoma-ct450","status":"publish","type":"product","link":"https:\/\/www.rizoma.com\/fr\/negozio\/reservoirs-fluide\/CT450\/kit-de-montage-reservoir-fluide-rizoma-ct450\/","title":{"rendered":"Kit de montage r\u00e9servoir fluide Rizoma"},"content":{"rendered":"<p>Les adaptateurs de r\u00e9servoir de fluide Rizoma, r\u00e9alis\u00e9s en aluminium, permettent de trouver la solution de montage la plus appropri\u00e9e en cas de remplacement du r\u00e9servoir de fluide OEM par un mod\u00e8le Rizoma.<\/p>\n","protected":false},"excerpt":{"rendered":"<p>Les adaptateurs de r\u00e9servoir de fluide Rizoma, r\u00e9alis\u00e9s en aluminium, permettent de trouver la solution de montage la plus appropri\u00e9e en cas de remplacement du r\u00e9servoir de fluide OEM par un mod\u00e8le Rizoma.<\/p>\n","protected":false},"featured_media":293542,"template":"","meta":{"_acf_changed":false},"rizoma_assembly_time":[42675],"rizoma_bike":[41623,41624,41625,41626,41694,41695,41627,41628,41629,41630,41631,41987,41997,42617,42618,41632,41633,41636,41637,41638,41634,41635,41644,41645,41770,41591,41592,41593,42179,41646,41647,41648,41649,41650,44429,41533,41532,41534,41651,42065,41653,41652,41654,41655,41656,41657,41658,41776,43763,43762,41715,41716,41865,41665,42136,42293,42137,42294,43998,41732,41733,43999,42154,42392,42280,42393,42163,42394,41666,41458,41819,41459,41460,41461,41462,44468,44469,41486,41487,41488,41489,41490,41491,41492,41493,41494,41495,41496,41498,41497,42341,42342,42587,42635,42518,41501,41502,41503,41504,41882,41815,41505,42321,42451,42322,42452,41888,41889,42069,41684,41685,41786,43759,43760,43761,41620,42593,43389,42144,42149,42389,42594,44381,42268,42553,42412,43393,42115,42116,41941,42400,42547,43390,42365,44372,44376,42169,42396,43684,42475,43683,42603,41667,41594,41595,41668,41596,42528,42549,42044,42045,42208,41756,41514,42430,43893,42499,43894,43755,43756,41597,41598,42180,41599,41600,41998,42052,42336,42337,41436,41937,42047,42554,42599,41613,42356,44461,41891,42357,44462,42577,41438,41753,42127,41892,41721,41722,41724,41617],"rizoma_division":[42651],"rizoma_family":[42704],"rizoma_model_category":[],"rizoma_product_template":[],"product_brand":[],"product_cat":[42688],"product_tag":[],"class_list":{"0":"post-313936","1":"product","2":"type-product","3":"status-publish","4":"has-post-thumbnail","6":"rizoma_bike-1098-2006-09","7":"rizoma_bike-1098-r-2007-11","8":"rizoma_bike-1098-r-bayliss-le-2009-11","9":"rizoma_bike-1098-s-2006-11","10":"rizoma_bike-1190-rc8-2008-09","11":"rizoma_bike-1190-rc8-r-2009-16","12":"rizoma_bike-1198-2009-12","13":"rizoma_bike-1198-r-corse-special-edition-2010-12","14":"rizoma_bike-1198-s","15":"rizoma_bike-1198-s-corse-special-edition-2010-12","16":"rizoma_bike-1198-sp-2011-12","17":"rizoma_bike-1290-super-adventure-r-2017-20","18":"rizoma_bike-1290-super-adventure-s-2017-20","19":"rizoma_bike-1390-super-duke-r-2024-26","20":"rizoma_bike-1390-super-duke-r-evo-2024-26","21":"rizoma_bike-748-biposto-1995-97","22":"rizoma_bike-748-biposto-1998-03","23":"rizoma_bike-748-r-1999-03","24":"rizoma_bike-748-s-1999-01","25":"rizoma_bike-748-s-2002-03","26":"rizoma_bike-748-sp-1995-97","27":"rizoma_bike-748-sps-1998-01","28":"rizoma_bike-848-2007-13","29":"rizoma_bike-848-evo-2010-12","30":"rizoma_bike-848-evo-corse-special-edition-2011-13","31":"rizoma_bike-900-ss-1991-95","32":"rizoma_bike-900-ss-cup-1991-97","33":"rizoma_bike-900-ss-fe-1997","34":"rizoma_bike-900-ss-replica","35":"rizoma_bike-900-ss-super-light-1992-96","36":"rizoma_bike-916-biposto-1994-98","37":"rizoma_bike-916-senna-1995-98","38":"rizoma_bike-916-sp-monoposto-1994-96","39":"rizoma_bike-916-sps-1997-99","40":"rizoma_bike-990-duke-r-2026","41":"rizoma_bike-990-super-duke-2005-07","42":"rizoma_bike-990-super-duke-2007-11","43":"rizoma_bike-990-super-duke-r-2009-11","44":"rizoma_bike-996-biposto-1998-01","45":"rizoma_bike-996-r-2001","46":"rizoma_bike-996-s-2001","47":"rizoma_bike-996-sps-1998-00","48":"rizoma_bike-998-2001-02","49":"rizoma_bike-998-fe-2003-04","50":"rizoma_bike-998-matrix-2003-04","51":"rizoma_bike-998-r-2002","52":"rizoma_bike-998-s-2002-03","53":"rizoma_bike-cbr-1000-rr-fireblade-2012-16","54":"rizoma_bike-cvo-pan-america-2024","55":"rizoma_bike-cvo-pan-america-2025","56":"rizoma_bike-daytona-675-abs-2009-13","57":"rizoma_bike-daytona-675-r-2010-12","58":"rizoma_bike-daytona-675-r-abs-2009-16","59":"rizoma_bike-desmosedici-rr-1","60":"rizoma_bike-ftr-1200-2019-20","61":"rizoma_bike-ftr-1200-2021-25","62":"rizoma_bike-ftr-1200-s-2019-20","63":"rizoma_bike-ftr-1200-s-2021-22","64":"rizoma_bike-hypermotard-1100-2007-09","65":"rizoma_bike-hypermotard-1100-evo-2010-12","66":"rizoma_bike-hypermotard-1100-evo-sp-2010-12","67":"rizoma_bike-hypermotard-1100-s-2007-09","68":"rizoma_bike-hypermotard-950-2019-20","69":"rizoma_bike-hypermotard-950-2022-25","70":"rizoma_bike-hypermotard-950-rve-2020","71":"rizoma_bike-hypermotard-950-rve-2022-25","72":"rizoma_bike-hypermotard-950-sp-2019-20","73":"rizoma_bike-hypermotard-950-sp-2022-25","74":"rizoma_bike-mh-900e-1","75":"rizoma_bike-monster-1000-dark-2003-05","76":"rizoma_bike-monster-1000-ds-2003-05","77":"rizoma_bike-monster-1000-s-2003-05","78":"rizoma_bike-monster-1100-2009-10","79":"rizoma_bike-monster-1100-evo-2011-12","80":"rizoma_bike-monster-1100-s-2009-10","81":"rizoma_bike-monster-890-2026","82":"rizoma_bike-monster-890-2026-1","83":"rizoma_bike-monster-900-1997-98","84":"rizoma_bike-monster-900-city-1998-02","85":"rizoma_bike-monster-900-city-dark-1999-02","86":"rizoma_bike-monster-900-city-dark-i-e-1999-02","87":"rizoma_bike-monster-900-city-i-e-1999-02","88":"rizoma_bike-monster-900-cromo-i-e-1999-02","89":"rizoma_bike-monster-900-dark-1999-02","90":"rizoma_bike-monster-900-dark-i-e-1999-02","91":"rizoma_bike-monster-900-i-e-1999-02","92":"rizoma_bike-monster-900-i-e-2002","93":"rizoma_bike-monster-900-s-1998-01","94":"rizoma_bike-monster-900-s4-2001-02","95":"rizoma_bike-monster-900-special-i-e-1999-02","96":"rizoma_bike-monster-937-2021-25","97":"rizoma_bike-monster-937-2021-25-1","98":"rizoma_bike-monster-937-30-anniversario-2023-24","99":"rizoma_bike-monster-937-senna-2024","100":"rizoma_bike-monster-937-sp-2023-25","101":"rizoma_bike-monster-s2r-1000-1","102":"rizoma_bike-monster-s4-2001-03","103":"rizoma_bike-monster-s4-fogarty-2002","104":"rizoma_bike-monster-s4r-2003-05","105":"rizoma_bike-monster-s4r-2006-08","106":"rizoma_bike-monster-s4r-testastretta","107":"rizoma_bike-monster-s4rs-testastretta-1","108":"rizoma_bike-mt-09-2021","109":"rizoma_bike-mt-09-2022-23","110":"rizoma_bike-mt-09-sp-2021","111":"rizoma_bike-mt-09-sp-2022-23","112":"rizoma_bike-multistrada-1200-abs-2015-17","113":"rizoma_bike-multistrada-1200-s-2015-17","114":"rizoma_bike-multistrada-1200-s-d-air-2017-18","115":"rizoma_bike-ninja-1000-zx-10r-2010-11","116":"rizoma_bike-ninja-1000-zx-10r-2011-15","117":"rizoma_bike-ninja-1000-zx-10r-abs-2011-15","118":"rizoma_bike-pan-america-1250-2020-25","119":"rizoma_bike-pan-america-1250-special-2020-25","120":"rizoma_bike-pan-america-1250-st-2025","121":"rizoma_bike-rsv4-r-2009-12","122":"rizoma_bike-scrambler-1200-x-2024-26","123":"rizoma_bike-scrambler-1200-x-icon-edition-2025-26","124":"rizoma_bike-scrambler-1200-xc-2019-20","125":"rizoma_bike-scrambler-1200-xe-2019-20","126":"rizoma_bike-scrambler-1200-xe-2021-23","127":"rizoma_bike-scrambler-1200-xe-2024-25","128":"rizoma_bike-scrambler-1200-xe-2026","129":"rizoma_bike-scrambler-1200-xe-bond-edition-2020","130":"rizoma_bike-scrambler-1200-xe-chrome-edition-2023","131":"rizoma_bike-scrambler-1200-xe-gold-line-edition-2021-22","132":"rizoma_bike-scrambler-1200-xe-icon-edition-2025-26","133":"rizoma_bike-speed-triple-1050-rs-2018-20","134":"rizoma_bike-speed-triple-1050-s-2018-20","135":"rizoma_bike-speed-triple-1050-s-abs-2016-17","136":"rizoma_bike-speed-triple-1200-rr-2022-26","137":"rizoma_bike-speed-triple-1200-rr-bond-edition-2023","138":"rizoma_bike-speed-triple-1200-rr-breitling-edition-2024-25","139":"rizoma_bike-speed-triple-1200-rs-2021-24","140":"rizoma_bike-speed-triple-1200-rs-2025-26","141":"rizoma_bike-speed-triple-1200-rx-2025-26","142":"rizoma_bike-speed-twin-1200-2019-20","143":"rizoma_bike-speed-twin-1200-2021-24","144":"rizoma_bike-speed-twin-1200-2025-26","145":"rizoma_bike-speed-twin-1200-breitling-limited-edition-2022-24","146":"rizoma_bike-speed-twin-1200-rs-2025-26","147":"rizoma_bike-speed-twin-1200-stealth-edition-2024","148":"rizoma_bike-ss-1000-2003-06","149":"rizoma_bike-ss-1000-ds-2004-06","150":"rizoma_bike-ss-1000-h-f-2003","151":"rizoma_bike-ss-800-2003-05","152":"rizoma_bike-ss-800-h-f-2003","153":"rizoma_bike-street-triple-765-moto2-edition-2023-24","154":"rizoma_bike-street-triple-765-rs-2023-26","155":"rizoma_bike-street-triple-r-2017-20","156":"rizoma_bike-street-triple-rs-2017-19","157":"rizoma_bike-street-triple-rs-2020-22","158":"rizoma_bike-streetfighter-848-2011-15","159":"rizoma_bike-streetfighter-s-2009-14","160":"rizoma_bike-streetfighter-v2-2022-24","161":"rizoma_bike-streetfighter-v2-2025-26","162":"rizoma_bike-streetfighter-v2-955-green-2022-23","163":"rizoma_bike-streetfighter-v2-s-2025-26","164":"rizoma_bike-streetfighter-v4-2025-26","165":"rizoma_bike-streetfighter-v4-s-2025-26","166":"rizoma_bike-supersport-750-1999-02","167":"rizoma_bike-supersport-750-hf-i-e-1999-02","168":"rizoma_bike-supersport-900-1990","169":"rizoma_bike-supersport-900-1998-00","170":"rizoma_bike-supersport-900-hf-1998-00","171":"rizoma_bike-supersport-939-2017-20","172":"rizoma_bike-supersport-939-s-2017-20","173":"rizoma_bike-supersport-950-2021-24","174":"rizoma_bike-supersport-950-s-2021-24","175":"rizoma_bike-sv-650-s-1999-02","176":"rizoma_bike-thruxton-1200-r-2016","177":"rizoma_bike-thruxton-1200-r-2017-18","178":"rizoma_bike-thruxton-rs-chrome-edition-2023","179":"rizoma_bike-thruxton-rs-final-edition-2024-25","180":"rizoma_bike-tl-1000-s-1997-03","181":"rizoma_bike-tuono-v4-2021-24","182":"rizoma_bike-tuono-v4-2025-26","183":"rizoma_bike-tuono-v4-factory-2015-17","184":"rizoma_bike-tuono-v4-factory-2021-24","185":"rizoma_bike-tuono-v4-factory-2025-26","186":"rizoma_bike-tuono-v4-factory-speed-white-2023-24","187":"rizoma_bike-tuono-v4-r-2011-15","188":"rizoma_bike-tuono-v4-r-aprc-2011-13","189":"rizoma_bike-tuono-v4-r-aprc-abs-2013-15","190":"rizoma_bike-tuono-v4-rr-2015-17","191":"rizoma_bike-yzf-r1-2006","192":"rizoma_bike-yzf-r1-2007-08","193":"rizoma_bike-yzf-r1-sp1-2006","194":"rizoma_bike-yzf-r6-2010-16","195":"product_cat-reservoirs-fluide","197":"first","198":"outofstock","199":"taxable","200":"shipping-taxable","201":"purchasable","202":"product-type-variable"},"acf":[],"_links":{"self":[{"href":"https:\/\/www.rizoma.com\/fr\/wp-json\/wp\/v2\/product\/313936","targetHints":{"allow":["GET"]}}],"collection":[{"href":"https:\/\/www.rizoma.com\/fr\/wp-json\/wp\/v2\/product"}],"about":[{"href":"https:\/\/www.rizoma.com\/fr\/wp-json\/wp\/v2\/types\/product"}],"wp:featuredmedia":[{"embeddable":true,"href":"https:\/\/www.rizoma.com\/fr\/wp-json\/wp\/v2\/media\/293542"}],"wp:attachment":[{"href":"https:\/\/www.rizoma.com\/fr\/wp-json\/wp\/v2\/media?parent=313936"}],"wp:term":[{"taxonomy":"rizoma_assembly_time","embeddable":true,"href":"https:\/\/www.rizoma.com\/fr\/wp-json\/wp\/v2\/rizoma_assembly_time?post=313936"},{"taxonomy":"rizoma_bike","embeddable":true,"href":"https:\/\/www.rizoma.com\/fr\/wp-json\/wp\/v2\/rizoma_bike?post=313936"},{"taxonomy":"rizoma_division","embeddable":true,"href":"https:\/\/www.rizoma.com\/fr\/wp-json\/wp\/v2\/rizoma_division?post=313936"},{"taxonomy":"rizoma_family","embeddable":true,"href":"https:\/\/www.rizoma.com\/fr\/wp-json\/wp\/v2\/rizoma_family?post=313936"},{"taxonomy":"rizoma_model_category","embeddable":true,"href":"https:\/\/www.rizoma.com\/fr\/wp-json\/wp\/v2\/rizoma_model_category?post=313936"},{"taxonomy":"rizoma_product_template","embeddable":true,"href":"https:\/\/www.rizoma.com\/fr\/wp-json\/wp\/v2\/rizoma_product_template?post=313936"},{"taxonomy":"product_brand","embeddable":true,"href":"https:\/\/www.rizoma.com\/fr\/wp-json\/wp\/v2\/product_brand?post=313936"},{"taxonomy":"product_cat","embeddable":true,"href":"https:\/\/www.rizoma.com\/fr\/wp-json\/wp\/v2\/product_cat?post=313936"},{"taxonomy":"product_tag","embeddable":true,"href":"https:\/\/www.rizoma.com\/fr\/wp-json\/wp\/v2\/product_tag?post=313936"}],"curies":[{"name":"wp","href":"https:\/\/api.w.org\/{rel}","templated":true}]}}