{"id":313916,"date":"2024-11-21T16:09:30","date_gmt":"2024-11-21T15:09:30","guid":{"rendered":"https:\/\/rwp.rizoma.com\/negozio\/reservoir-fluide-de-frein-avant-ct027-2\/"},"modified":"2026-05-04T21:41:35","modified_gmt":"2026-05-04T19:41:35","slug":"reservoir-fluide-de-frein-avant-ct027","status":"publish","type":"product","link":"https:\/\/www.rizoma.com\/fr\/negozio\/reservoirs-fluide\/CT027\/reservoir-fluide-de-frein-avant-ct027\/","title":{"rendered":"R\u00e9servoir fluide de frein avant"},"content":{"rendered":"<p>Le design simple mais incomparable des r\u00e9servoirs Rizoma conf\u00e8re \u00e0 la moto un style \u00e9l\u00e9gant et soign\u00e9. Enti\u00e8rement taill\u00e9s dans la masse d\u2019aluminium, ils sont anodis\u00e9s\u00a0: ce traitement de surface, qui permet de proposer une vaste gamme de couleurs, est \u00e9galement une garantie de qualit\u00e9 et de dur\u00e9e. Certifi\u00e9s T\u00dcV\/ABE.<\/p>\n","protected":false},"excerpt":{"rendered":"<p>Le design simple mais incomparable des r\u00e9servoirs Rizoma conf\u00e8re \u00e0 la moto un style \u00e9l\u00e9gant et soign\u00e9. Enti\u00e8rement taill\u00e9s dans la masse d\u2019aluminium, ils sont anodis\u00e9s\u00a0: ce traitement de surface, qui permet de proposer une vaste gamme de couleurs, est \u00e9galement une garantie de qualit\u00e9 et de dur\u00e9e. Certifi\u00e9s T\u00dcV\/ABE.<\/p>\n","protected":false},"featured_media":293382,"template":"","meta":{"_acf_changed":false},"rizoma_assembly_time":[42691],"rizoma_bike":[41623,41624,41625,41626,41694,41695,41627,41628,41629,41630,41631,41987,41997,42138,42239,42371,42445,41837,42021,42446,41939,42617,42618,41644,41645,41770,41949,42092,44429,41533,41532,41534,41670,41671,41669,41672,41776,41676,41604,43718,41677,44005,43763,43762,41714,41715,41716,41865,42150,42324,42338,42151,42339,42625,42517,44018,41696,42136,42293,42137,42294,41707,41708,41709,41606,41710,44006,44007,44008,44009,42284,41702,41703,41704,41705,41706,41771,41921,41995,42139,41914,42039,42141,42295,42346,42410,42608,42609,42154,42392,42280,42393,42163,42394,44476,44477,42516,43912,42288,43892,42498,43707,41460,41461,41462,41841,42007,42124,41929,41842,42008,41896,44468,44469,41486,41487,41488,41489,41490,41491,41492,41493,41494,41495,41496,41498,41497,42341,42342,42587,42635,42518,41501,41502,41503,41504,41882,41815,41505,41582,42321,42451,42610,42322,42452,42611,42640,42470,42471,41792,42043,42067,41885,41889,42069,41796,41797,41942,41798,41871,41890,42029,42085,42143,42088,42086,42087,42213,44000,44001,44002,44003,44004,42402,43437,42403,43438,42308,42641,42310,42413,42642,42519,44013,42600,44019,42309,42643,42588,41681,41682,41683,41684,41685,41934,41786,41954,41686,41687,41688,41689,41690,41691,41791,41692,41693,43759,43760,43761,42311,43753,42214,42401,44431,44420,43754,42432,43699,42101,42215,42425,42197,42335,42477,42545,42546,44015,42153,44017,42539,42433,43700,42093,42216,42426,42162,43704,43705,42612,42102,44014,44016,42233,44361,42573,44362,42497,42397,42354,44364,42355,44363,42576,41618,41619,41620,41993,41910,41994,42134,41911,41752,41840,41980,41621,41761,41881,41983,42167,42302,42574,43701,42593,43389,42144,42149,42389,42594,44381,42268,42553,42412,43393,41736,41737,41738,41739,41740,41741,41570,41571,41833,41765,41834,41940,42115,42116,41941,42400,42547,43390,42365,44372,44376,41572,42169,42396,43684,42475,43683,42603,42528,42549,41574,41866,42044,41755,42045,42208,41968,41936,41513,41756,41514,42430,43893,42499,43894,42527,43755,42218,42313,42219,42314,42431,42580,42523,43756,42524,42312,41998,42052,42336,42337,41937,42047,42554,42599,41612,44408,44409,44411,44410,44412,42358,42466,44374,42356,44461,41891,42059,42131,42357,44462,42577,41438,41753,42127,41892,41990,42132,42084,42244,41679,41680,41945,42328,42329,42473,41955,42330,42457,42626,41717,41718,41719,41720,41721,41722,41723,41758,41915,41975,42195,41965,41916,41976,41724,42543,42196,41726,41727,41728,41729,41725,41615,41616,41617,41999,42458,42385,42459,42411,42544,44036,43993,41869,44399,44400,41530,41785,41788,42083,42366,42504,44471,42478,44472,42104,42257,42258,42370,42505,44473,43747,43917],"rizoma_division":[42651],"rizoma_family":[42699],"rizoma_model_category":[],"rizoma_product_template":[],"product_brand":[],"product_cat":[42688],"product_tag":[],"class_list":{"0":"post-313916","1":"product","2":"type-product","3":"status-publish","4":"has-post-thumbnail","6":"rizoma_bike-1098-2006-09","7":"rizoma_bike-1098-r-2007-11","8":"rizoma_bike-1098-r-bayliss-le-2009-11","9":"rizoma_bike-1098-s-2006-11","10":"rizoma_bike-1190-rc8-2008-09","11":"rizoma_bike-1190-rc8-r-2009-16","12":"rizoma_bike-1198-2009-12","13":"rizoma_bike-1198-r-corse-special-edition-2010-12","14":"rizoma_bike-1198-s","15":"rizoma_bike-1198-s-corse-special-edition-2010-12","16":"rizoma_bike-1198-sp-2011-12","17":"rizoma_bike-1290-super-adventure-r-2017-20","18":"rizoma_bike-1290-super-adventure-s-2017-20","19":"rizoma_bike-1290-super-duke-r-2019","20":"rizoma_bike-1290-super-duke-r-2020","21":"rizoma_bike-1290-super-duke-r-2021","22":"rizoma_bike-1290-super-duke-r-2022-23","23":"rizoma_bike-1290-super-duke-r-abs-2014-16","24":"rizoma_bike-1290-super-duke-r-abs-2017-18","25":"rizoma_bike-1290-super-duke-r-evo-2022-23","26":"rizoma_bike-1290-super-duke-r-se-abs-2016","27":"rizoma_bike-1390-super-duke-r-2024-26","28":"rizoma_bike-1390-super-duke-r-evo-2024-26","29":"rizoma_bike-848-2007-13","30":"rizoma_bike-848-evo-2010-12","31":"rizoma_bike-848-evo-corse-special-edition-2011-13","32":"rizoma_bike-959-panigale-2016-19","33":"rizoma_bike-959-panigale-corse-2018-19","34":"rizoma_bike-990-duke-r-2026","35":"rizoma_bike-990-super-duke-2005-07","36":"rizoma_bike-990-super-duke-2007-11","37":"rizoma_bike-990-super-duke-r-2009-11","38":"rizoma_bike-cbr-1000-rr-c-abs-2009-11","39":"rizoma_bike-cbr-1000-rr-fireblade-2004-05","40":"rizoma_bike-cbr-1000-rr-fireblade-2006-07","41":"rizoma_bike-cbr-1000-rr-fireblade-2008-11","42":"rizoma_bike-cbr-1000-rr-fireblade-2012-16","43":"rizoma_bike-cbr-600-rr-2007-08","44":"rizoma_bike-cbr-600-rr-2009-12","45":"rizoma_bike-cbr-600-rr-2024-26","46":"rizoma_bike-cbr-600-rr-c-abs-2009-12","47":"rizoma_bike-cbr-900-rr-fireblade-2002-04","48":"rizoma_bike-cvo-pan-america-2024","49":"rizoma_bike-cvo-pan-america-2025","50":"rizoma_bike-daytona-675-2006-08","51":"rizoma_bike-daytona-675-abs-2009-13","52":"rizoma_bike-daytona-675-r-2010-12","53":"rizoma_bike-daytona-675-r-abs-2009-16","54":"rizoma_bike-diavel-1260-2019-20","55":"rizoma_bike-diavel-1260-2021-22","56":"rizoma_bike-diavel-1260-lamborghini-2021","57":"rizoma_bike-diavel-1260-s-2019-20","58":"rizoma_bike-diavel-1260-s-2021-22","59":"rizoma_bike-diavel-for-bentley-2024","60":"rizoma_bike-diavel-v4-2023-26","61":"rizoma_bike-diavel-v4-rs-2026","62":"rizoma_bike-f3-675-2011-15","63":"rizoma_bike-ftr-1200-2019-20","64":"rizoma_bike-ftr-1200-2021-25","65":"rizoma_bike-ftr-1200-s-2019-20","66":"rizoma_bike-ftr-1200-s-2021-22","67":"rizoma_bike-gsx-r-600-2001-03","68":"rizoma_bike-gsx-r-600-2004-05","69":"rizoma_bike-gsx-r-600-2006-07","70":"rizoma_bike-gsx-r-600-2008-10","71":"rizoma_bike-gsx-r-600x-anniversary-2005-06","72":"rizoma_bike-gsx-r-750-1999-03","73":"rizoma_bike-gsx-r-750-2004-05","74":"rizoma_bike-gsx-r-750-2006-07","75":"rizoma_bike-gsx-r-750-2008-10","76":"rizoma_bike-gsx-r-750x-anniversary-2005","77":"rizoma_bike-gsx-r1000-2000-02","78":"rizoma_bike-gsx-r1000-2003-04","79":"rizoma_bike-gsx-r1000-2005-06","80":"rizoma_bike-gsx-r1000-2006-08","81":"rizoma_bike-gsx-r1000-2009-11","82":"rizoma_bike-gsx-r1000-2012-15","83":"rizoma_bike-gsx-r1000-2015","84":"rizoma_bike-gsx-r1000-2017-18","85":"rizoma_bike-gsx-r1000-2019-20","86":"rizoma_bike-gsx-r1000-abs-2015-16","87":"rizoma_bike-gsx-r1000r-2017-18","88":"rizoma_bike-gsx-r1000r-2019-20","89":"rizoma_bike-gsx-r1000r-anniversary-2020","90":"rizoma_bike-gsx-r1000r-legend-edition-2020","91":"rizoma_bike-gsx-r1000r-phantom-2022","92":"rizoma_bike-hypermotard-698-mono-2024-26","93":"rizoma_bike-hypermotard-698-mono-rve-2024-26","94":"rizoma_bike-hypermotard-950-2019-20","95":"rizoma_bike-hypermotard-950-2022-25","96":"rizoma_bike-hypermotard-950-rve-2020","97":"rizoma_bike-hypermotard-950-rve-2022-25","98":"rizoma_bike-hypermotard-950-sp-2019-20","99":"rizoma_bike-hypermotard-950-sp-2022-25","100":"rizoma_bike-hypermotard-v2-2026","101":"rizoma_bike-hypermotard-v2-sp-2026","102":"rizoma_bike-m-1000-r-2023-24","103":"rizoma_bike-m-1000-r-2025-26","104":"rizoma_bike-m-1000-rr-2023-24","105":"rizoma_bike-m-1000-rr-2025-26","106":"rizoma_bike-m-1000-rr-50-years-m-2022","107":"rizoma_bike-m-1000-xr-2024-26","108":"rizoma_bike-monster-1100-2009-10","109":"rizoma_bike-monster-1100-evo-2011-12","110":"rizoma_bike-monster-1100-s-2009-10","111":"rizoma_bike-monster-1200-2014-16","112":"rizoma_bike-monster-1200-2017-21","113":"rizoma_bike-monster-1200-25-anniversario-2018-19","114":"rizoma_bike-monster-1200-r-2016-19","115":"rizoma_bike-monster-1200-s-2014-16","116":"rizoma_bike-monster-1200-s-2017-21","117":"rizoma_bike-monster-1200-s-stripe-2014-15","118":"rizoma_bike-monster-890-2026","119":"rizoma_bike-monster-890-2026-1","120":"rizoma_bike-monster-900-1997-98","121":"rizoma_bike-monster-900-city-1998-02","122":"rizoma_bike-monster-900-city-dark-1999-02","123":"rizoma_bike-monster-900-city-dark-i-e-1999-02","124":"rizoma_bike-monster-900-city-i-e-1999-02","125":"rizoma_bike-monster-900-cromo-i-e-1999-02","126":"rizoma_bike-monster-900-dark-1999-02","127":"rizoma_bike-monster-900-dark-i-e-1999-02","128":"rizoma_bike-monster-900-i-e-1999-02","129":"rizoma_bike-monster-900-i-e-2002","130":"rizoma_bike-monster-900-s-1998-01","131":"rizoma_bike-monster-900-s4-2001-02","132":"rizoma_bike-monster-900-special-i-e-1999-02","133":"rizoma_bike-monster-937-2021-25","134":"rizoma_bike-monster-937-2021-25-1","135":"rizoma_bike-monster-937-30-anniversario-2023-24","136":"rizoma_bike-monster-937-senna-2024","137":"rizoma_bike-monster-937-sp-2023-25","138":"rizoma_bike-monster-s2r-1000-1","139":"rizoma_bike-monster-s4-2001-03","140":"rizoma_bike-monster-s4-fogarty-2002","141":"rizoma_bike-monster-s4r-2003-05","142":"rizoma_bike-monster-s4r-2006-08","143":"rizoma_bike-monster-s4r-testastretta","144":"rizoma_bike-monster-s4rs-testastretta-1","145":"rizoma_bike-mt-01-2005-11","146":"rizoma_bike-mt-09-2021","147":"rizoma_bike-mt-09-2022-23","148":"rizoma_bike-mt-09-2024-26","149":"rizoma_bike-mt-09-sp-2021","150":"rizoma_bike-mt-09-sp-2022-23","151":"rizoma_bike-mt-09-sp-2024-26","152":"rizoma_bike-mt-09-y-amt-2024-26","153":"rizoma_bike-mt-10-2022-26","154":"rizoma_bike-mt-10-sp-2022-25","155":"rizoma_bike-multistrada-1200-abs-2013-14","156":"rizoma_bike-multistrada-1200-enduro-2016-18","157":"rizoma_bike-multistrada-1200-enduro-pro-2017-18","158":"rizoma_bike-multistrada-1200-s-2013-14","159":"rizoma_bike-multistrada-1200-s-2015-17","160":"rizoma_bike-multistrada-1200-s-d-air-2017-18","161":"rizoma_bike-multistrada-1200-s-granturismo-2013-14","162":"rizoma_bike-multistrada-1200-s-pikes-peak-2013-14","163":"rizoma_bike-multistrada-1200-s-pikes-peak-2016-17","164":"rizoma_bike-multistrada-1200-s-touring-2013-14","165":"rizoma_bike-multistrada-1200-s-touring-d-air-2013-14","166":"rizoma_bike-multistrada-1200-s-touring-d-air-2014-16","167":"rizoma_bike-multistrada-1200-s-touring-d-air-2017","168":"rizoma_bike-multistrada-1260-2018-20","169":"rizoma_bike-multistrada-1260-enduro-2019-21","170":"rizoma_bike-multistrada-1260-pikes-peak-2018-20","171":"rizoma_bike-multistrada-1260-s-2018-20","172":"rizoma_bike-multistrada-1260-s-d-air-2018-20","173":"rizoma_bike-multistrada-1260-s-grand-tour-2020","174":"rizoma_bike-multistrada-950-2018","175":"rizoma_bike-multistrada-950-2019-20","176":"rizoma_bike-multistrada-950-2021","177":"rizoma_bike-multistrada-950-s-2019-20","178":"rizoma_bike-multistrada-950-s-2021","179":"rizoma_bike-multistrada-v2-2022-24","180":"rizoma_bike-multistrada-v2-2025-26","181":"rizoma_bike-multistrada-v2-s-2022-24","182":"rizoma_bike-multistrada-v2-s-2025-26","183":"rizoma_bike-multistrada-v4-2021-24","184":"rizoma_bike-multistrada-v4-2025-26","185":"rizoma_bike-multistrada-v4-1100-s-sport-2021","186":"rizoma_bike-multistrada-v4-pikes-peak-2021-24","187":"rizoma_bike-multistrada-v4-pikes-peak-2025-26","188":"rizoma_bike-multistrada-v4-rally-2023-25","189":"rizoma_bike-multistrada-v4-rally-2026","190":"rizoma_bike-multistrada-v4-rs-2024-25","191":"rizoma_bike-multistrada-v4-rs-2026","192":"rizoma_bike-multistrada-v4-s-2021-24","193":"rizoma_bike-multistrada-v4-s-2025-26","194":"rizoma_bike-multistrada-v4-s-grand-tour-2024","195":"rizoma_bike-ninja-1000-zx-10r-2004-05","196":"rizoma_bike-ninja-1000-zx-10r-2006-07","197":"rizoma_bike-ninja-1000-zx-10r-2008-09","198":"rizoma_bike-ninja-1000-zx-10r-2010-11","199":"rizoma_bike-ninja-1000-zx-10r-2011-15","200":"rizoma_bike-ninja-1000-zx-10r-2016","201":"rizoma_bike-ninja-1000-zx-10r-abs-2011-15","202":"rizoma_bike-ninja-1000-zx-10r-winter-edition-2016","203":"rizoma_bike-ninja-600-zx-6r-2000-02","204":"rizoma_bike-ninja-600-zx-6r-2007-08","205":"rizoma_bike-ninja-600-zx-6r-2009-16","206":"rizoma_bike-ninja-636-zx-6r-2002-03","207":"rizoma_bike-ninja-636-zx-6r-2003-04","208":"rizoma_bike-ninja-636-zx-6r-2005-06","209":"rizoma_bike-ninja-636-zx-6r-2013","210":"rizoma_bike-ninja-900-zx-9r-1998-01","211":"rizoma_bike-ninja-900-zx-9r-2002-05","212":"rizoma_bike-pan-america-1250-2020-25","213":"rizoma_bike-pan-america-1250-special-2020-25","214":"rizoma_bike-pan-america-1250-st-2025","215":"rizoma_bike-panigale-v2-2021-24","216":"rizoma_bike-panigale-v2-2025-26","217":"rizoma_bike-panigale-v2-955-2020","218":"rizoma_bike-panigale-v2-bayliss-1st-championship-20th-anniversary-2021-24","219":"rizoma_bike-panigale-v2-fb63-2026","220":"rizoma_bike-panigale-v2-mm93-2026","221":"rizoma_bike-panigale-v2-s-2025-26","222":"rizoma_bike-panigale-v4-2022-24","223":"rizoma_bike-panigale-v4-2025-26","224":"rizoma_bike-panigale-v4-1100-2018-19","225":"rizoma_bike-panigale-v4-1100-2020","226":"rizoma_bike-panigale-v4-1100-2021","227":"rizoma_bike-panigale-v4-1100-25-anniversario-2019-20","228":"rizoma_bike-panigale-v4-1100-sp-2021","229":"rizoma_bike-panigale-v4-1100-sp2-2022-23","230":"rizoma_bike-panigale-v4-bagnaia-2022-world-champion-replica-2023","231":"rizoma_bike-panigale-v4-bautista-2022-world-champion-replica-2023","232":"rizoma_bike-panigale-v4-lamborghini-2026","233":"rizoma_bike-panigale-v4-r-2023-24","234":"rizoma_bike-panigale-v4-r-2026","235":"rizoma_bike-panigale-v4-r-1000-2019-20","236":"rizoma_bike-panigale-v4-s-2022-24","237":"rizoma_bike-panigale-v4-s-2025-26","238":"rizoma_bike-panigale-v4-s-1100-2018-19","239":"rizoma_bike-panigale-v4-s-1100-2020","240":"rizoma_bike-panigale-v4-s-1100-2021","241":"rizoma_bike-panigale-v4-s-1100-corse-2019","242":"rizoma_bike-panigale-v4-s-carbon-2025-26","243":"rizoma_bike-panigale-v4-s-carbon-pro-2025-26","244":"rizoma_bike-panigale-v4-sp2-30-anniversario-916-2024","245":"rizoma_bike-panigale-v4-speciale-1100-2018-19","246":"rizoma_bike-panigale-v4-tricolore-2025-26","247":"rizoma_bike-panigale-v4-tricolore-italia-2025-26","248":"rizoma_bike-rs-660-2020-24","249":"rizoma_bike-rs-660-2025-26","250":"rizoma_bike-rs-660-extrema-2023-24","251":"rizoma_bike-rs-660-factory-2025-26","252":"rizoma_bike-rs-660-limited-edition-2020-23","253":"rizoma_bike-rs-660-trofeo-2021-22","254":"rizoma_bike-rsv4-1100-2021-24","255":"rizoma_bike-rsv4-1100-2025-26","256":"rizoma_bike-rsv4-1100-factory-2021-24","257":"rizoma_bike-rsv4-1100-factory-2025-26","258":"rizoma_bike-rsv4-1100-factory-speed-white-2023-24","259":"rizoma_bike-rsv4-factory-2009-12","260":"rizoma_bike-rsv4-factory-aprc-abs-2011-15","261":"rizoma_bike-rsv4-r-2009-12","262":"rizoma_bike-rsv4-rf-2017-19","263":"rizoma_bike-rsv4-rf-abs-2015-17","264":"rizoma_bike-rsv4-rr-2017-18","265":"rizoma_bike-rsv4-rr-2019-20","266":"rizoma_bike-rsv4-rr-abs-2015-17","267":"rizoma_bike-rsv4-rr-aprc-abs-2011-15","268":"rizoma_bike-s-1000-r-2014-16","269":"rizoma_bike-s-1000-r-2017-20","270":"rizoma_bike-s-1000-rr-2009-12","271":"rizoma_bike-s-1000-rr-2012-14","272":"rizoma_bike-s-1000-rr-2015-16","273":"rizoma_bike-s-1000-rr-2017-18","274":"rizoma_bike-s-1000-rr-2019-20","275":"rizoma_bike-s-1000-rr-2021-22","276":"rizoma_bike-s-1000-rr-2023-24","277":"rizoma_bike-s-1000-rr-2025-26","278":"rizoma_bike-scrambler-1200-x-2024-26","279":"rizoma_bike-scrambler-1200-x-icon-edition-2025-26","280":"rizoma_bike-scrambler-1200-xc-2019-20","281":"rizoma_bike-scrambler-1200-xe-2019-20","282":"rizoma_bike-scrambler-1200-xe-2021-23","283":"rizoma_bike-scrambler-1200-xe-2024-25","284":"rizoma_bike-scrambler-1200-xe-2026","285":"rizoma_bike-scrambler-1200-xe-bond-edition-2020","286":"rizoma_bike-scrambler-1200-xe-chrome-edition-2023","287":"rizoma_bike-scrambler-1200-xe-gold-line-edition-2021-22","288":"rizoma_bike-scrambler-1200-xe-icon-edition-2025-26","289":"rizoma_bike-sm-450-r-2006","290":"rizoma_bike-sm-450-r-2007","291":"rizoma_bike-sm-510-r-2005","292":"rizoma_bike-sm-510-r-2006","293":"rizoma_bike-sm-510-r-2007","294":"rizoma_bike-smr-450-2003-04","295":"rizoma_bike-speed-triple-1050-2005-11","296":"rizoma_bike-speed-triple-1050-2011-13","297":"rizoma_bike-speed-triple-1050-abs-2011-15","298":"rizoma_bike-speed-triple-1050-r-2011-13","299":"rizoma_bike-speed-triple-1050-r-abs-2011-15","300":"rizoma_bike-speed-triple-1050-r-abs-2016-17","301":"rizoma_bike-speed-triple-1050-rs-2018-20","302":"rizoma_bike-speed-triple-1050-s-2018-20","303":"rizoma_bike-speed-triple-1050-s-abs-2016-17","304":"rizoma_bike-speed-triple-1200-rr-2022-26","305":"rizoma_bike-speed-triple-1200-rr-bond-edition-2023","306":"rizoma_bike-speed-triple-1200-rr-breitling-edition-2024-25","307":"rizoma_bike-speed-triple-1200-rs-2021-24","308":"rizoma_bike-speed-triple-1200-rs-2025-26","309":"rizoma_bike-speed-triple-1200-rx-2025-26","310":"rizoma_bike-speed-triple-955-2002-04","311":"rizoma_bike-speed-twin-1200-2019-20","312":"rizoma_bike-speed-twin-1200-2021-24","313":"rizoma_bike-speed-twin-1200-2025-26","314":"rizoma_bike-speed-twin-1200-breitling-limited-edition-2022-24","315":"rizoma_bike-speed-twin-1200-rs-2025-26","316":"rizoma_bike-speed-twin-1200-stealth-edition-2024","317":"rizoma_bike-street-triple-765-moto2-edition-2023-24","318":"rizoma_bike-street-triple-765-rs-2023-26","319":"rizoma_bike-street-triple-r-2009-12","320":"rizoma_bike-street-triple-r-2013-14","321":"rizoma_bike-street-triple-r-2017-20","322":"rizoma_bike-street-triple-r-abs-2013-17","323":"rizoma_bike-street-triple-rs-2017-19","324":"rizoma_bike-street-triple-rs-2020-22","325":"rizoma_bike-street-triple-rx-abs-2016-17","326":"rizoma_bike-street-twin-900-2016","327":"rizoma_bike-streetfighter-2009-12","328":"rizoma_bike-streetfighter-848-2011-15","329":"rizoma_bike-streetfighter-s-2009-14","330":"rizoma_bike-streetfighter-v2-2022-24","331":"rizoma_bike-streetfighter-v2-2025-26","332":"rizoma_bike-streetfighter-v2-955-green-2022-23","333":"rizoma_bike-streetfighter-v2-s-2025-26","334":"rizoma_bike-streetfighter-v4-2023-24","335":"rizoma_bike-streetfighter-v4-2025-26","336":"rizoma_bike-streetfighter-v4-1100-2020","337":"rizoma_bike-streetfighter-v4-1100-2021-22","338":"rizoma_bike-streetfighter-v4-1100-s-2020","339":"rizoma_bike-streetfighter-v4-1100-s-2021-22","340":"rizoma_bike-streetfighter-v4-1100-sp-2022","341":"rizoma_bike-streetfighter-v4-lamborghini-2023-24","342":"rizoma_bike-streetfighter-v4-s-2023-24","343":"rizoma_bike-streetfighter-v4-s-2025-26","344":"rizoma_bike-streetfighter-v4-sp2-2023-24","345":"rizoma_bike-superleggera-v4-1000-2021-23","346":"rizoma_bike-supersport-939-2017-20","347":"rizoma_bike-supersport-939-s-2017-20","348":"rizoma_bike-supersport-950-2021-24","349":"rizoma_bike-supersport-950-s-2021-24","350":"rizoma_bike-thruxton-1200-r-2016","351":"rizoma_bike-thruxton-1200-r-2017-18","352":"rizoma_bike-thruxton-rs-chrome-edition-2023","353":"rizoma_bike-thruxton-rs-final-edition-2024-25","354":"rizoma_bike-tl-1000-r-1998-02","355":"rizoma_bike-tracer-9-2025-26","356":"rizoma_bike-tracer-9-gt-2025-26","357":"rizoma_bike-tracer-9-gt-y-amt-2025-26","358":"rizoma_bike-tracer-9-gtplus-y-amt-2025","359":"rizoma_bike-tracer-9-y-amt-2025-26","360":"rizoma_bike-tuono-660-2021-25","361":"rizoma_bike-tuono-660-factory-2022-24","362":"rizoma_bike-tuono-660-factory-2025-26","363":"rizoma_bike-tuono-v4-2021-24","364":"rizoma_bike-tuono-v4-2025-26","365":"rizoma_bike-tuono-v4-factory-2015-17","366":"rizoma_bike-tuono-v4-factory-2017-18","367":"rizoma_bike-tuono-v4-factory-2019-20","368":"rizoma_bike-tuono-v4-factory-2021-24","369":"rizoma_bike-tuono-v4-factory-2025-26","370":"rizoma_bike-tuono-v4-factory-speed-white-2023-24","371":"rizoma_bike-tuono-v4-r-2011-15","372":"rizoma_bike-tuono-v4-r-aprc-2011-13","373":"rizoma_bike-tuono-v4-r-aprc-abs-2013-15","374":"rizoma_bike-tuono-v4-rr-2015-17","375":"rizoma_bike-tuono-v4-rr-2017-18","376":"rizoma_bike-tuono-v4-rr-2019-20","377":"rizoma_bike-vitpilen-701-2018-19","378":"rizoma_bike-vitpilen-701-2020","379":"rizoma_bike-vtr-1000-sp-1-2000-01","380":"rizoma_bike-vtr-1000-sp-2-2002-06","381":"rizoma_bike-xdiavel-1262-2016-20","382":"rizoma_bike-xdiavel-1262-black-star-2021","383":"rizoma_bike-xdiavel-1262-dark-2021-24","384":"rizoma_bike-xdiavel-1262-nera-2022-23","385":"rizoma_bike-xdiavel-1262-s-2016-20","386":"rizoma_bike-xdiavel-1262-s-2021-24","387":"rizoma_bike-xsr-900-2022-24","388":"rizoma_bike-xsr-900-gp-2024-26","389":"rizoma_bike-yzf-r1-1998-99","390":"rizoma_bike-yzf-r1-2000-01","391":"rizoma_bike-yzf-r1-2002-03","392":"rizoma_bike-yzf-r1-2004-05","393":"rizoma_bike-yzf-r1-2006","394":"rizoma_bike-yzf-r1-2007-08","395":"rizoma_bike-yzf-r1-2009-11","396":"rizoma_bike-yzf-r1-2012-14","397":"rizoma_bike-yzf-r1-2015-16","398":"rizoma_bike-yzf-r1-2017-19","399":"rizoma_bike-yzf-r1-2020-25","400":"rizoma_bike-yzf-r1-60th-anniversary-2015-16","401":"rizoma_bike-yzf-r1-m-2015-16","402":"rizoma_bike-yzf-r1-m-2017-19","403":"rizoma_bike-yzf-r1-sp1-2006","404":"rizoma_bike-yzf-r1-world-gp-60th-anniversary-2022-23","405":"rizoma_bike-yzf-r1m-2020-25","406":"rizoma_bike-yzf-r6-1999-00","407":"rizoma_bike-yzf-r6-2001-02","408":"rizoma_bike-yzf-r6-2003-04","409":"rizoma_bike-yzf-r6-2005-06","410":"rizoma_bike-yzf-r6-2005","411":"rizoma_bike-yzf-r6-2006-07","412":"rizoma_bike-yzf-r6-2008-09","413":"rizoma_bike-yzf-r6-2010-16","414":"rizoma_bike-yzf-r6-2017-20","415":"rizoma_bike-yzf-r6-gytr-2022-26","416":"rizoma_bike-yzf-r6-race-2021","417":"rizoma_bike-yzf-r6-race-2022-26","418":"rizoma_bike-yzf-r7-2021-25","419":"rizoma_bike-yzf-r7-world-gp-60th-anniversary-2022-23","420":"rizoma_bike-yzf-r9-2025-26","421":"rizoma_bike-z-1000-sx-abs-2011-13","422":"rizoma_bike-z-1000-sx-abs-2014-16","423":"rizoma_bike-z-1100-2026","424":"rizoma_bike-z-1100-se-2026","425":"rizoma_bike-z-750-2007-14","426":"rizoma_bike-z-750-abs-2007-14","427":"rizoma_bike-z-750-r-2011-14","428":"rizoma_bike-z-900-rs-2018-20","429":"rizoma_bike-z-900-rs-2021","430":"rizoma_bike-z-900-rs-2022-25","431":"rizoma_bike-z-900-rs-2026","432":"rizoma_bike-z-900-rs-50th-anniversary-2022","433":"rizoma_bike-z-900-rs-black-ball-edition-2026","434":"rizoma_bike-z-900-rs-cafe-2018-21","435":"rizoma_bike-z-900-rs-cafe-performance-2020-21","436":"rizoma_bike-z-900-rs-performance-2020","437":"rizoma_bike-z-900-rs-performance-2021-22","438":"rizoma_bike-z-900-rs-se-2022-25","439":"rizoma_bike-z-900-rs-se-2026","440":"rizoma_bike-z-900-se-2025-26","441":"rizoma_bike-z-900-se-performance-2025-26","442":"product_cat-reservoirs-fluide","444":"first","445":"instock","446":"taxable","447":"shipping-taxable","448":"purchasable","449":"product-type-variable"},"acf":[],"_links":{"self":[{"href":"https:\/\/www.rizoma.com\/fr\/wp-json\/wp\/v2\/product\/313916","targetHints":{"allow":["GET"]}}],"collection":[{"href":"https:\/\/www.rizoma.com\/fr\/wp-json\/wp\/v2\/product"}],"about":[{"href":"https:\/\/www.rizoma.com\/fr\/wp-json\/wp\/v2\/types\/product"}],"wp:featuredmedia":[{"embeddable":true,"href":"https:\/\/www.rizoma.com\/fr\/wp-json\/wp\/v2\/media\/293382"}],"wp:attachment":[{"href":"https:\/\/www.rizoma.com\/fr\/wp-json\/wp\/v2\/media?parent=313916"}],"wp:term":[{"taxonomy":"rizoma_assembly_time","embeddable":true,"href":"https:\/\/www.rizoma.com\/fr\/wp-json\/wp\/v2\/rizoma_assembly_time?post=313916"},{"taxonomy":"rizoma_bike","embeddable":true,"href":"https:\/\/www.rizoma.com\/fr\/wp-json\/wp\/v2\/rizoma_bike?post=313916"},{"taxonomy":"rizoma_division","embeddable":true,"href":"https:\/\/www.rizoma.com\/fr\/wp-json\/wp\/v2\/rizoma_division?post=313916"},{"taxonomy":"rizoma_family","embeddable":true,"href":"https:\/\/www.rizoma.com\/fr\/wp-json\/wp\/v2\/rizoma_family?post=313916"},{"taxonomy":"rizoma_model_category","embeddable":true,"href":"https:\/\/www.rizoma.com\/fr\/wp-json\/wp\/v2\/rizoma_model_category?post=313916"},{"taxonomy":"rizoma_product_template","embeddable":true,"href":"https:\/\/www.rizoma.com\/fr\/wp-json\/wp\/v2\/rizoma_product_template?post=313916"},{"taxonomy":"product_brand","embeddable":true,"href":"https:\/\/www.rizoma.com\/fr\/wp-json\/wp\/v2\/product_brand?post=313916"},{"taxonomy":"product_cat","embeddable":true,"href":"https:\/\/www.rizoma.com\/fr\/wp-json\/wp\/v2\/product_cat?post=313916"},{"taxonomy":"product_tag","embeddable":true,"href":"https:\/\/www.rizoma.com\/fr\/wp-json\/wp\/v2\/product_tag?post=313916"}],"curies":[{"name":"wp","href":"https:\/\/api.w.org\/{rel}","templated":true}]}}