{"id":313826,"date":"2024-11-21T16:06:35","date_gmt":"2024-11-21T15:06:35","guid":{"rendered":"https:\/\/rwp.rizoma.com\/negozio\/kit-de-montage-retroviseur-pour-carenage-bs786\/"},"modified":"2025-01-14T10:45:05","modified_gmt":"2025-01-14T09:45:05","slug":"kit-de-montage-retroviseur-pour-carenage-bs786","status":"publish","type":"product","link":"https:\/\/www.rizoma.com\/fr\/negozio\/retroviseurs\/BS786\/kit-de-montage-retroviseur-pour-carenage-bs786\/motorbike\/7298\/honda\/cbr-1000-rr\/","title":{"rendered":"Kit de montage r\u00e9troviseur pour car\u00e9nage"},"content":{"rendered":"<p>Chaque adaptateur de r\u00e9troviseur Rizoma est r\u00e9alis\u00e9 sp\u00e9cifiquement pour le mod\u00e8le de moto correspondant, afin de garantir une fixation parfaite sur le car\u00e9nage. R\u00e9alis\u00e9s en Delrin\u00ae, un mat\u00e9riau robuste et aux propri\u00e9t\u00e9s m\u00e9caniques sp\u00e9cifiques, permettant de leur garantir robustesse et r\u00e9sistance dans le temps, m\u00eame en cas de fortes sollicitations.<\/p>\n","protected":false},"excerpt":{"rendered":"<p>Chaque adaptateur de r\u00e9troviseur Rizoma est r\u00e9alis\u00e9 sp\u00e9cifiquement pour le mod\u00e8le de moto correspondant, afin de garantir une fixation parfaite sur le car\u00e9nage. R\u00e9alis\u00e9s en Delrin\u00ae, un mat\u00e9riau robuste et aux propri\u00e9t\u00e9s m\u00e9caniques sp\u00e9cifiques, permettant de leur garantir robustesse et r\u00e9sistance dans le temps, m\u00eame en cas de fortes sollicitations.<\/p>\n","protected":false},"featured_media":297457,"template":"","meta":{"_acf_changed":false},"rizoma_assembly_time":[42675],"rizoma_bike":[41586,42253,41813,41774,41811,41812,41858,41859],"rizoma_division":[42651],"rizoma_family":[42667],"rizoma_model_category":[],"rizoma_product_template":[],"product_brand":[],"product_cat":[43939],"product_tag":[],"class_list":{"0":"post-313826","1":"product","2":"type-product","3":"status-publish","4":"has-post-thumbnail","6":"rizoma_bike-t-max-500-2008-12","7":"rizoma_bike-t-max-500-tech-max-2011-13","8":"rizoma_bike-t-max-500-white-max-2010-11","9":"rizoma_bike-t-max-530-abs-2012-14","10":"rizoma_bike-t-max-530-black-max-2012-14","11":"rizoma_bike-t-max-530-black-max-abs-2012-14","12":"rizoma_bike-t-max-530-bronze-max-2014","13":"rizoma_bike-t-max-530-bronze-max-abs-2014","14":"product_cat-retroviseurs","16":"first","17":"instock","18":"taxable","19":"shipping-taxable","20":"purchasable","21":"product-type-variable"},"acf":[],"_links":{"self":[{"href":"https:\/\/www.rizoma.com\/fr\/wp-json\/wp\/v2\/product\/313826","targetHints":{"allow":["GET"]}}],"collection":[{"href":"https:\/\/www.rizoma.com\/fr\/wp-json\/wp\/v2\/product"}],"about":[{"href":"https:\/\/www.rizoma.com\/fr\/wp-json\/wp\/v2\/types\/product"}],"wp:featuredmedia":[{"embeddable":true,"href":"https:\/\/www.rizoma.com\/fr\/wp-json\/wp\/v2\/media\/297457"}],"wp:attachment":[{"href":"https:\/\/www.rizoma.com\/fr\/wp-json\/wp\/v2\/media?parent=313826"}],"wp:term":[{"taxonomy":"rizoma_assembly_time","embeddable":true,"href":"https:\/\/www.rizoma.com\/fr\/wp-json\/wp\/v2\/rizoma_assembly_time?post=313826"},{"taxonomy":"rizoma_bike","embeddable":true,"href":"https:\/\/www.rizoma.com\/fr\/wp-json\/wp\/v2\/rizoma_bike?post=313826"},{"taxonomy":"rizoma_division","embeddable":true,"href":"https:\/\/www.rizoma.com\/fr\/wp-json\/wp\/v2\/rizoma_division?post=313826"},{"taxonomy":"rizoma_family","embeddable":true,"href":"https:\/\/www.rizoma.com\/fr\/wp-json\/wp\/v2\/rizoma_family?post=313826"},{"taxonomy":"rizoma_model_category","embeddable":true,"href":"https:\/\/www.rizoma.com\/fr\/wp-json\/wp\/v2\/rizoma_model_category?post=313826"},{"taxonomy":"rizoma_product_template","embeddable":true,"href":"https:\/\/www.rizoma.com\/fr\/wp-json\/wp\/v2\/rizoma_product_template?post=313826"},{"taxonomy":"product_brand","embeddable":true,"href":"https:\/\/www.rizoma.com\/fr\/wp-json\/wp\/v2\/product_brand?post=313826"},{"taxonomy":"product_cat","embeddable":true,"href":"https:\/\/www.rizoma.com\/fr\/wp-json\/wp\/v2\/product_cat?post=313826"},{"taxonomy":"product_tag","embeddable":true,"href":"https:\/\/www.rizoma.com\/fr\/wp-json\/wp\/v2\/product_tag?post=313826"}],"curies":[{"name":"wp","href":"https:\/\/api.w.org\/{rel}","templated":true}]}}