{"id":96435,"date":"2024-04-18T12:40:43","date_gmt":"2024-04-18T10:40:43","guid":{"rendered":"https:\/\/rizoma.com\/welcome\/"},"modified":"2025-09-18T14:26:27","modified_gmt":"2025-09-18T12:26:27","slug":"welcome","status":"publish","type":"page","link":"https:\/\/www.rizoma.com\/fr\/welcome\/","title":{"rendered":"Welcome"},"content":{"rendered":"\n<div class=\"wp-block-columns is-layout-flex wp-container-core-columns-is-layout-9d6595d7 wp-block-columns-is-layout-flex\">\n<div class=\"wp-block-column is-layout-flow wp-block-column-is-layout-flow\">\n<h3 class=\"wp-block-heading\">Instructions et avertissements de s\u00e9curit\u00e9<\/h3>\n\n\n\n<p><strong>Lisez attentivement ces informations avant d\u2019installer ou d\u2019utiliser le produit.<\/strong> Conservez ce guide pour r\u00e9f\u00e9rence future.<br><br>Rizoma d\u00e9cline toute responsabilit\u00e9 pour tout dommage, de quelque nature que ce soit, pouvant \u00eatre caus\u00e9, directement ou indirectement, \u00e0 des personnes ou \u00e0 des biens en raison d\u2019un montage incorrect ou du non-respect des instructions de montage.<\/p>\n<\/div>\n\n\n\n<div class=\"wp-block-column is-layout-flow wp-block-column-is-layout-flow\">\n<details class=\"wp-block-details is-layout-flow wp-block-details-is-layout-flow\"><summary>Montage<\/summary>\n<p>Rizoma recommande de toujours suivre attentivement les instructions de montage. En cas de doute sur l\u2019installation ou l\u2019utilisation du produit, contactez Rizoma ou le service client.<br>Les produits Rizoma peuvent ne pas \u00eatre compatibles avec votre moto ou des composants aftermarket d\u00e9j\u00e0 install\u00e9s. Pour votre s\u00e9curit\u00e9, contactez le service client et confiez l\u2019installation \u00e0 du personnel qualifi\u00e9.<br>Un montage, une r\u00e9paration ou un entretien incorrect peut causer des dommages.<\/p>\n\n\n\n<p>De plus, Rizoma recommande toujours d\u2019utiliser des cl\u00e9s mesur\u00e9es en millim\u00e8tres (mm). L\u2019utilisation de cl\u00e9s en pouces ne garantit pas une correspondance pr\u00e9cise avec la visserie, ce qui augmente le risque d\u2019endommager vis, \u00e9crous ou composants, et de ne pas obtenir un serrage correct, entra\u00eenant des dysfonctionnements et des risques pour la s\u00e9curit\u00e9.<\/p>\n<\/details>\n\n\n\n<details class=\"wp-block-details is-layout-flow wp-block-details-is-layout-flow\"><summary>Homologation<\/summary>\n<p>Veuillez toujours faire v\u00e9rifier et enregistrer tous les accessoires soumis \u00e0 homologation aupr\u00e8s de l\u2019autorit\u00e9 comp\u00e9tente, afin de mettre \u00e0 jour la documentation du v\u00e9hicule si n\u00e9cessaire.<\/p>\n<\/details>\n\n\n\n<details class=\"wp-block-details is-layout-flow wp-block-details-is-layout-flow\"><summary>Entretien<\/summary>\n<p>Les produits Rizoma n\u00e9cessitent un entretien r\u00e9gulier. Dans tous les cas, il est conseill\u00e9 de ne pas r\u00e9parer ni modifier les produits Rizoma de votre propre initiative, et de toujours remplacer les composants par des pi\u00e8ces d\u00e9tach\u00e9es d\u2019origine Rizoma.<\/p>\n<\/details>\n<\/div>\n<\/div>\n","protected":false},"excerpt":{"rendered":"<p>Instructions et avertissements de s\u00e9curit\u00e9 Lisez attentivement ces informations avant d\u2019installer ou d\u2019utiliser le produit. Conservez ce guide pour r\u00e9f\u00e9rence future. Rizoma d\u00e9cline toute responsabilit\u00e9 pour tout dommage, de quelque nature que ce soit, pouvant \u00eatre caus\u00e9, directement ou indirectement, \u00e0 des personnes ou \u00e0 des biens en raison d\u2019un montage incorrect ou du non-respect [&hellip;]<\/p>\n","protected":false},"author":26,"featured_media":0,"parent":0,"menu_order":0,"comment_status":"closed","ping_status":"closed","template":"page-welcome.php","meta":{"_acf_changed":false,"footnotes":""},"class_list":["post-96435","page","type-page","status-publish","hentry"],"acf":[],"_links":{"self":[{"href":"https:\/\/www.rizoma.com\/fr\/wp-json\/wp\/v2\/pages\/96435","targetHints":{"allow":["GET"]}}],"collection":[{"href":"https:\/\/www.rizoma.com\/fr\/wp-json\/wp\/v2\/pages"}],"about":[{"href":"https:\/\/www.rizoma.com\/fr\/wp-json\/wp\/v2\/types\/page"}],"author":[{"embeddable":true,"href":"https:\/\/www.rizoma.com\/fr\/wp-json\/wp\/v2\/users\/26"}],"replies":[{"embeddable":true,"href":"https:\/\/www.rizoma.com\/fr\/wp-json\/wp\/v2\/comments?post=96435"}],"version-history":[{"count":0,"href":"https:\/\/www.rizoma.com\/fr\/wp-json\/wp\/v2\/pages\/96435\/revisions"}],"wp:attachment":[{"href":"https:\/\/www.rizoma.com\/fr\/wp-json\/wp\/v2\/media?parent=96435"}],"curies":[{"name":"wp","href":"https:\/\/api.w.org\/{rel}","templated":true}]}}