{"id":343337,"date":"2026-03-02T17:24:55","date_gmt":"2026-03-02T16:24:55","guid":{"rendered":"https:\/\/www.rizoma.com\/?page_id=343337"},"modified":"2026-03-05T16:46:43","modified_gmt":"2026-03-05T15:46:43","slug":"gift-card-rizoma-bonus","status":"publish","type":"page","link":"https:\/\/www.rizoma.com\/fr\/gift-card-rizoma-bonus\/","title":{"rendered":"Gift Card Rizoma Bonus"},"content":{"rendered":"<div class=\"acf-innerblocks-container\">\n\n<section class=\"promo-gift-card \" id=\"block_b2473fb2eea1001db661c17bd1dce363\">\n\n  <div class=\"promo-gift-card-hero\">\n    <picture>\n      <source media=\"(max-width: 767px)\" srcset=\"\/wp-content\/uploads\/giftcard-bonus\/FR\/Home-Rizoma-Days_mobile.jpg\" alt=\"Rizoma Promo\">\n      <img decoding=\"async\" src=\"\/wp-content\/uploads\/giftcard-bonus\/FR\/Home-Rizoma-Days_desktop.jpg\" alt=\"Rizoma Promo\">\n    <\/picture>\n  <\/div>\n\n  <div class=\"promo-gift-card-container\">\n    <div class=\"promo-header\">\n      <h1>Boost ta moto.<\/h1>\n      <p class=\"subtitle\">PLUS VOUS ACHETEZ, PLUS VOUS RECEVEZ.<\/p>\n      <div class=\"description\">\n        Du 9 au 15 mars, achetez sur <strong>rizoma.com<strong> pour recevoir une E-Gift Card de valeur de fonction de la valeur de l&#8217;achat. La E-Gift Card sera envoy\u00e9e par e-mail et pourra \u00eatre utilis\u00e9e lors de votre prochain achat.      <\/div>\n    <\/div>\n\n          <div class=\"promo-table\">\n        <div class=\"table-row table-header\">\n          <div class=\"col\">VOTRE COMMANDE<\/div>\n          <div class=\"col\">VOUS RECEVEZ<\/div>\n        <\/div>\n                  <div class=\"table-row\">\n            <div class=\"col\">\u20ac 350<\/div>\n            <div class=\"col\">\n              \u20ac 50 E-Gift Card            <\/div>\n          <\/div>\n                  <div class=\"table-row\">\n            <div class=\"col\">\u20ac 700<\/div>\n            <div class=\"col\">\n              \u20ac 100 E-Gift Card            <\/div>\n          <\/div>\n                  <div class=\"table-row\">\n            <div class=\"col\">\u20ac 1.500<\/div>\n            <div class=\"col\">\n              \u20ac 250 E-Gift Card            <\/div>\n          <\/div>\n              <\/div>\n      <\/div>\n\n  <div class=\"promo-faq-section\">\n    <div class=\"faq-single-column\">\n\n      <div class=\"faq-intro\">\n        <h2>Comment \u00e7a marche:<\/h2>\n      <\/div>\n\n      <div class=\"faq-main-layout\">\n        <div class=\"faq-content-wrapper\">\n                      <div class=\"accordion-block\">\n              <ul class=\"accordion js-accordion\">\n                                  <li class=\"faq-item\">\n                    <a class=\"accordion-item opener js-accordion-opener\" href=\"#\">\n                      <div class=\"row-between\">\n                        <div class=\"faq-title\">\n                          <span>\n                            QUAND RECEVRAI-JE LA E-GIFT CARD?                          <\/span>\n                        <\/div>\n                        <div class=\"icon-container\"><span class=\"icon-plus\"><\/span><\/div>\n                      <\/div>\n                    <\/a>\n                    <div class=\"js-accordion-slide\">\n                      <div class=\"accordion-content\">\n                        Le code unique pour l&#8217;utilisation de la E-Gift Card sera envoy\u00e9 par e-mail au moment de l&#8217;achat, mais il ne sera actif et utilisable qu&#8217;apr\u00e8s vingt (20) jours \u00e0 compter de la livraison effective des produits achet\u00e9s pendant l&#8217;offre Rizoma Days, \u00e0 condition qu&#8217;aucune demande de retour n\u2019ait \u00e9t\u00e9 effectu\u00e9e pour la totalit\u00e9 de la commande. D\u00e9couvrez tous les d\u00e9tails de l\u2019initiative en consultant les <a href=\"https:\/\/www.rizoma.com\/fr\/condizioni-generali-di-vendita\/\" style=\"text-decoration: underline;\">Termes et Conditions Rizoma Days.<\/a>                      <\/div>\n                    <\/div>\n                  <\/li>\n                                  <li class=\"faq-item\">\n                    <a class=\"accordion-item opener js-accordion-opener\" href=\"#\">\n                      <div class=\"row-between\">\n                        <div class=\"faq-title\">\n                          <span>\n                            QUELLE EST LA VALIDIT\u00c9 DE LA E-GIFT CARD?                          <\/span>\n                        <\/div>\n                        <div class=\"icon-container\"><span class=\"icon-plus\"><\/span><\/div>\n                      <\/div>\n                    <\/a>\n                    <div class=\"js-accordion-slide\">\n                      <div class=\"accordion-content\">\n                        La E-Gift Card est valable 1 an (365 jours) \u00e0 compter de la date d&#8217;activation. Pour plus d&#8217;informations et de limitations, consultez les <a href=\"https:\/\/www.rizoma.com\/fr\/condizioni-generali-di-vendita\/\" style=\"text-decoration: underline;\">Termes et Conditions Rizoma Days.<\/a>                      <\/div>\n                    <\/div>\n                  <\/li>\n                                  <li class=\"faq-item\">\n                    <a class=\"accordion-item opener js-accordion-opener\" href=\"#\">\n                      <div class=\"row-between\">\n                        <div class=\"faq-title\">\n                          <span>\n                            PUIS-JE OFFRIR LA E-GIFT CARD ?                          <\/span>\n                        <\/div>\n                        <div class=\"icon-container\"><span class=\"icon-plus\"><\/span><\/div>\n                      <\/div>\n                    <\/a>\n                    <div class=\"js-accordion-slide\">\n                      <div class=\"accordion-content\">\n                        Oui. La E-Gift Card Rizoma Days peut \u00eatre offerte \u00e0 une autre personne, qui pourra l&#8217;utiliser pour un achat sur rizoma.com. Pour le faire, il suffit d&#8217;envoyer le code d&#8217;utilisation re\u00e7u \u00e0 la personne souhait\u00e9e. Pour plus d&#8217;informations et de limitations, consultez les <a href=\"https:\/\/www.rizoma.com\/fr\/condizioni-generali-di-vendita\/\" style=\"text-decoration: underline;\">Termes et Conditions Rizoma Days.<\/a>                      <\/div>\n                    <\/div>\n                  <\/li>\n                              <\/ul>\n            <\/div>\n          \n          <div class=\"faq-disclaimer\">\n            Cette initiative ne s&#8217;applique pas aux commandes pass\u00e9es pr\u00e9c\u00e9demment. <br><br>\r\n<strong>Disponible exclusivement sur rizoma.com du 9 au 15 mars 2026.<\/strong>          <\/div>\n        <\/div>\n      <\/div>\n\n              <a href=\"https:\/\/www.rizoma.com\/fr\/motorcycle\" class=\"rz-button-link\">\n          <button class=\"rz-button\">\n                          <span>Aller aux produits<\/span>\n                      <\/button>\n        <\/a>\n          <\/div>\n\n  <\/div>\n<\/section>\n<\/div>\n","protected":false},"excerpt":{"rendered":"","protected":false},"author":363,"featured_media":0,"parent":0,"menu_order":0,"comment_status":"closed","ping_status":"closed","template":"","meta":{"_acf_changed":true,"footnotes":""},"class_list":["post-343337","page","type-page","status-publish","hentry"],"acf":[],"_links":{"self":[{"href":"https:\/\/www.rizoma.com\/fr\/wp-json\/wp\/v2\/pages\/343337","targetHints":{"allow":["GET"]}}],"collection":[{"href":"https:\/\/www.rizoma.com\/fr\/wp-json\/wp\/v2\/pages"}],"about":[{"href":"https:\/\/www.rizoma.com\/fr\/wp-json\/wp\/v2\/types\/page"}],"author":[{"embeddable":true,"href":"https:\/\/www.rizoma.com\/fr\/wp-json\/wp\/v2\/users\/363"}],"replies":[{"embeddable":true,"href":"https:\/\/www.rizoma.com\/fr\/wp-json\/wp\/v2\/comments?post=343337"}],"version-history":[{"count":0,"href":"https:\/\/www.rizoma.com\/fr\/wp-json\/wp\/v2\/pages\/343337\/revisions"}],"wp:attachment":[{"href":"https:\/\/www.rizoma.com\/fr\/wp-json\/wp\/v2\/media?parent=343337"}],"curies":[{"name":"wp","href":"https:\/\/api.w.org\/{rel}","templated":true}]}}