{"id":345959,"date":"2026-04-28T04:05:19","date_gmt":"2026-04-28T02:05:19","guid":{"rendered":"http:\/\/rwp.rizoma.com\/negozio\/estriberas-adicionales-para-off-road-hrc-pe660\/"},"modified":"2026-04-28T04:05:34","modified_gmt":"2026-04-28T02:05:34","slug":"estriberas-adicionales-para-off-road-hrc-pe660","status":"publish","type":"product","link":"https:\/\/www.rizoma.com\/es\/negozio\/estriberas\/HRC-PE660\/estriberas-adicionales-para-off-road-hrc-pe660\/","title":{"rendered":"Estriberas adicionales para off-road"},"content":{"rendered":"<p>Estriberas off-road fabricadas en aluminio mecanizado a partir de bloque macizo.<br \/>El dentado exterior, en acero satinado, est\u00e1 orientado para evitar la p\u00e9rdida de adherencia lateral, especialmente cuando el piloto ejerce una mayor presi\u00f3n con el pie en la parte m\u00e1s externa de la estribera.<\/p>\n<p>Con certificaci\u00f3n T\u00dcV.<\/p>\n","protected":false},"excerpt":{"rendered":"<p>Estriberas off-road fabricadas en aluminio mecanizado a partir de bloque macizo.El dentado exterior, en acero satinado, est\u00e1 orientado para evitar la p\u00e9rdida de adherencia lateral, especialmente cuando el piloto ejerce una mayor presi\u00f3n con el pie en la parte m\u00e1s externa de la estribera. Con certificaci\u00f3n T\u00dcV.<\/p>\n","protected":false},"featured_media":297292,"template":"","meta":{"_acf_changed":false},"rizoma_assembly_time":[42664],"rizoma_bike":[42018,42112,42119,42068,42113],"rizoma_division":[42653],"rizoma_family":[],"rizoma_model_category":[],"rizoma_product_template":[],"product_brand":[],"product_cat":[42752],"product_tag":[],"class_list":{"0":"post-345959","1":"product","2":"type-product","3":"status-publish","4":"has-post-thumbnail","6":"rizoma_bike-x-adv-750-2017","7":"rizoma_bike-x-adv-750-2018-20","8":"rizoma_bike-x-adv-750-desert-track-2018-20","9":"rizoma_bike-x-adv-750-travel-edition-2017","10":"rizoma_bike-x-adv-750-travel-edition-2018-20","11":"product_cat-estriberas","13":"first","14":"outofstock","15":"sale","16":"taxable","17":"shipping-taxable","18":"purchasable","19":"product-type-variable"},"acf":[],"_links":{"self":[{"href":"https:\/\/www.rizoma.com\/es\/wp-json\/wp\/v2\/product\/345959","targetHints":{"allow":["GET"]}}],"collection":[{"href":"https:\/\/www.rizoma.com\/es\/wp-json\/wp\/v2\/product"}],"about":[{"href":"https:\/\/www.rizoma.com\/es\/wp-json\/wp\/v2\/types\/product"}],"wp:featuredmedia":[{"embeddable":true,"href":"https:\/\/www.rizoma.com\/es\/wp-json\/wp\/v2\/media\/297292"}],"wp:attachment":[{"href":"https:\/\/www.rizoma.com\/es\/wp-json\/wp\/v2\/media?parent=345959"}],"wp:term":[{"taxonomy":"rizoma_assembly_time","embeddable":true,"href":"https:\/\/www.rizoma.com\/es\/wp-json\/wp\/v2\/rizoma_assembly_time?post=345959"},{"taxonomy":"rizoma_bike","embeddable":true,"href":"https:\/\/www.rizoma.com\/es\/wp-json\/wp\/v2\/rizoma_bike?post=345959"},{"taxonomy":"rizoma_division","embeddable":true,"href":"https:\/\/www.rizoma.com\/es\/wp-json\/wp\/v2\/rizoma_division?post=345959"},{"taxonomy":"rizoma_family","embeddable":true,"href":"https:\/\/www.rizoma.com\/es\/wp-json\/wp\/v2\/rizoma_family?post=345959"},{"taxonomy":"rizoma_model_category","embeddable":true,"href":"https:\/\/www.rizoma.com\/es\/wp-json\/wp\/v2\/rizoma_model_category?post=345959"},{"taxonomy":"rizoma_product_template","embeddable":true,"href":"https:\/\/www.rizoma.com\/es\/wp-json\/wp\/v2\/rizoma_product_template?post=345959"},{"taxonomy":"product_brand","embeddable":true,"href":"https:\/\/www.rizoma.com\/es\/wp-json\/wp\/v2\/product_brand?post=345959"},{"taxonomy":"product_cat","embeddable":true,"href":"https:\/\/www.rizoma.com\/es\/wp-json\/wp\/v2\/product_cat?post=345959"},{"taxonomy":"product_tag","embeddable":true,"href":"https:\/\/www.rizoma.com\/es\/wp-json\/wp\/v2\/product_tag?post=345959"}],"curies":[{"name":"wp","href":"https:\/\/api.w.org\/{rel}","templated":true}]}}