{"id":345244,"date":"2026-04-08T04:06:03","date_gmt":"2026-04-08T02:06:03","guid":{"rendered":"http:\/\/rwp.rizoma.com\/negozio\/stealth-max-bss221\/"},"modified":"2026-04-08T04:07:37","modified_gmt":"2026-04-08T02:07:37","slug":"stealth-max-bss221","status":"publish","type":"product","link":"https:\/\/www.rizoma.com\/es\/negozio\/espejos-retrovisores\/BSS221\/stealth-max-bss221\/","title":{"rendered":"Stealth Max"},"content":{"rendered":"<p>Stealth Max para supersport: lo m\u00e1s esperado ya es realidad. Dise\u00f1ado para realzar el car\u00e1cter de las motos m\u00e1s deportivas, Stealth Sport Max interpreta la visi\u00f3n de Rizoma a trav\u00e9s de un dise\u00f1o aerodin\u00e1mico evolucionado y una elevada calidad de fabricaci\u00f3n. Un accesorio que combina est\u00e9tica, prestaciones y homologaci\u00f3n europea, llevando a la carretera toda la precisi\u00f3n de ingenier\u00eda y producci\u00f3n de Rizoma.<\/p>\n","protected":false},"excerpt":{"rendered":"<p>Stealth Max para supersport: lo m\u00e1s esperado ya es realidad. Dise\u00f1ado para realzar el car\u00e1cter de las motos m\u00e1s deportivas, Stealth Sport Max interpreta la visi\u00f3n de Rizoma a trav\u00e9s de un dise\u00f1o aerodin\u00e1mico evolucionado y una elevada calidad de fabricaci\u00f3n. Un accesorio que combina est\u00e9tica, prestaciones y homologaci\u00f3n europea, llevando a la carretera toda [&hellip;]<\/p>\n","protected":false},"featured_media":344719,"template":"","meta":{"_acf_changed":false},"rizoma_assembly_time":[42664],"rizoma_bike":[42195,42543,42196],"rizoma_division":[42653],"rizoma_family":[42972],"rizoma_model_category":[],"rizoma_product_template":[],"product_brand":[],"product_cat":[43943],"product_tag":[],"class_list":{"0":"post-345244","1":"product","2":"type-product","3":"status-publish","4":"has-post-thumbnail","6":"rizoma_bike-yzf-r1-2020-25","7":"rizoma_bike-yzf-r1-world-gp-60th-anniversary-2022-23","8":"rizoma_bike-yzf-r1m-2020-25","9":"product_cat-espejos-retrovisores","11":"first","12":"outofstock","13":"taxable","14":"shipping-taxable","15":"purchasable","16":"product-type-variable"},"acf":[],"_links":{"self":[{"href":"https:\/\/www.rizoma.com\/es\/wp-json\/wp\/v2\/product\/345244","targetHints":{"allow":["GET"]}}],"collection":[{"href":"https:\/\/www.rizoma.com\/es\/wp-json\/wp\/v2\/product"}],"about":[{"href":"https:\/\/www.rizoma.com\/es\/wp-json\/wp\/v2\/types\/product"}],"wp:featuredmedia":[{"embeddable":true,"href":"https:\/\/www.rizoma.com\/es\/wp-json\/wp\/v2\/media\/344719"}],"wp:attachment":[{"href":"https:\/\/www.rizoma.com\/es\/wp-json\/wp\/v2\/media?parent=345244"}],"wp:term":[{"taxonomy":"rizoma_assembly_time","embeddable":true,"href":"https:\/\/www.rizoma.com\/es\/wp-json\/wp\/v2\/rizoma_assembly_time?post=345244"},{"taxonomy":"rizoma_bike","embeddable":true,"href":"https:\/\/www.rizoma.com\/es\/wp-json\/wp\/v2\/rizoma_bike?post=345244"},{"taxonomy":"rizoma_division","embeddable":true,"href":"https:\/\/www.rizoma.com\/es\/wp-json\/wp\/v2\/rizoma_division?post=345244"},{"taxonomy":"rizoma_family","embeddable":true,"href":"https:\/\/www.rizoma.com\/es\/wp-json\/wp\/v2\/rizoma_family?post=345244"},{"taxonomy":"rizoma_model_category","embeddable":true,"href":"https:\/\/www.rizoma.com\/es\/wp-json\/wp\/v2\/rizoma_model_category?post=345244"},{"taxonomy":"rizoma_product_template","embeddable":true,"href":"https:\/\/www.rizoma.com\/es\/wp-json\/wp\/v2\/rizoma_product_template?post=345244"},{"taxonomy":"product_brand","embeddable":true,"href":"https:\/\/www.rizoma.com\/es\/wp-json\/wp\/v2\/product_brand?post=345244"},{"taxonomy":"product_cat","embeddable":true,"href":"https:\/\/www.rizoma.com\/es\/wp-json\/wp\/v2\/product_cat?post=345244"},{"taxonomy":"product_tag","embeddable":true,"href":"https:\/\/www.rizoma.com\/es\/wp-json\/wp\/v2\/product_tag?post=345244"}],"curies":[{"name":"wp","href":"https:\/\/api.w.org\/{rel}","templated":true}]}}